{"id":935,"date":"2025-06-10T14:11:46","date_gmt":"2025-06-10T11:11:46","guid":{"rendered":"https:\/\/bthk.iseri.net\/?page_id=935"},"modified":"2025-10-28T14:23:38","modified_gmt":"2025-10-28T12:23:38","slug":"yasalar","status":"publish","type":"page","link":"https:\/\/www.bthk.org\/en\/yasalar\/","title":{"rendered":"Legislation"},"content":{"rendered":"<div data-elementor-type=\"wp-page\" data-elementor-id=\"935\" class=\"elementor elementor-935\" data-elementor-post-type=\"page\">\n\t\t\t\t<div class=\"elementor-element elementor-element-6c6c36e e-flex e-con-boxed e-con e-parent\" data-id=\"6c6c36e\" data-element_type=\"container\" data-e-type=\"container\" id=\"main\">\n\t\t\t\t\t<div class=\"e-con-inner\">\n\t\t\t\t<div class=\"elementor-element elementor-element-da323b5 elementor-widget elementor-widget-heading\" data-id=\"da323b5\" data-element_type=\"widget\" data-e-type=\"widget\" data-widget_type=\"heading.default\">\n\t\t\t\t<div class=\"elementor-widget-container\">\n\t\t\t\t\t<h2 class=\"elementor-heading-title elementor-size-default\">Legislation<\/h2>\t\t\t\t<\/div>\n\t\t\t\t<\/div>\n\t\t\t\t<div class=\"elementor-element elementor-element-3adf4a5 animated-slow elementor-widget-divider--view-line elementor-invisible elementor-widget elementor-widget-divider\" data-id=\"3adf4a5\" data-element_type=\"widget\" data-e-type=\"widget\" data-settings=\"{&quot;_animation&quot;:&quot;zoomIn&quot;}\" data-widget_type=\"divider.default\">\n\t\t\t\t<div class=\"elementor-widget-container\">\n\t\t\t\t\t\t\t<div class=\"elementor-divider\">\n\t\t\t<span class=\"elementor-divider-separator\">\n\t\t\t\t\t\t<\/span>\n\t\t<\/div>\n\t\t\t\t\t\t<\/div>\n\t\t\t\t<\/div>\n\t\t\t\t\t<\/div>\n\t\t\t\t<\/div>\n\t\t<div class=\"elementor-element elementor-element-9044910 e-flex e-con-boxed e-con e-parent\" data-id=\"9044910\" data-element_type=\"container\" data-e-type=\"container\">\n\t\t\t\t\t<div class=\"e-con-inner\">\n\t\t<div class=\"elementor-element elementor-element-580386f e-con-full e-flex e-con e-child\" data-id=\"580386f\" data-element_type=\"container\" data-e-type=\"container\">\n\t\t\t\t<div class=\"elementor-element elementor-element-f6f704f elementor-widget elementor-widget-heading\" data-id=\"f6f704f\" data-element_type=\"widget\" data-e-type=\"widget\" data-widget_type=\"heading.default\">\n\t\t\t\t<div class=\"elementor-widget-container\">\n\t\t\t\t\t<h2 class=\"elementor-heading-title elementor-size-default\">Applicable Laws<\/h2>\t\t\t\t<\/div>\n\t\t\t\t<\/div>\n\t\t\t\t<div class=\"elementor-element elementor-element-0917674 elementor-widget-divider--view-line elementor-invisible elementor-widget elementor-widget-divider\" data-id=\"0917674\" data-element_type=\"widget\" data-e-type=\"widget\" data-settings=\"{&quot;_animation&quot;:&quot;fadeInLeft&quot;}\" data-widget_type=\"divider.default\">\n\t\t\t\t<div class=\"elementor-widget-container\">\n\t\t\t\t\t\t\t<div class=\"elementor-divider\">\n\t\t\t<span class=\"elementor-divider-separator\">\n\t\t\t\t\t\t<\/span>\n\t\t<\/div>\n\t\t\t\t\t\t<\/div>\n\t\t\t\t<\/div>\n\t\t\t\t<\/div>\n\t\t\t\t\t<\/div>\n\t\t\t\t<\/div>\n\t\t<div class=\"elementor-element elementor-element-cafef37 e-flex e-con-boxed e-con e-parent\" data-id=\"cafef37\" data-element_type=\"container\" data-e-type=\"container\">\n\t\t\t\t\t<div class=\"e-con-inner\">\n\t\t\t\t<div class=\"elementor-element elementor-element-6a84036 e-n-tabs-mobile elementor-widget elementor-widget-n-tabs\" data-id=\"6a84036\" data-element_type=\"widget\" data-e-type=\"widget\" data-settings=\"{&quot;tabs_justify_horizontal&quot;:&quot;start&quot;,&quot;horizontal_scroll&quot;:&quot;disable&quot;}\" data-widget_type=\"nested-tabs.default\">\n\t\t\t\t<div class=\"elementor-widget-container\">\n\t\t\t\t\t\t\t<div class=\"e-n-tabs\" data-widget-number=\"111689782\" aria-label=\"Tabs. Open items with Enter or Space, close with Escape and navigate using the Arrow keys.\" data-no-translation-aria-label=\"\">\n\t\t\t<div class=\"e-n-tabs-heading\" role=\"tablist\">\n\t\t\t\t\t<button id=\"e-n-tab-title-1116897821\" data-tab-title-id=\"e-n-tab-title-1116897821\" class=\"e-n-tab-title\" aria-selected=\"true\" data-tab-index=\"1\" role=\"tab\" tabindex=\"0\" aria-controls=\"e-n-tab-content-1116897821\" style=\"--n-tabs-title-order: 1;\">\n\t\t\t\t\t\t<span class=\"e-n-tab-title-text\">\n\t\t\t\tElectronic Communications Law\t\t\t<\/span>\n\t\t<\/button>\n\t\t\t\t<button id=\"e-n-tab-title-1116897822\" data-tab-title-id=\"e-n-tab-title-1116897822\" class=\"e-n-tab-title\" aria-selected=\"false\" data-tab-index=\"2\" role=\"tab\" tabindex=\"-1\" aria-controls=\"e-n-tab-content-1116897822\" style=\"--n-tabs-title-order: 2;\">\n\t\t\t\t\t\t<span class=\"e-n-tab-title-text\">\n\t\t\t\tElectronic Signature Law\t\t\t<\/span>\n\t\t<\/button>\n\t\t\t\t<button id=\"e-n-tab-title-1116897823\" data-tab-title-id=\"e-n-tab-title-1116897823\" class=\"e-n-tab-title\" aria-selected=\"false\" data-tab-index=\"3\" role=\"tab\" tabindex=\"-1\" aria-controls=\"e-n-tab-content-1116897823\" style=\"--n-tabs-title-order: 3;\">\n\t\t\t\t\t\t<span class=\"e-n-tab-title-text\">\n\t\t\t\tLaw on Cyber Crimes\t\t\t<\/span>\n\t\t<\/button>\n\t\t\t\t\t<\/div>\n\t\t\t<div class=\"e-n-tabs-content\">\n\t\t\t\t<div id=\"e-n-tab-content-1116897821\" role=\"tabpanel\" aria-labelledby=\"e-n-tab-title-1116897821\" data-tab-index=\"1\" style=\"--n-tabs-title-order: 1;\" class=\"e-active elementor-element elementor-element-43cac44 e-con-full e-flex e-con e-child\" data-id=\"43cac44\" data-element_type=\"container\" data-e-type=\"container\">\n\t\t\t\t<div class=\"elementor-element elementor-element-83c83f6 elementor-widget elementor-widget-text-editor\" data-id=\"83c83f6\" data-element_type=\"widget\" data-e-type=\"widget\" data-widget_type=\"text-editor.default\">\n\t\t\t\t<div class=\"elementor-widget-container\">\n\t\t\t\t\t\t\t\t\t<ul><li><a class=\"external-link\" href=\"https:\/\/www.bthk.org\/en\/Documents\/yasa-duzenleme\/EHY%20birle\u015ftirilmi\u015f.pdf\/\" target=\"_blank\" rel=\"noopener\">Integrated Electronic Communications Law<\/a><\/li><li><a class=\"external-link\" href=\"https:\/\/www.bthk.org\/en\/Documents\/yasa-duzenleme\/ehy%20resmi%20gazete%202025.pdf\/\" target=\"_blank\" rel=\"noopener\">Yasa De\u011fi\u015fikli\u011fi 23-2025<\/a><\/li><li><a class=\"external-link\" href=\"https:\/\/www.bthk.org\/en\/Documents\/yasa-duzenleme\/Yasa%20De%c4%9fi%c5%9fikli%c4%9fi%2011-2022.pdf\/\" target=\"_blank\" rel=\"noopener\">Amendment to Law No. 11-2022<\/a><\/li><li><a class=\"external-link\" href=\"https:\/\/www.bthk.org\/Documents\/yasa-duzenleme\/31-2019.pdf\" target=\"_blank\" rel=\"noopener\">Amendment to Law No. 11-2022<\/a><\/li><li><a href=\"https:\/\/www.bthk.org\/en\/Documents\/yasa-duzenleme\/yasa%2027.2019.pdf\/\" target=\"_blank\" rel=\"noopener\">Amendment to Law No. 39-2016<\/a><\/li><li><a class=\"external-link\" href=\"https:\/\/www.bthk.org\/en\/Documents\/yasa-duzenleme\/Yasa_de%c4%9fi%c5%9fikli%c4%9fi_39-2016.pdf\/\" target=\"_blank\" rel=\"noopener\">Amendment to Law No. 39-2016<\/a><\/li><li><a class=\"external-link\" href=\"https:\/\/www.bthk.org\/en\/Documents\/yasa-duzenleme\/21-2014%20yasa.pdf\/\" target=\"_blank\" rel=\"noopener\">Amendment to Law No. 21-2014<\/a><\/li><li><a class=\"external-link\" href=\"https:\/\/www.bthk.org\/Documents\/yasa-duzenleme\/elektronik-haberlesme-yasasi-RG.pdf\" target=\"_blank\" rel=\"noopener\">Electronic Communications Law No. 6 of 2012<\/a><\/li><\/ul>\t\t\t\t\t\t\t\t<\/div>\n\t\t\t\t<\/div>\n\t\t\t\t<\/div>\n\t\t<div id=\"e-n-tab-content-1116897822\" role=\"tabpanel\" aria-labelledby=\"e-n-tab-title-1116897822\" data-tab-index=\"2\" style=\"--n-tabs-title-order: 2;\" class=\"elementor-element elementor-element-91a1317 e-con-full e-flex e-con e-child\" data-id=\"91a1317\" data-element_type=\"container\" data-e-type=\"container\">\n\t\t\t\t<div class=\"elementor-element elementor-element-7ab43ca elementor-widget elementor-widget-text-editor\" data-id=\"7ab43ca\" data-element_type=\"widget\" data-e-type=\"widget\" data-widget_type=\"text-editor.default\">\n\t\t\t\t<div class=\"elementor-widget-container\">\n\t\t\t\t\t\t\t\t\t<ul><li><a class=\"external-link\" href=\"https:\/\/www.bthk.org\/Documents\/yasa-duzenleme\/elektronik_imza_yasasi_93-2007.pdf\" target=\"_blank\" rel=\"noopener\">Electronic Signature Law No. 93-2007<\/a><\/li><\/ul>\t\t\t\t\t\t\t\t<\/div>\n\t\t\t\t<\/div>\n\t\t\t\t<\/div>\n\t\t<div id=\"e-n-tab-content-1116897823\" role=\"tabpanel\" aria-labelledby=\"e-n-tab-title-1116897823\" data-tab-index=\"3\" style=\"--n-tabs-title-order: 3;\" class=\"elementor-element elementor-element-ecc46c7 e-con-full e-flex e-con e-child\" data-id=\"ecc46c7\" data-element_type=\"container\" data-e-type=\"container\">\n\t\t\t\t<div class=\"elementor-element elementor-element-dae4284 elementor-widget elementor-widget-text-editor\" data-id=\"dae4284\" data-element_type=\"widget\" data-e-type=\"widget\" data-widget_type=\"text-editor.default\">\n\t\t\t\t<div class=\"elementor-widget-container\">\n\t\t\t\t\t\t\t\t\t<ul><li><a class=\"external-link\" href=\"https:\/\/www.bthk.org\/en\/Documents\/yasa-duzenleme\/Bili%c5%9fim%20Su%c3%a7lar%c4%b1%20Yasas%c4%b1.pdf\/\" target=\"_blank\" rel=\"noopener\">Cybercrime Law No. 32-2020<\/a><\/li><\/ul>\t\t\t\t\t\t\t\t<\/div>\n\t\t\t\t<\/div>\n\t\t\t\t<\/div>\n\t\t\t\t\t<\/div>\n\t\t<\/div>\n\t\t\t\t\t\t<\/div>\n\t\t\t\t<\/div>\n\t\t\t\t\t<\/div>\n\t\t\t\t<\/div>\n\t\t\t\t<\/div>","protected":false},"excerpt":{"rendered":"<p>Yasalar Y\u00fcr\u00fcrl\u00fckteki Yasalar Elektronik Haberle\u015fme Yasas\u0131 Elektronik \u0130mza Yasas\u0131 Bili\u015fim Su\u00e7lar\u0131 Yasas\u0131 Birle\u015ftirilmi\u015f Elektronik Haberle\u015fme Yasas\u0131 Yasa De\u011fi\u015fikli\u011fi 23-2025 Yasa De\u011fi\u015fikli\u011fi 11-2022 Yasa De\u011fi\u015fikli\u011fi 31-2019 Yasa De\u011fi\u015fikli\u011fi 27-2019 Yasa De\u011fi\u015fikli\u011fi 39-2016 Yasa De\u011fi\u015fikli\u011fi 21-2014 Elektronik Haberle\u015fme Yasas\u0131 6-2012 Elektronik \u0130mza Yasas\u0131 93-2007 Bili\u015fim Su\u00e7lar\u0131 Yasas\u0131 32-2020 Birle\u015ftirilmi\u015f Elektronik Haberle\u015fme Yasas\u0131 Yasa De\u011fi\u015fikli\u011fi 23-2025 Yasa De\u011fi\u015fikli\u011fi&#8230;<\/p>","protected":false},"author":3,"featured_media":0,"parent":0,"menu_order":0,"comment_status":"closed","ping_status":"closed","template":"elementor_header_footer","meta":{"_kad_post_transparent":"default","_kad_post_title":"hide","_kad_post_layout":"fullwidth","_kad_post_sidebar_id":"","_kad_post_content_style":"unboxed","_kad_post_vertical_padding":"hide","_kad_post_feature":"hide","_kad_post_feature_position":"","_kad_post_header":false,"_kad_post_footer":false,"_kad_post_classname":"","footnotes":""},"class_list":["post-935","page","type-page","status-publish","hentry"],"yoast_head":"<!-- This site is optimized with the Yoast SEO plugin v27.4 - https:\/\/yoast.com\/product\/yoast-seo-wordpress\/ -->\n<title>Yasalar - Bilgi Teknolojileri ve Haberle\u015fme Kurumu<\/title>\n<meta name=\"robots\" content=\"index, follow, max-snippet:-1, max-image-preview:large, max-video-preview:-1\" \/>\n<link rel=\"canonical\" href=\"https:\/\/www.bthk.org\/en\/yasalar\/\" \/>\n<meta property=\"og:locale\" content=\"en_GB\" \/>\n<meta property=\"og:type\" content=\"article\" \/>\n<meta property=\"og:title\" content=\"Yasalar - Bilgi Teknolojileri ve Haberle\u015fme Kurumu\" \/>\n<meta property=\"og:description\" content=\"Yasalar Y\u00fcr\u00fcrl\u00fckteki Yasalar Elektronik Haberle\u015fme Yasas\u0131 Elektronik \u0130mza Yasas\u0131 Bili\u015fim Su\u00e7lar\u0131 Yasas\u0131 Birle\u015ftirilmi\u015f Elektronik Haberle\u015fme Yasas\u0131 Yasa De\u011fi\u015fikli\u011fi 23-2025 Yasa De\u011fi\u015fikli\u011fi 11-2022 Yasa De\u011fi\u015fikli\u011fi 31-2019 Yasa De\u011fi\u015fikli\u011fi 27-2019 Yasa De\u011fi\u015fikli\u011fi 39-2016 Yasa De\u011fi\u015fikli\u011fi 21-2014 Elektronik Haberle\u015fme Yasas\u0131 6-2012 Elektronik \u0130mza Yasas\u0131 93-2007 Bili\u015fim Su\u00e7lar\u0131 Yasas\u0131 32-2020 Birle\u015ftirilmi\u015f Elektronik Haberle\u015fme Yasas\u0131 Yasa De\u011fi\u015fikli\u011fi 23-2025 Yasa De\u011fi\u015fikli\u011fi...\" \/>\n<meta property=\"og:url\" content=\"https:\/\/www.bthk.org\/en\/yasalar\/\" \/>\n<meta property=\"og:site_name\" content=\"Bilgi Teknolojileri ve Haberle\u015fme Kurumu\" \/>\n<meta property=\"article:publisher\" content=\"https:\/\/www.facebook.com\/BTHKurumu\" \/>\n<meta property=\"article:modified_time\" content=\"2025-10-28T12:23:38+00:00\" \/>\n<meta name=\"twitter:card\" content=\"summary_large_image\" \/>\n<meta name=\"twitter:label1\" content=\"Estimated reading time\" \/>\n\t<meta name=\"twitter:data1\" content=\"1 minute\" \/>\n<script type=\"application\/ld+json\" class=\"yoast-schema-graph\">{\"@context\":\"https:\\\/\\\/schema.org\",\"@graph\":[{\"@type\":\"WebPage\",\"@id\":\"https:\\\/\\\/www.bthk.org\\\/yasalar\\\/\",\"url\":\"https:\\\/\\\/www.bthk.org\\\/yasalar\\\/\",\"name\":\"Yasalar - Bilgi Teknolojileri ve Haberle\u015fme Kurumu\",\"isPartOf\":{\"@id\":\"https:\\\/\\\/www.bthk.org\\\/#website\"},\"datePublished\":\"2025-06-10T11:11:46+00:00\",\"dateModified\":\"2025-10-28T12:23:38+00:00\",\"breadcrumb\":{\"@id\":\"https:\\\/\\\/www.bthk.org\\\/yasalar\\\/#breadcrumb\"},\"inLanguage\":\"en-GB\",\"potentialAction\":[{\"@type\":\"ReadAction\",\"target\":[\"https:\\\/\\\/www.bthk.org\\\/yasalar\\\/\"]}]},{\"@type\":\"BreadcrumbList\",\"@id\":\"https:\\\/\\\/www.bthk.org\\\/yasalar\\\/#breadcrumb\",\"itemListElement\":[{\"@type\":\"ListItem\",\"position\":1,\"name\":\"Anasayfa\",\"item\":\"https:\\\/\\\/www.bthk.org\\\/\"},{\"@type\":\"ListItem\",\"position\":2,\"name\":\"Yasalar\"}]},{\"@type\":\"WebSite\",\"@id\":\"https:\\\/\\\/www.bthk.org\\\/#website\",\"url\":\"https:\\\/\\\/www.bthk.org\\\/\",\"name\":\"Bilgi Teknolojileri ve Haberle\u015fme Kurumu\",\"description\":\"\",\"publisher\":{\"@id\":\"https:\\\/\\\/www.bthk.org\\\/#organization\"},\"potentialAction\":[{\"@type\":\"SearchAction\",\"target\":{\"@type\":\"EntryPoint\",\"urlTemplate\":\"https:\\\/\\\/www.bthk.org\\\/?s={search_term_string}\"},\"query-input\":{\"@type\":\"PropertyValueSpecification\",\"valueRequired\":true,\"valueName\":\"search_term_string\"}}],\"inLanguage\":\"en-GB\"},{\"@type\":\"Organization\",\"@id\":\"https:\\\/\\\/www.bthk.org\\\/#organization\",\"name\":\"Bilgi Teknolojileri ve Haberle\u015fme Kurumu\",\"url\":\"https:\\\/\\\/www.bthk.org\\\/\",\"logo\":{\"@type\":\"ImageObject\",\"inLanguage\":\"en-GB\",\"@id\":\"https:\\\/\\\/www.bthk.org\\\/#\\\/schema\\\/logo\\\/image\\\/\",\"url\":\"https:\\\/\\\/www.bthk.org\\\/wp-content\\\/uploads\\\/2025\\\/05\\\/bthk-logo.png\",\"contentUrl\":\"https:\\\/\\\/www.bthk.org\\\/wp-content\\\/uploads\\\/2025\\\/05\\\/bthk-logo.png\",\"width\":278,\"height\":130,\"caption\":\"Bilgi Teknolojileri ve Haberle\u015fme Kurumu\"},\"image\":{\"@id\":\"https:\\\/\\\/www.bthk.org\\\/#\\\/schema\\\/logo\\\/image\\\/\"},\"sameAs\":[\"https:\\\/\\\/www.facebook.com\\\/BTHKurumu\",\"https:\\\/\\\/www.instagram.com\\\/kktcbthk?igsh=NzMxa20zc3QydHBi\"]}]}<\/script>\n<!-- \/ Yoast SEO plugin. -->","yoast_head_json":{"title":"Yasalar - Bilgi Teknolojileri ve Haberle\u015fme Kurumu","robots":{"index":"index","follow":"follow","max-snippet":"max-snippet:-1","max-image-preview":"max-image-preview:large","max-video-preview":"max-video-preview:-1"},"canonical":"https:\/\/www.bthk.org\/en\/yasalar\/","og_locale":"en_GB","og_type":"article","og_title":"Yasalar - Bilgi Teknolojileri ve Haberle\u015fme Kurumu","og_description":"Yasalar Y\u00fcr\u00fcrl\u00fckteki Yasalar Elektronik Haberle\u015fme Yasas\u0131 Elektronik \u0130mza Yasas\u0131 Bili\u015fim Su\u00e7lar\u0131 Yasas\u0131 Birle\u015ftirilmi\u015f Elektronik Haberle\u015fme Yasas\u0131 Yasa De\u011fi\u015fikli\u011fi 23-2025 Yasa De\u011fi\u015fikli\u011fi 11-2022 Yasa De\u011fi\u015fikli\u011fi 31-2019 Yasa De\u011fi\u015fikli\u011fi 27-2019 Yasa De\u011fi\u015fikli\u011fi 39-2016 Yasa De\u011fi\u015fikli\u011fi 21-2014 Elektronik Haberle\u015fme Yasas\u0131 6-2012 Elektronik \u0130mza Yasas\u0131 93-2007 Bili\u015fim Su\u00e7lar\u0131 Yasas\u0131 32-2020 Birle\u015ftirilmi\u015f Elektronik Haberle\u015fme Yasas\u0131 Yasa De\u011fi\u015fikli\u011fi 23-2025 Yasa De\u011fi\u015fikli\u011fi...","og_url":"https:\/\/www.bthk.org\/en\/yasalar\/","og_site_name":"Bilgi Teknolojileri ve Haberle\u015fme Kurumu","article_publisher":"https:\/\/www.facebook.com\/BTHKurumu","article_modified_time":"2025-10-28T12:23:38+00:00","twitter_card":"summary_large_image","twitter_misc":{"Estimated reading time":"1 minute"},"schema":{"@context":"https:\/\/schema.org","@graph":[{"@type":"WebPage","@id":"https:\/\/www.bthk.org\/yasalar\/","url":"https:\/\/www.bthk.org\/yasalar\/","name":"Yasalar - Bilgi Teknolojileri ve Haberle\u015fme Kurumu","isPartOf":{"@id":"https:\/\/www.bthk.org\/#website"},"datePublished":"2025-06-10T11:11:46+00:00","dateModified":"2025-10-28T12:23:38+00:00","breadcrumb":{"@id":"https:\/\/www.bthk.org\/yasalar\/#breadcrumb"},"inLanguage":"en-GB","potentialAction":[{"@type":"ReadAction","target":["https:\/\/www.bthk.org\/yasalar\/"]}]},{"@type":"BreadcrumbList","@id":"https:\/\/www.bthk.org\/yasalar\/#breadcrumb","itemListElement":[{"@type":"ListItem","position":1,"name":"Anasayfa","item":"https:\/\/www.bthk.org\/"},{"@type":"ListItem","position":2,"name":"Yasalar"}]},{"@type":"WebSite","@id":"https:\/\/www.bthk.org\/#website","url":"https:\/\/www.bthk.org\/","name":"Bilgi Teknolojileri ve Haberle\u015fme Kurumu","description":"","publisher":{"@id":"https:\/\/www.bthk.org\/#organization"},"potentialAction":[{"@type":"SearchAction","target":{"@type":"EntryPoint","urlTemplate":"https:\/\/www.bthk.org\/?s={search_term_string}"},"query-input":{"@type":"PropertyValueSpecification","valueRequired":true,"valueName":"search_term_string"}}],"inLanguage":"en-GB"},{"@type":"Organization","@id":"https:\/\/www.bthk.org\/#organization","name":"Bilgi Teknolojileri ve Haberle\u015fme Kurumu","url":"https:\/\/www.bthk.org\/","logo":{"@type":"ImageObject","inLanguage":"en-GB","@id":"https:\/\/www.bthk.org\/#\/schema\/logo\/image\/","url":"https:\/\/www.bthk.org\/wp-content\/uploads\/2025\/05\/bthk-logo.png","contentUrl":"https:\/\/www.bthk.org\/wp-content\/uploads\/2025\/05\/bthk-logo.png","width":278,"height":130,"caption":"Bilgi Teknolojileri ve Haberle\u015fme Kurumu"},"image":{"@id":"https:\/\/www.bthk.org\/#\/schema\/logo\/image\/"},"sameAs":["https:\/\/www.facebook.com\/BTHKurumu","https:\/\/www.instagram.com\/kktcbthk?igsh=NzMxa20zc3QydHBi"]}]}},"_links":{"self":[{"href":"https:\/\/www.bthk.org\/en\/wp-json\/wp\/v2\/pages\/935","targetHints":{"allow":["GET"]}}],"collection":[{"href":"https:\/\/www.bthk.org\/en\/wp-json\/wp\/v2\/pages"}],"about":[{"href":"https:\/\/www.bthk.org\/en\/wp-json\/wp\/v2\/types\/page"}],"author":[{"embeddable":true,"href":"https:\/\/www.bthk.org\/en\/wp-json\/wp\/v2\/users\/3"}],"replies":[{"embeddable":true,"href":"https:\/\/www.bthk.org\/en\/wp-json\/wp\/v2\/comments?post=935"}],"version-history":[{"count":0,"href":"https:\/\/www.bthk.org\/en\/wp-json\/wp\/v2\/pages\/935\/revisions"}],"wp:attachment":[{"href":"https:\/\/www.bthk.org\/en\/wp-json\/wp\/v2\/media?parent=935"}],"curies":[{"name":"wp","href":"https:\/\/api.w.org\/{rel}","templated":true}]}}