{"id":881,"date":"2025-06-10T13:28:23","date_gmt":"2025-06-10T10:28:23","guid":{"rendered":"https:\/\/bthk.iseri.net\/?page_id=881"},"modified":"2025-06-24T23:20:51","modified_gmt":"2025-06-24T20:20:51","slug":"temel-degerler","status":"publish","type":"page","link":"https:\/\/www.bthk.org\/en\/temel-degerler\/","title":{"rendered":"Core Values"},"content":{"rendered":"<div data-elementor-type=\"wp-page\" data-elementor-id=\"881\" class=\"elementor elementor-881\" data-elementor-post-type=\"page\">\n\t\t\t\t<div class=\"elementor-element elementor-element-39f17ea e-flex e-con-boxed e-con e-parent\" data-id=\"39f17ea\" data-element_type=\"container\" data-e-type=\"container\">\n\t\t\t\t\t<div class=\"e-con-inner\">\n\t\t\t\t<div class=\"elementor-element elementor-element-9093ddc elementor-widget elementor-widget-heading\" data-id=\"9093ddc\" data-element_type=\"widget\" data-e-type=\"widget\" data-widget_type=\"heading.default\">\n\t\t\t\t<div class=\"elementor-widget-container\">\n\t\t\t\t\t<h1 class=\"elementor-heading-title elementor-size-default\">Core Values<\/h1>\t\t\t\t<\/div>\n\t\t\t\t<\/div>\n\t\t\t\t<div class=\"elementor-element elementor-element-a09de59 animated-slow elementor-widget-divider--view-line elementor-invisible elementor-widget elementor-widget-divider\" data-id=\"a09de59\" data-element_type=\"widget\" data-e-type=\"widget\" data-settings=\"{&quot;_animation&quot;:&quot;zoomIn&quot;}\" data-widget_type=\"divider.default\">\n\t\t\t\t<div class=\"elementor-widget-container\">\n\t\t\t\t\t\t\t<div class=\"elementor-divider\">\n\t\t\t<span class=\"elementor-divider-separator\">\n\t\t\t\t\t\t<\/span>\n\t\t<\/div>\n\t\t\t\t\t\t<\/div>\n\t\t\t\t<\/div>\n\t\t\t\t\t<\/div>\n\t\t\t\t<\/div>\n\t\t<div class=\"elementor-element elementor-element-5d8dc06 e-flex e-con-boxed e-con e-parent\" data-id=\"5d8dc06\" data-element_type=\"container\" data-e-type=\"container\">\n\t\t\t\t\t<div class=\"e-con-inner\">\n\t\t\t\t<div class=\"elementor-element elementor-element-463d135 elementor-widget__width-inherit animated-slow elementor-align-left elementor-invisible elementor-widget elementor-widget-xpro-infolist\" data-id=\"463d135\" data-element_type=\"widget\" data-e-type=\"widget\" data-settings=\"{&quot;_animation&quot;:&quot;xpro-anim-mask-from-up&quot;}\" data-widget_type=\"xpro-infolist.default\">\n\t\t\t\t<div class=\"elementor-widget-container\">\n\t\t\t\t\t<ul class=\"xpro-infolist-wrapper xpro-infolist-layout-vertical\">\n\t\t\t<li class=\"xpro-infolist-item elementor-repeater-item-d9755c7\">\n\t\t\t\t\t\t\t\t\t\t<div class=\"xpro-infolist-media xpro-infolist-media-type-icon\">\n\t\t\t\t\t<svg aria-hidden=\"true\" class=\"e-font-icon-svg e-fas-check\" viewbox=\"0 0 512 512\" xmlns=\"http:\/\/www.w3.org\/2000\/svg\"><path d=\"M173.898 439.404l-166.4-166.4c-9.997-9.997-9.997-26.206 0-36.204l36.203-36.204c9.997-9.998 26.207-9.998 36.204 0L192 312.69 432.095 72.596c9.997-9.997 26.207-9.997 36.204 0l36.203 36.204c9.997 9.997 9.997 26.206 0 36.204l-294.4 294.401c-9.998 9.997-26.207 9.997-36.204-.001z\"><\/path><\/svg>\t\t\t\t<\/div>\n\t\t\t\n\t\t\t<div class=\"xpro-infolist-content\">\n\t\t\t\t                <h2 class=\"xpro-infolist-title\"> Honesty and Fairness <\/h2>\n                \t\t\t\t\t\t\t<\/div>\n\t\t\t\t\t<\/li>\n\t\t\t<li class=\"xpro-infolist-item elementor-repeater-item-37c8b95\">\n\t\t\t\t\t\t\t\t\t\t<div class=\"xpro-infolist-media xpro-infolist-media-type-icon\">\n\t\t\t\t\t<svg aria-hidden=\"true\" class=\"e-font-icon-svg e-fas-check\" viewbox=\"0 0 512 512\" xmlns=\"http:\/\/www.w3.org\/2000\/svg\"><path d=\"M173.898 439.404l-166.4-166.4c-9.997-9.997-9.997-26.206 0-36.204l36.203-36.204c9.997-9.998 26.207-9.998 36.204 0L192 312.69 432.095 72.596c9.997-9.997 26.207-9.997 36.204 0l36.203 36.204c9.997 9.997 9.997 26.206 0 36.204l-294.4 294.401c-9.998 9.997-26.207 9.997-36.204-.001z\"><\/path><\/svg>\t\t\t\t<\/div>\n\t\t\t\n\t\t\t<div class=\"xpro-infolist-content\">\n\t\t\t\t                <h2 class=\"xpro-infolist-title\"> Respect for Individuals <\/h2>\n                \t\t\t\t\t\t\t<\/div>\n\t\t\t\t\t<\/li>\n\t\t\t<li class=\"xpro-infolist-item elementor-repeater-item-423e775\">\n\t\t\t\t\t\t\t\t\t\t<div class=\"xpro-infolist-media xpro-infolist-media-type-icon\">\n\t\t\t\t\t<svg aria-hidden=\"true\" class=\"e-font-icon-svg e-fas-check\" viewbox=\"0 0 512 512\" xmlns=\"http:\/\/www.w3.org\/2000\/svg\"><path d=\"M173.898 439.404l-166.4-166.4c-9.997-9.997-9.997-26.206 0-36.204l36.203-36.204c9.997-9.998 26.207-9.998 36.204 0L192 312.69 432.095 72.596c9.997-9.997 26.207-9.997 36.204 0l36.203 36.204c9.997 9.997 9.997 26.206 0 36.204l-294.4 294.401c-9.998 9.997-26.207 9.997-36.204-.001z\"><\/path><\/svg>\t\t\t\t<\/div>\n\t\t\t\n\t\t\t<div class=\"xpro-infolist-content\">\n\t\t\t\t                <h2 class=\"xpro-infolist-title\"> Transparency <\/h2>\n                \t\t\t\t\t\t\t<\/div>\n\t\t\t\t\t<\/li>\n\t\t\t<li class=\"xpro-infolist-item elementor-repeater-item-14067ab\">\n\t\t\t\t\t\t\t\t\t\t<div class=\"xpro-infolist-media xpro-infolist-media-type-icon\">\n\t\t\t\t\t<svg aria-hidden=\"true\" class=\"e-font-icon-svg e-fas-check\" viewbox=\"0 0 512 512\" xmlns=\"http:\/\/www.w3.org\/2000\/svg\"><path d=\"M173.898 439.404l-166.4-166.4c-9.997-9.997-9.997-26.206 0-36.204l36.203-36.204c9.997-9.998 26.207-9.998 36.204 0L192 312.69 432.095 72.596c9.997-9.997 26.207-9.997 36.204 0l36.203 36.204c9.997 9.997 9.997 26.206 0 36.204l-294.4 294.401c-9.998 9.997-26.207 9.997-36.204-.001z\"><\/path><\/svg>\t\t\t\t<\/div>\n\t\t\t\n\t\t\t<div class=\"xpro-infolist-content\">\n\t\t\t\t                <h2 class=\"xpro-infolist-title\"> Professionalism <\/h2>\n                \t\t\t\t\t\t\t<\/div>\n\t\t\t\t\t<\/li>\n\t\t\t<li class=\"xpro-infolist-item elementor-repeater-item-36a00c0\">\n\t\t\t\t\t\t\t\t\t\t<div class=\"xpro-infolist-media xpro-infolist-media-type-icon\">\n\t\t\t\t\t<svg aria-hidden=\"true\" class=\"e-font-icon-svg e-fas-check\" viewbox=\"0 0 512 512\" xmlns=\"http:\/\/www.w3.org\/2000\/svg\"><path d=\"M173.898 439.404l-166.4-166.4c-9.997-9.997-9.997-26.206 0-36.204l36.203-36.204c9.997-9.998 26.207-9.998 36.204 0L192 312.69 432.095 72.596c9.997-9.997 26.207-9.997 36.204 0l36.203 36.204c9.997 9.997 9.997 26.206 0 36.204l-294.4 294.401c-9.998 9.997-26.207 9.997-36.204-.001z\"><\/path><\/svg>\t\t\t\t<\/div>\n\t\t\t\n\t\t\t<div class=\"xpro-infolist-content\">\n\t\t\t\t                <h2 class=\"xpro-infolist-title\"> Efficiency <\/h2>\n                \t\t\t\t\t\t\t<\/div>\n\t\t\t\t\t<\/li>\n\t\t\t<li class=\"xpro-infolist-item elementor-repeater-item-716072a\">\n\t\t\t\t\t\t\t\t\t\t<div class=\"xpro-infolist-media xpro-infolist-media-type-icon\">\n\t\t\t\t\t<svg aria-hidden=\"true\" class=\"e-font-icon-svg e-fas-check\" viewbox=\"0 0 512 512\" xmlns=\"http:\/\/www.w3.org\/2000\/svg\"><path d=\"M173.898 439.404l-166.4-166.4c-9.997-9.997-9.997-26.206 0-36.204l36.203-36.204c9.997-9.998 26.207-9.998 36.204 0L192 312.69 432.095 72.596c9.997-9.997 26.207-9.997 36.204 0l36.203 36.204c9.997 9.997 9.997 26.206 0 36.204l-294.4 294.401c-9.998 9.997-26.207 9.997-36.204-.001z\"><\/path><\/svg>\t\t\t\t<\/div>\n\t\t\t\n\t\t\t<div class=\"xpro-infolist-content\">\n\t\t\t\t                <h2 class=\"xpro-infolist-title\"> Innovation <\/h2>\n                \t\t\t\t\t\t\t<\/div>\n\t\t\t\t\t<\/li>\n\t\t\t<li class=\"xpro-infolist-item elementor-repeater-item-e668a14\">\n\t\t\t\t\t\t\t\t\t\t<div class=\"xpro-infolist-media xpro-infolist-media-type-icon\">\n\t\t\t\t\t<svg aria-hidden=\"true\" class=\"e-font-icon-svg e-fas-check\" viewbox=\"0 0 512 512\" xmlns=\"http:\/\/www.w3.org\/2000\/svg\"><path d=\"M173.898 439.404l-166.4-166.4c-9.997-9.997-9.997-26.206 0-36.204l36.203-36.204c9.997-9.998 26.207-9.998 36.204 0L192 312.69 432.095 72.596c9.997-9.997 26.207-9.997 36.204 0l36.203 36.204c9.997 9.997 9.997 26.206 0 36.204l-294.4 294.401c-9.998 9.997-26.207 9.997-36.204-.001z\"><\/path><\/svg>\t\t\t\t<\/div>\n\t\t\t\n\t\t\t<div class=\"xpro-infolist-content\">\n\t\t\t\t                <h2 class=\"xpro-infolist-title\"> Responsibility <\/h2>\n                \t\t\t\t\t\t\t<\/div>\n\t\t\t\t\t<\/li>\n\t\t\t<li class=\"xpro-infolist-item elementor-repeater-item-24b8b36\">\n\t\t\t\t\t\t\t\t\t\t<div class=\"xpro-infolist-media xpro-infolist-media-type-icon\">\n\t\t\t\t\t<svg aria-hidden=\"true\" class=\"e-font-icon-svg e-fas-check\" viewbox=\"0 0 512 512\" xmlns=\"http:\/\/www.w3.org\/2000\/svg\"><path d=\"M173.898 439.404l-166.4-166.4c-9.997-9.997-9.997-26.206 0-36.204l36.203-36.204c9.997-9.998 26.207-9.998 36.204 0L192 312.69 432.095 72.596c9.997-9.997 26.207-9.997 36.204 0l36.203 36.204c9.997 9.997 9.997 26.206 0 36.204l-294.4 294.401c-9.998 9.997-26.207 9.997-36.204-.001z\"><\/path><\/svg>\t\t\t\t<\/div>\n\t\t\t\n\t\t\t<div class=\"xpro-infolist-content\">\n\t\t\t\t                <h2 class=\"xpro-infolist-title\"> Teamwork <\/h2>\n                \t\t\t\t\t\t\t<\/div>\n\t\t\t\t\t<\/li>\n\t\t\t<li class=\"xpro-infolist-item elementor-repeater-item-627b234\">\n\t\t\t\t\t\t\t\t\t\t<div class=\"xpro-infolist-media xpro-infolist-media-type-icon\">\n\t\t\t\t\t<svg aria-hidden=\"true\" class=\"e-font-icon-svg e-fas-check\" viewbox=\"0 0 512 512\" xmlns=\"http:\/\/www.w3.org\/2000\/svg\"><path d=\"M173.898 439.404l-166.4-166.4c-9.997-9.997-9.997-26.206 0-36.204l36.203-36.204c9.997-9.998 26.207-9.998 36.204 0L192 312.69 432.095 72.596c9.997-9.997 26.207-9.997 36.204 0l36.203 36.204c9.997 9.997 9.997 26.206 0 36.204l-294.4 294.401c-9.998 9.997-26.207 9.997-36.204-.001z\"><\/path><\/svg>\t\t\t\t<\/div>\n\t\t\t\n\t\t\t<div class=\"xpro-infolist-content\">\n\t\t\t\t                <h2 class=\"xpro-infolist-title\"> Privacy <\/h2>\n                \t\t\t\t\t\t\t<\/div>\n\t\t\t\t\t<\/li>\n\t\t\t<li class=\"xpro-infolist-item elementor-repeater-item-ae51bbd\">\n\t\t\t\t\t\t\t\t\t\t<div class=\"xpro-infolist-media xpro-infolist-media-type-icon\">\n\t\t\t\t\t<svg aria-hidden=\"true\" class=\"e-font-icon-svg e-fas-check\" viewbox=\"0 0 512 512\" xmlns=\"http:\/\/www.w3.org\/2000\/svg\"><path d=\"M173.898 439.404l-166.4-166.4c-9.997-9.997-9.997-26.206 0-36.204l36.203-36.204c9.997-9.998 26.207-9.998 36.204 0L192 312.69 432.095 72.596c9.997-9.997 26.207-9.997 36.204 0l36.203 36.204c9.997 9.997 9.997 26.206 0 36.204l-294.4 294.401c-9.998 9.997-26.207 9.997-36.204-.001z\"><\/path><\/svg>\t\t\t\t<\/div>\n\t\t\t\n\t\t\t<div class=\"xpro-infolist-content\">\n\t\t\t\t                <h2 class=\"xpro-infolist-title\"> Consumer Satisfaction <\/h2>\n                \t\t\t\t\t\t\t<\/div>\n\t\t\t\t\t<\/li>\n\t\t\t<li class=\"xpro-infolist-item elementor-repeater-item-b057faf\">\n\t\t\t\t\t\t\t\t\t\t<div class=\"xpro-infolist-media xpro-infolist-media-type-icon\">\n\t\t\t\t\t<svg aria-hidden=\"true\" class=\"e-font-icon-svg e-fas-check\" viewbox=\"0 0 512 512\" xmlns=\"http:\/\/www.w3.org\/2000\/svg\"><path d=\"M173.898 439.404l-166.4-166.4c-9.997-9.997-9.997-26.206 0-36.204l36.203-36.204c9.997-9.998 26.207-9.998 36.204 0L192 312.69 432.095 72.596c9.997-9.997 26.207-9.997 36.204 0l36.203 36.204c9.997 9.997 9.997 26.206 0 36.204l-294.4 294.401c-9.998 9.997-26.207 9.997-36.204-.001z\"><\/path><\/svg>\t\t\t\t<\/div>\n\t\t\t\n\t\t\t<div class=\"xpro-infolist-content\">\n\t\t\t\t                <h2 class=\"xpro-infolist-title\"> \"Open Door\" Policy <\/h2>\n                \t\t\t\t\t\t\t<\/div>\n\t\t\t\t\t<\/li>\n\t<\/ul>\n\t\t\t\t<\/div>\n\t\t\t\t<\/div>\n\t\t\t\t\t<\/div>\n\t\t\t\t<\/div>\n\t\t\t\t<\/div>","protected":false},"excerpt":{"rendered":"<p>Temel De\u011ferler D\u00fcr\u00fcstl\u00fck ve Adil Davranma Bireye Sayg\u0131 \u015eeffafl\u0131k \u015eeffafl\u0131k Profesyonellik Verimlilik Yenilik\u00e7ilik Sorumluluk Tak\u0131m \u00c7al\u0131\u015fmas\u0131 Gizlilik T\u00fcketici Memnuniyeti &quot;A\u00e7\u0131k Kap\u0131&quot; Politikas\u0131<\/p>","protected":false},"author":3,"featured_media":0,"parent":0,"menu_order":0,"comment_status":"closed","ping_status":"closed","template":"elementor_header_footer","meta":{"_kad_post_transparent":"default","_kad_post_title":"hide","_kad_post_layout":"fullwidth","_kad_post_sidebar_id":"","_kad_post_content_style":"unboxed","_kad_post_vertical_padding":"hide","_kad_post_feature":"hide","_kad_post_feature_position":"","_kad_post_header":false,"_kad_post_footer":false,"_kad_post_classname":"","footnotes":""},"class_list":["post-881","page","type-page","status-publish","hentry"],"yoast_head":"<!-- This site is optimized with the Yoast SEO plugin v27.4 - https:\/\/yoast.com\/product\/yoast-seo-wordpress\/ -->\n<title>Temel De\u011ferler - Bilgi Teknolojileri ve Haberle\u015fme Kurumu<\/title>\n<meta name=\"robots\" content=\"index, follow, max-snippet:-1, max-image-preview:large, max-video-preview:-1\" \/>\n<link rel=\"canonical\" href=\"https:\/\/www.bthk.org\/en\/temel-degerler\/\" \/>\n<meta property=\"og:locale\" content=\"en_GB\" \/>\n<meta property=\"og:type\" content=\"article\" \/>\n<meta property=\"og:title\" content=\"Temel De\u011ferler - Bilgi Teknolojileri ve Haberle\u015fme Kurumu\" \/>\n<meta property=\"og:description\" content=\"Temel De\u011ferler D\u00fcr\u00fcstl\u00fck ve Adil Davranma Bireye Sayg\u0131 \u015eeffafl\u0131k \u015eeffafl\u0131k Profesyonellik Verimlilik Yenilik\u00e7ilik Sorumluluk Tak\u0131m \u00c7al\u0131\u015fmas\u0131 Gizlilik T\u00fcketici Memnuniyeti &quot;A\u00e7\u0131k Kap\u0131&quot; Politikas\u0131\" \/>\n<meta property=\"og:url\" content=\"https:\/\/www.bthk.org\/en\/temel-degerler\/\" \/>\n<meta property=\"og:site_name\" content=\"Bilgi Teknolojileri ve Haberle\u015fme Kurumu\" \/>\n<meta property=\"article:publisher\" content=\"https:\/\/www.facebook.com\/BTHKurumu\" \/>\n<meta property=\"article:modified_time\" content=\"2025-06-24T20:20:51+00:00\" \/>\n<meta name=\"twitter:card\" content=\"summary_large_image\" \/>\n<meta name=\"twitter:label1\" content=\"Estimated reading time\" \/>\n\t<meta name=\"twitter:data1\" content=\"1 minute\" \/>\n<script type=\"application\/ld+json\" class=\"yoast-schema-graph\">{\"@context\":\"https:\\\/\\\/schema.org\",\"@graph\":[{\"@type\":\"WebPage\",\"@id\":\"https:\\\/\\\/www.bthk.org\\\/temel-degerler\\\/\",\"url\":\"https:\\\/\\\/www.bthk.org\\\/temel-degerler\\\/\",\"name\":\"Temel De\u011ferler - Bilgi Teknolojileri ve Haberle\u015fme Kurumu\",\"isPartOf\":{\"@id\":\"https:\\\/\\\/www.bthk.org\\\/#website\"},\"datePublished\":\"2025-06-10T10:28:23+00:00\",\"dateModified\":\"2025-06-24T20:20:51+00:00\",\"breadcrumb\":{\"@id\":\"https:\\\/\\\/www.bthk.org\\\/temel-degerler\\\/#breadcrumb\"},\"inLanguage\":\"en-GB\",\"potentialAction\":[{\"@type\":\"ReadAction\",\"target\":[\"https:\\\/\\\/www.bthk.org\\\/temel-degerler\\\/\"]}]},{\"@type\":\"BreadcrumbList\",\"@id\":\"https:\\\/\\\/www.bthk.org\\\/temel-degerler\\\/#breadcrumb\",\"itemListElement\":[{\"@type\":\"ListItem\",\"position\":1,\"name\":\"Anasayfa\",\"item\":\"https:\\\/\\\/www.bthk.org\\\/\"},{\"@type\":\"ListItem\",\"position\":2,\"name\":\"Temel De\u011ferler\"}]},{\"@type\":\"WebSite\",\"@id\":\"https:\\\/\\\/www.bthk.org\\\/#website\",\"url\":\"https:\\\/\\\/www.bthk.org\\\/\",\"name\":\"Bilgi Teknolojileri ve Haberle\u015fme Kurumu\",\"description\":\"\",\"publisher\":{\"@id\":\"https:\\\/\\\/www.bthk.org\\\/#organization\"},\"potentialAction\":[{\"@type\":\"SearchAction\",\"target\":{\"@type\":\"EntryPoint\",\"urlTemplate\":\"https:\\\/\\\/www.bthk.org\\\/?s={search_term_string}\"},\"query-input\":{\"@type\":\"PropertyValueSpecification\",\"valueRequired\":true,\"valueName\":\"search_term_string\"}}],\"inLanguage\":\"en-GB\"},{\"@type\":\"Organization\",\"@id\":\"https:\\\/\\\/www.bthk.org\\\/#organization\",\"name\":\"Bilgi Teknolojileri ve Haberle\u015fme Kurumu\",\"url\":\"https:\\\/\\\/www.bthk.org\\\/\",\"logo\":{\"@type\":\"ImageObject\",\"inLanguage\":\"en-GB\",\"@id\":\"https:\\\/\\\/www.bthk.org\\\/#\\\/schema\\\/logo\\\/image\\\/\",\"url\":\"https:\\\/\\\/www.bthk.org\\\/wp-content\\\/uploads\\\/2025\\\/05\\\/bthk-logo.png\",\"contentUrl\":\"https:\\\/\\\/www.bthk.org\\\/wp-content\\\/uploads\\\/2025\\\/05\\\/bthk-logo.png\",\"width\":278,\"height\":130,\"caption\":\"Bilgi Teknolojileri ve Haberle\u015fme Kurumu\"},\"image\":{\"@id\":\"https:\\\/\\\/www.bthk.org\\\/#\\\/schema\\\/logo\\\/image\\\/\"},\"sameAs\":[\"https:\\\/\\\/www.facebook.com\\\/BTHKurumu\",\"https:\\\/\\\/www.instagram.com\\\/kktcbthk?igsh=NzMxa20zc3QydHBi\"]}]}<\/script>\n<!-- \/ Yoast SEO plugin. -->","yoast_head_json":{"title":"Temel De\u011ferler - Bilgi Teknolojileri ve Haberle\u015fme Kurumu","robots":{"index":"index","follow":"follow","max-snippet":"max-snippet:-1","max-image-preview":"max-image-preview:large","max-video-preview":"max-video-preview:-1"},"canonical":"https:\/\/www.bthk.org\/en\/temel-degerler\/","og_locale":"en_GB","og_type":"article","og_title":"Temel De\u011ferler - Bilgi Teknolojileri ve Haberle\u015fme Kurumu","og_description":"Temel De\u011ferler D\u00fcr\u00fcstl\u00fck ve Adil Davranma Bireye Sayg\u0131 \u015eeffafl\u0131k \u015eeffafl\u0131k Profesyonellik Verimlilik Yenilik\u00e7ilik Sorumluluk Tak\u0131m \u00c7al\u0131\u015fmas\u0131 Gizlilik T\u00fcketici Memnuniyeti &quot;A\u00e7\u0131k Kap\u0131&quot; Politikas\u0131","og_url":"https:\/\/www.bthk.org\/en\/temel-degerler\/","og_site_name":"Bilgi Teknolojileri ve Haberle\u015fme Kurumu","article_publisher":"https:\/\/www.facebook.com\/BTHKurumu","article_modified_time":"2025-06-24T20:20:51+00:00","twitter_card":"summary_large_image","twitter_misc":{"Estimated reading time":"1 minute"},"schema":{"@context":"https:\/\/schema.org","@graph":[{"@type":"WebPage","@id":"https:\/\/www.bthk.org\/temel-degerler\/","url":"https:\/\/www.bthk.org\/temel-degerler\/","name":"Temel De\u011ferler - Bilgi Teknolojileri ve Haberle\u015fme Kurumu","isPartOf":{"@id":"https:\/\/www.bthk.org\/#website"},"datePublished":"2025-06-10T10:28:23+00:00","dateModified":"2025-06-24T20:20:51+00:00","breadcrumb":{"@id":"https:\/\/www.bthk.org\/temel-degerler\/#breadcrumb"},"inLanguage":"en-GB","potentialAction":[{"@type":"ReadAction","target":["https:\/\/www.bthk.org\/temel-degerler\/"]}]},{"@type":"BreadcrumbList","@id":"https:\/\/www.bthk.org\/temel-degerler\/#breadcrumb","itemListElement":[{"@type":"ListItem","position":1,"name":"Anasayfa","item":"https:\/\/www.bthk.org\/"},{"@type":"ListItem","position":2,"name":"Temel De\u011ferler"}]},{"@type":"WebSite","@id":"https:\/\/www.bthk.org\/#website","url":"https:\/\/www.bthk.org\/","name":"Bilgi Teknolojileri ve Haberle\u015fme Kurumu","description":"","publisher":{"@id":"https:\/\/www.bthk.org\/#organization"},"potentialAction":[{"@type":"SearchAction","target":{"@type":"EntryPoint","urlTemplate":"https:\/\/www.bthk.org\/?s={search_term_string}"},"query-input":{"@type":"PropertyValueSpecification","valueRequired":true,"valueName":"search_term_string"}}],"inLanguage":"en-GB"},{"@type":"Organization","@id":"https:\/\/www.bthk.org\/#organization","name":"Bilgi Teknolojileri ve Haberle\u015fme Kurumu","url":"https:\/\/www.bthk.org\/","logo":{"@type":"ImageObject","inLanguage":"en-GB","@id":"https:\/\/www.bthk.org\/#\/schema\/logo\/image\/","url":"https:\/\/www.bthk.org\/wp-content\/uploads\/2025\/05\/bthk-logo.png","contentUrl":"https:\/\/www.bthk.org\/wp-content\/uploads\/2025\/05\/bthk-logo.png","width":278,"height":130,"caption":"Bilgi Teknolojileri ve Haberle\u015fme Kurumu"},"image":{"@id":"https:\/\/www.bthk.org\/#\/schema\/logo\/image\/"},"sameAs":["https:\/\/www.facebook.com\/BTHKurumu","https:\/\/www.instagram.com\/kktcbthk?igsh=NzMxa20zc3QydHBi"]}]}},"_links":{"self":[{"href":"https:\/\/www.bthk.org\/en\/wp-json\/wp\/v2\/pages\/881","targetHints":{"allow":["GET"]}}],"collection":[{"href":"https:\/\/www.bthk.org\/en\/wp-json\/wp\/v2\/pages"}],"about":[{"href":"https:\/\/www.bthk.org\/en\/wp-json\/wp\/v2\/types\/page"}],"author":[{"embeddable":true,"href":"https:\/\/www.bthk.org\/en\/wp-json\/wp\/v2\/users\/3"}],"replies":[{"embeddable":true,"href":"https:\/\/www.bthk.org\/en\/wp-json\/wp\/v2\/comments?post=881"}],"version-history":[{"count":0,"href":"https:\/\/www.bthk.org\/en\/wp-json\/wp\/v2\/pages\/881\/revisions"}],"wp:attachment":[{"href":"https:\/\/www.bthk.org\/en\/wp-json\/wp\/v2\/media?parent=881"}],"curies":[{"name":"wp","href":"https:\/\/api.w.org\/{rel}","templated":true}]}}