{"id":735,"date":"2025-06-05T16:03:26","date_gmt":"2025-06-05T13:03:26","guid":{"rendered":"https:\/\/bthk.iseri.net\/?page_id=735"},"modified":"2026-02-09T14:46:16","modified_gmt":"2026-02-09T12:46:16","slug":"telefon-kayit-formu","status":"publish","type":"page","link":"https:\/\/www.bthk.org\/en\/telefon-kayit-formu\/","title":{"rendered":"Telefon Kayit Formu"},"content":{"rendered":"\t\t<div data-elementor-type=\"wp-page\" data-elementor-id=\"735\" class=\"elementor elementor-735\" data-elementor-post-type=\"page\">\n\t\t\t\t<div class=\"elementor-element elementor-element-3592920b e-flex e-con-boxed e-con e-parent\" data-id=\"3592920b\" data-element_type=\"container\" data-e-type=\"container\">\n\t\t\t\t\t<div class=\"e-con-inner\">\n\t\t\t\t<div class=\"elementor-element elementor-element-12ca3c69 elementor-widget elementor-widget-text-editor\" data-id=\"12ca3c69\" data-element_type=\"widget\" data-e-type=\"widget\" data-widget_type=\"text-editor.default\">\n\t\t\t\t<div class=\"elementor-widget-container\">\n\t\t\t\t\t\t\t\t\t<p style=\"text-align: center;\">\r\n    <link rel=\"stylesheet\" href=\"https:\/\/cdn.jsdelivr.net\/npm\/bootstrap@5.3.7\/dist\/css\/bootstrap.min.css\" \/>\r\n    <link rel=\"stylesheet\" href=\"https:\/\/cdn.jsdelivr.net\/npm\/flatpickr\/dist\/flatpickr.min.css\">\r\n    <script src=\"https:\/\/cdn.jsdelivr.net\/npm\/sweetalert2@11\"><\/script>\r\n    <script src=\"https:\/\/www.google.com\/recaptcha\/api.js?render=6Lds8DcrAAAAAIZIjdJcWCa1eGU7xzSwuHmXfpmJ\"><\/script>\r\n        <style>\r\n        .swal2-title, .swal2-html-container { display: block !important; visibility: visible !important; opacity: 1 !important; }\r\n    <\/style>\r\n    \r\n    <div class=\"container my-5\" id=\"bthk-reg-scope\">\r\n        <div class=\"row justify-content-center\">\r\n            <div class=\"col-md-10 col-lg-8\">\r\n                <div class=\"card shadow-lg border-0\">\r\n                    <div class=\"card-header bg-white text-center py-3\">\r\n                        <h4 class=\"mb-0\">IMEI Pre-Registration<\/h4>\r\n                    <\/div>\r\n                    <div class=\"card-body p-4\">\r\n                        <form method=\"POST\" id=\"preRegForm\">\r\n                            <input type=\"hidden\" name=\"recaptcha_token\" id=\"recaptcha_token\">\r\n                            <input type=\"hidden\" name=\"recaptcha_version\" id=\"recaptcha_version\" value=\"v3\">\r\n                            <input type=\"hidden\" name=\"client_ip\" id=\"client_ip\">\r\n\r\n                            <div class=\"form-floating mb-3\">\r\n                                <input name=\"imei\" maxlength=\"15\" class=\"form-control\" required placeholder=\"IMEI Number\" value=\"\">\r\n                                <label>IMEI Number<\/label>\r\n                            <\/div>\r\n\r\n                            <div class=\"form-floating mb-3\">\r\n                                <input name=\"msisdn\" id=\"msisdn\" maxlength=\"13\" class=\"form-control\" required placeholder=\"Phone Number (5*********)\" value=\"\">\r\n                                <label>Phone Number (5*********)<\/label>\r\n                            <\/div>\r\n\r\n                            <div class=\"form-floating mb-3\">\r\n                                <input name=\"idPassNo\" class=\"form-control\" required placeholder=\"ID or Passport No\" value=\"\">\r\n                                <label>ID or Passport No<\/label>\r\n                            <\/div>\r\n\r\n                            <div class=\"row\">\r\n                                <div class=\"col-md-6 mb-3\">\r\n                                    <div class=\"form-floating\">\r\n                                        <input name=\"namex\" class=\"form-control\" required placeholder=\"First Name\" value=\"\">\r\n                                        <label>First Name<\/label>\r\n                                    <\/div>\r\n                                <\/div>\r\n                                <div class=\"col-md-6 mb-3\">\r\n                                    <div class=\"form-floating\">\r\n                                        <input name=\"surname\" class=\"form-control\" required placeholder=\"Last Name\" value=\"\">\r\n                                        <label>Last Name<\/label>\r\n                                    <\/div>\r\n                                <\/div>\r\n                            <\/div>\r\n\r\n                            <div class=\"form-floating mb-3\">\r\n                                <select name=\"hasStudentExmp\" id=\"hasStudentExmp\" class=\"form-select\" required>\r\n                                    <option value=\"\">Select Student Exemption!<\/option>\r\n                                    <option value=\"0\" >I will not use student exemption<\/option>\r\n                                    <option value=\"1\" >I will use student exemption<\/option>\r\n                                <\/select>\r\n                                <label>Select Student Exemption!<\/label>\r\n                            <\/div>\r\n\r\n                            <div class=\"form-floating mb-3\" id=\"birthdateField\" style=\"display:none;\">\r\n                                <input type=\"text\" name=\"birthdate\" id=\"birthdateInput\" class=\"form-control\" placeholder=\"Birth Date\" value=\"\" pattern=\"\\d{2}-\\d{2}-\\d{4}\" inputmode=\"numeric\">\r\n                                <label>Birth Date<\/label>\r\n                            <\/div>\r\n\r\n                            <div id=\"recaptcha-v2\" class=\"d-flex justify-content-center my-3\" style=\"display:none;\"><\/div>\r\n\r\n                            <button type=\"submit\" id=\"bthkSubmitBtn\" class=\"btn btn-primary w-100 py-3 fw-bold\">Submit<\/button>\r\n                        <\/form>\r\n                    <\/div>\r\n                <\/div>\r\n            <\/div>\r\n        <\/div>\r\n    <\/div>\r\n\r\n    <script src=\"https:\/\/cdn.jsdelivr.net\/npm\/flatpickr\"><\/script>\r\n    <script src=\"https:\/\/cdn.jsdelivr.net\/npm\/flatpickr\/dist\/l10n\/tr.js\"><\/script>\r\n    <script>\r\n    (function() {\r\n        const form = document.getElementById('preRegForm');\r\n        const v2container = document.getElementById('recaptcha-v2');\r\n        const msisdnInput = document.getElementById(\"msisdn\");\r\n        const studentSelect = document.getElementById(\"hasStudentExmp\");\r\n        const submitBtn = document.getElementById('bthkSubmitBtn');\r\n        let v2WidgetId = null;\r\n\r\n        \/\/ Telefon Formatlama\r\n        msisdnInput.addEventListener('input', (e) => {\r\n            let val = e.target.value.replace(\/\\D\/g, '');\r\n            if (val.startsWith('0')) val = val.slice(1);\r\n            val = val.slice(0, 10);\r\n            e.target.value = val.replace(\/^(\\d{0,3})(\\d{0,3})(\\d{0,2})(\\d{0,2})$\/, (m, p1, p2, p3, p4) => [p1, p2, p3, p4].filter(Boolean).join(' '));\r\n        });\r\n\r\n        \/\/ Do\u011fum Tarihi Se\u00e7ici\r\n        flatpickr(\"#birthdateInput\", {\r\n            dateFormat: \"d-m-Y\",\r\n            allowInput: true,\r\n            locale: \"default\"\r\n        });\r\n\r\n        \/\/ \u00d6\u011frenci Alan\u0131 Tetikleyici\r\n        studentSelect.addEventListener('change', (e) => {\r\n            const field = document.getElementById('birthdateField');\r\n            const input = document.getElementById('birthdateInput');\r\n            if(e.target.value === '1') {\r\n                field.style.display = 'block';\r\n                input.setAttribute('required', 'required');\r\n            } else {\r\n                field.style.display = 'none';\r\n                input.removeAttribute('required');\r\n                input.value = '';\r\n            }\r\n        });\r\n\r\n        function showV2() {\r\n            if (typeof grecaptcha === 'undefined') return setTimeout(showV2, 200);\r\n            if (v2WidgetId === null) {\r\n                v2WidgetId = grecaptcha.render('recaptcha-v2', {\r\n                    sitekey: '6Le402srAAAAAFxPb06cskNK8yu_y959Y7Pdlhma',\r\n                    callback: token => {\r\n                        submitBtn.disabled = true;\r\n                        submitBtn.innerHTML = '<span class=\"spinner-border spinner-border-sm me-2\"><\/span>';\r\n                        document.getElementById('recaptcha_token').value = token;\r\n                        document.getElementById('recaptcha_version').value = 'v2';\r\n                        form.submit();\r\n                    }\r\n                });\r\n            }\r\n            v2container.style.display = 'flex';\r\n            submitBtn.disabled = false;\r\n            submitBtn.innerHTML = 'Submit';\r\n        }\r\n\r\n        fetch('https:\/\/api.ipify.org?format=json').then(r => r.json()).then(d => document.getElementById('client_ip').value = d.ip);\r\n\r\n        form.addEventListener('submit', e => {\r\n            e.preventDefault();\r\n            submitBtn.disabled = true;\r\n            submitBtn.innerHTML = '<span class=\"spinner-border spinner-border-sm me-2\"><\/span>Submit';\r\n\r\n            if (v2container.style.display === 'flex') {\r\n                const token = grecaptcha.getResponse(v2WidgetId);\r\n                if (!token) {\r\n                    Swal.fire({ icon: 'warning', title: \"Verification required\", text: \"reCAPTCHA score too low. Please tick the box.\" });\r\n                    submitBtn.disabled = false;\r\n                    submitBtn.innerHTML = 'Submit';\r\n                } else {\r\n                    document.getElementById('recaptcha_token').value = token;\r\n                    document.getElementById('recaptcha_version').value = 'v2';\r\n                    form.submit();\r\n                }\r\n            } else {\r\n                grecaptcha.ready(() => {\r\n                    grecaptcha.execute('6Lds8DcrAAAAAIZIjdJcWCa1eGU7xzSwuHmXfpmJ', { action: 'submit' }).then(token => {\r\n                        document.getElementById('recaptcha_token').value = token;\r\n                        document.getElementById('recaptcha_version').value = 'v3';\r\n                        form.submit();\r\n                    });\r\n                });\r\n            }\r\n        });\r\n\r\n        \/\/ PHP'den gelen sonu\u00e7lar\u0131 g\u00f6ster\r\n        window.addEventListener('load', () => {\r\n            \r\n                    });\r\n    })();\r\n    <\/script>\r\n    <\/p>\t\t\t\t\t\t\t\t<\/div>\n\t\t\t\t<\/div>\n\t\t\t\t\t<\/div>\n\t\t\t\t<\/div>\n\t\t\t\t<\/div>\n\t\t","protected":false},"excerpt":{"rendered":"","protected":false},"author":1,"featured_media":0,"parent":0,"menu_order":0,"comment_status":"closed","ping_status":"closed","template":"elementor_header_footer","meta":{"_kad_post_transparent":"default","_kad_post_title":"default","_kad_post_layout":"default","_kad_post_sidebar_id":"","_kad_post_content_style":"default","_kad_post_vertical_padding":"default","_kad_post_feature":"","_kad_post_feature_position":"","_kad_post_header":false,"_kad_post_footer":false,"_kad_post_classname":"","footnotes":""},"class_list":["post-735","page","type-page","status-publish","hentry"],"yoast_head":"<!-- This site is optimized with the Yoast SEO plugin v27.4 - https:\/\/yoast.com\/product\/yoast-seo-wordpress\/ -->\n<title>Telefon Kayit Formu - Bilgi Teknolojileri ve Haberle\u015fme Kurumu<\/title>\n<meta name=\"robots\" content=\"index, follow, max-snippet:-1, max-image-preview:large, max-video-preview:-1\" \/>\n<link rel=\"canonical\" href=\"https:\/\/www.bthk.org\/en\/telefon-kayit-formu\/\" \/>\n<meta property=\"og:locale\" content=\"en_GB\" \/>\n<meta property=\"og:type\" content=\"article\" \/>\n<meta property=\"og:title\" content=\"Telefon Kayit Formu - Bilgi Teknolojileri ve Haberle\u015fme Kurumu\" \/>\n<meta property=\"og:url\" content=\"https:\/\/www.bthk.org\/en\/telefon-kayit-formu\/\" \/>\n<meta property=\"og:site_name\" content=\"Bilgi Teknolojileri ve Haberle\u015fme Kurumu\" \/>\n<meta property=\"article:publisher\" content=\"https:\/\/www.facebook.com\/BTHKurumu\" \/>\n<meta property=\"article:modified_time\" content=\"2026-02-09T12:46:16+00:00\" \/>\n<meta name=\"twitter:card\" content=\"summary_large_image\" \/>\n<meta name=\"twitter:label1\" content=\"Estimated reading time\" \/>\n\t<meta name=\"twitter:data1\" content=\"1 minute\" \/>\n<script type=\"application\/ld+json\" class=\"yoast-schema-graph\">{\"@context\":\"https:\\\/\\\/schema.org\",\"@graph\":[{\"@type\":\"WebPage\",\"@id\":\"https:\\\/\\\/www.bthk.org\\\/telefon-kayit-formu\\\/\",\"url\":\"https:\\\/\\\/www.bthk.org\\\/telefon-kayit-formu\\\/\",\"name\":\"Telefon Kayit Formu - Bilgi Teknolojileri ve Haberle\u015fme Kurumu\",\"isPartOf\":{\"@id\":\"https:\\\/\\\/www.bthk.org\\\/#website\"},\"datePublished\":\"2025-06-05T13:03:26+00:00\",\"dateModified\":\"2026-02-09T12:46:16+00:00\",\"breadcrumb\":{\"@id\":\"https:\\\/\\\/www.bthk.org\\\/telefon-kayit-formu\\\/#breadcrumb\"},\"inLanguage\":\"en-GB\",\"potentialAction\":[{\"@type\":\"ReadAction\",\"target\":[\"https:\\\/\\\/www.bthk.org\\\/telefon-kayit-formu\\\/\"]}]},{\"@type\":\"BreadcrumbList\",\"@id\":\"https:\\\/\\\/www.bthk.org\\\/telefon-kayit-formu\\\/#breadcrumb\",\"itemListElement\":[{\"@type\":\"ListItem\",\"position\":1,\"name\":\"Anasayfa\",\"item\":\"https:\\\/\\\/www.bthk.org\\\/\"},{\"@type\":\"ListItem\",\"position\":2,\"name\":\"Telefon Kayit Formu\"}]},{\"@type\":\"WebSite\",\"@id\":\"https:\\\/\\\/www.bthk.org\\\/#website\",\"url\":\"https:\\\/\\\/www.bthk.org\\\/\",\"name\":\"Bilgi Teknolojileri ve Haberle\u015fme Kurumu\",\"description\":\"\",\"publisher\":{\"@id\":\"https:\\\/\\\/www.bthk.org\\\/#organization\"},\"potentialAction\":[{\"@type\":\"SearchAction\",\"target\":{\"@type\":\"EntryPoint\",\"urlTemplate\":\"https:\\\/\\\/www.bthk.org\\\/?s={search_term_string}\"},\"query-input\":{\"@type\":\"PropertyValueSpecification\",\"valueRequired\":true,\"valueName\":\"search_term_string\"}}],\"inLanguage\":\"en-GB\"},{\"@type\":\"Organization\",\"@id\":\"https:\\\/\\\/www.bthk.org\\\/#organization\",\"name\":\"Bilgi Teknolojileri ve Haberle\u015fme Kurumu\",\"url\":\"https:\\\/\\\/www.bthk.org\\\/\",\"logo\":{\"@type\":\"ImageObject\",\"inLanguage\":\"en-GB\",\"@id\":\"https:\\\/\\\/www.bthk.org\\\/#\\\/schema\\\/logo\\\/image\\\/\",\"url\":\"https:\\\/\\\/www.bthk.org\\\/wp-content\\\/uploads\\\/2025\\\/05\\\/bthk-logo.png\",\"contentUrl\":\"https:\\\/\\\/www.bthk.org\\\/wp-content\\\/uploads\\\/2025\\\/05\\\/bthk-logo.png\",\"width\":278,\"height\":130,\"caption\":\"Bilgi Teknolojileri ve Haberle\u015fme Kurumu\"},\"image\":{\"@id\":\"https:\\\/\\\/www.bthk.org\\\/#\\\/schema\\\/logo\\\/image\\\/\"},\"sameAs\":[\"https:\\\/\\\/www.facebook.com\\\/BTHKurumu\",\"https:\\\/\\\/www.instagram.com\\\/kktcbthk?igsh=NzMxa20zc3QydHBi\"]}]}<\/script>\n<!-- \/ Yoast SEO plugin. -->","yoast_head_json":{"title":"Telefon Kayit Formu - Bilgi Teknolojileri ve Haberle\u015fme Kurumu","robots":{"index":"index","follow":"follow","max-snippet":"max-snippet:-1","max-image-preview":"max-image-preview:large","max-video-preview":"max-video-preview:-1"},"canonical":"https:\/\/www.bthk.org\/en\/telefon-kayit-formu\/","og_locale":"en_GB","og_type":"article","og_title":"Telefon Kayit Formu - Bilgi Teknolojileri ve Haberle\u015fme Kurumu","og_url":"https:\/\/www.bthk.org\/en\/telefon-kayit-formu\/","og_site_name":"Bilgi Teknolojileri ve Haberle\u015fme Kurumu","article_publisher":"https:\/\/www.facebook.com\/BTHKurumu","article_modified_time":"2026-02-09T12:46:16+00:00","twitter_card":"summary_large_image","twitter_misc":{"Estimated reading time":"1 minute"},"schema":{"@context":"https:\/\/schema.org","@graph":[{"@type":"WebPage","@id":"https:\/\/www.bthk.org\/telefon-kayit-formu\/","url":"https:\/\/www.bthk.org\/telefon-kayit-formu\/","name":"Telefon Kayit Formu - Bilgi Teknolojileri ve Haberle\u015fme Kurumu","isPartOf":{"@id":"https:\/\/www.bthk.org\/#website"},"datePublished":"2025-06-05T13:03:26+00:00","dateModified":"2026-02-09T12:46:16+00:00","breadcrumb":{"@id":"https:\/\/www.bthk.org\/telefon-kayit-formu\/#breadcrumb"},"inLanguage":"en-GB","potentialAction":[{"@type":"ReadAction","target":["https:\/\/www.bthk.org\/telefon-kayit-formu\/"]}]},{"@type":"BreadcrumbList","@id":"https:\/\/www.bthk.org\/telefon-kayit-formu\/#breadcrumb","itemListElement":[{"@type":"ListItem","position":1,"name":"Anasayfa","item":"https:\/\/www.bthk.org\/"},{"@type":"ListItem","position":2,"name":"Telefon Kayit Formu"}]},{"@type":"WebSite","@id":"https:\/\/www.bthk.org\/#website","url":"https:\/\/www.bthk.org\/","name":"Bilgi Teknolojileri ve Haberle\u015fme Kurumu","description":"","publisher":{"@id":"https:\/\/www.bthk.org\/#organization"},"potentialAction":[{"@type":"SearchAction","target":{"@type":"EntryPoint","urlTemplate":"https:\/\/www.bthk.org\/?s={search_term_string}"},"query-input":{"@type":"PropertyValueSpecification","valueRequired":true,"valueName":"search_term_string"}}],"inLanguage":"en-GB"},{"@type":"Organization","@id":"https:\/\/www.bthk.org\/#organization","name":"Bilgi Teknolojileri ve Haberle\u015fme Kurumu","url":"https:\/\/www.bthk.org\/","logo":{"@type":"ImageObject","inLanguage":"en-GB","@id":"https:\/\/www.bthk.org\/#\/schema\/logo\/image\/","url":"https:\/\/www.bthk.org\/wp-content\/uploads\/2025\/05\/bthk-logo.png","contentUrl":"https:\/\/www.bthk.org\/wp-content\/uploads\/2025\/05\/bthk-logo.png","width":278,"height":130,"caption":"Bilgi Teknolojileri ve Haberle\u015fme Kurumu"},"image":{"@id":"https:\/\/www.bthk.org\/#\/schema\/logo\/image\/"},"sameAs":["https:\/\/www.facebook.com\/BTHKurumu","https:\/\/www.instagram.com\/kktcbthk?igsh=NzMxa20zc3QydHBi"]}]}},"_links":{"self":[{"href":"https:\/\/www.bthk.org\/en\/wp-json\/wp\/v2\/pages\/735","targetHints":{"allow":["GET"]}}],"collection":[{"href":"https:\/\/www.bthk.org\/en\/wp-json\/wp\/v2\/pages"}],"about":[{"href":"https:\/\/www.bthk.org\/en\/wp-json\/wp\/v2\/types\/page"}],"author":[{"embeddable":true,"href":"https:\/\/www.bthk.org\/en\/wp-json\/wp\/v2\/users\/1"}],"replies":[{"embeddable":true,"href":"https:\/\/www.bthk.org\/en\/wp-json\/wp\/v2\/comments?post=735"}],"version-history":[{"count":4,"href":"https:\/\/www.bthk.org\/en\/wp-json\/wp\/v2\/pages\/735\/revisions"}],"predecessor-version":[{"id":4501,"href":"https:\/\/www.bthk.org\/en\/wp-json\/wp\/v2\/pages\/735\/revisions\/4501"}],"wp:attachment":[{"href":"https:\/\/www.bthk.org\/en\/wp-json\/wp\/v2\/media?parent=735"}],"curies":[{"name":"wp","href":"https:\/\/api.w.org\/{rel}","templated":true}]}}