{"id":700,"date":"2025-06-02T23:03:22","date_gmt":"2025-06-02T20:03:22","guid":{"rendered":"https:\/\/bthk.iseri.net\/?page_id=700"},"modified":"2026-01-13T12:18:49","modified_gmt":"2026-01-13T10:18:49","slug":"azami-ucret-tarifesi","status":"publish","type":"page","link":"https:\/\/www.bthk.org\/en\/azami-ucret-tarifesi\/","title":{"rendered":"Maximum Rate Schedule"},"content":{"rendered":"<div data-elementor-type=\"wp-page\" data-elementor-id=\"700\" class=\"elementor elementor-700\" data-elementor-post-type=\"page\">\n\t\t\t\t<div class=\"elementor-element elementor-element-3c23514 e-flex e-con-boxed e-con e-parent\" data-id=\"3c23514\" data-element_type=\"container\" data-e-type=\"container\">\n\t\t\t\t\t<div class=\"e-con-inner\">\n\t\t\t\t<div class=\"elementor-element elementor-element-e6db96c elementor-widget elementor-widget-heading\" data-id=\"e6db96c\" data-element_type=\"widget\" data-e-type=\"widget\" data-widget_type=\"heading.default\">\n\t\t\t\t<div class=\"elementor-widget-container\">\n\t\t\t\t\t<h1 class=\"elementor-heading-title elementor-size-default\">Mobile Communication Services Maximum Tariffs\n<\/h1>\t\t\t\t<\/div>\n\t\t\t\t<\/div>\n\t\t\t\t\t<\/div>\n\t\t\t\t<\/div>\n\t\t<div class=\"elementor-element elementor-element-f152a5a e-flex e-con-boxed e-con e-parent\" data-id=\"f152a5a\" data-element_type=\"container\" data-e-type=\"container\">\n\t\t\t\t\t<div class=\"e-con-inner\">\n\t\t\t\t<div class=\"elementor-element elementor-element-973ab55 elementor-widget elementor-widget-text-editor\" data-id=\"973ab55\" data-element_type=\"widget\" data-e-type=\"widget\" data-widget_type=\"text-editor.default\">\n\t\t\t\t<div class=\"elementor-widget-container\">\n\t\t\t\t\t\t\t\t\t<p style=\"text-align: center;\">MOBILE ELECTRONIC COMMUNICATIONS SERVICES<br \/>MAXIMUM FEE TARIFF \u2013 (Effective from 29 December 2025)<\/p>\t\t\t\t\t\t\t\t<\/div>\n\t\t\t\t<\/div>\n\t\t\t\t\t<\/div>\n\t\t\t\t<\/div>\n\t\t<div class=\"elementor-element elementor-element-3e839dc e-flex e-con-boxed e-con e-parent\" data-id=\"3e839dc\" data-element_type=\"container\" data-e-type=\"container\">\n\t\t\t\t\t<div class=\"e-con-inner\">\n\t\t\t\t<div class=\"elementor-element elementor-element-14433da elementor-widget elementor-widget-text-editor\" data-id=\"14433da\" data-element_type=\"widget\" data-e-type=\"widget\" data-widget_type=\"text-editor.default\">\n\t\t\t\t<div class=\"elementor-widget-container\">\n\t\t\t\t\t\t\t\t\t<div class=\"tarife-table-container\"><table class=\"tarife-table\"><thead><tr><th colspan=\"2\"><strong>Type of Service<\/strong><\/th><th style=\"text-align: center;\"><strong>Maximum Tariff<\/strong><\/th><th style=\"text-align: center;\"><strong>Unit<\/strong><\/th><\/tr><\/thead><tbody><tr><td rowspan=\"4\"><strong>Domestic Call Rates<\/strong><\/td><td><p><strong>Fixed Fee (Active Subscriber)<\/strong><\/p><p><strong>Fixed Fee (Registered Subscriber)<\/strong><\/p><\/td><td style=\"text-align: center;\"><p><strong>30,00<\/strong><\/p><p><strong>60,00<\/strong><\/p><\/td><td style=\"text-align: center;\"><strong>TRY<\/strong><\/td><\/tr><tr><td><strong>On-net<\/strong><\/td><td style=\"text-align: center;\"><strong>3,48<\/strong><\/td><td style=\"text-align: center;\" rowspan=\"5\"><strong>TRY\/Min<\/strong><\/td><\/tr><tr><td><strong>Landlines<\/strong><\/td><td style=\"text-align: center;\"><strong>3,48<\/strong><\/td><\/tr><tr><td><strong>Other Operators<\/strong><\/td><td style=\"text-align: center;\"><strong>3,52<\/strong><\/td><\/tr><tr><td rowspan=\"4\"><strong>Service Fees<\/strong><\/td><td><strong>Domestic SMS (including Turkey)<\/strong><\/td><td style=\"text-align: center;\"><strong>2,48<\/strong><\/td><\/tr><tr><td><strong>\u0130nternational SMS (excluding Turkey)<\/strong><\/td><td style=\"text-align: center;\"><strong>5,31<\/strong><\/td><\/tr><tr><td><strong>Internet Data (first 10 MB)<\/strong><\/td><td style=\"text-align: center;\"><strong>26,75<\/strong><\/td><td style=\"text-align: center;\"><strong>TRY<\/strong><\/td><\/tr><tr><td><strong>Internet Data (for each MB over 10 MB)<\/strong><\/td><td style=\"text-align: center;\"><strong>2,10<\/strong><\/td><td style=\"text-align: center;\"><strong>TRY\/MB<\/strong><\/td><\/tr><tr><td rowspan=\"6\"><strong>International Call Rates<\/strong><\/td><td><strong>Mobile Phones in Turkey<\/strong><\/td><td style=\"text-align: center;\"><strong>8,32<\/strong><\/td><td style=\"text-align: center;\" rowspan=\"6\"><strong>TRY\/Min<\/strong><\/td><\/tr><tr><td><strong>Landlines in Turkey<\/strong><\/td><td style=\"text-align: center;\"><strong>3,97<\/strong><\/td><\/tr><tr><td><strong>Zone 1 Mobile*<\/strong><\/td><td style=\"text-align: center;\"><strong>21,87<\/strong><\/td><\/tr><tr><td><strong>Zone 1 Landline*<\/strong><\/td><td style=\"text-align: center;\"><b>6,32<\/b><\/td><\/tr><tr><td><strong>Zone 2**<\/strong><\/td><td style=\"text-align: center;\"><strong>27,70<\/strong><\/td><\/tr><tr><td><strong>Zone 3***<\/strong><\/td><td style=\"text-align: center;\"><strong>49,03<\/strong><\/td><\/tr><\/tbody><\/table><\/div>\t\t\t\t\t\t\t\t<\/div>\n\t\t\t\t<\/div>\n\t\t\t\t\t<\/div>\n\t\t\t\t<\/div>\n\t\t<div class=\"elementor-element elementor-element-c8654da e-flex e-con-boxed e-con e-parent\" data-id=\"c8654da\" data-element_type=\"container\" data-e-type=\"container\">\n\t\t\t\t\t<div class=\"e-con-inner\">\n\t\t\t\t<div class=\"elementor-element elementor-element-9bcc452 elementor-widget elementor-widget-text-editor\" data-id=\"9bcc452\" data-element_type=\"widget\" data-e-type=\"widget\" data-widget_type=\"text-editor.default\">\n\t\t\t\t<div class=\"elementor-widget-container\">\n\t\t\t\t\t\t\t\t\t<p><strong><a class=\"external-link\" href=\"https:\/\/www.bthk.org\/en\/Documents\/Zone%20\u00dclkeleri.pdf\/\" target=\"_blank\" rel=\"noopener\">List of Zone 1, Zone 2, and Zone 3 Countries\u00a0<\/a><\/strong><\/p>\t\t\t\t\t\t\t\t<\/div>\n\t\t\t\t<\/div>\n\t\t\t\t\t<\/div>\n\t\t\t\t<\/div>\n\t\t<div class=\"elementor-element elementor-element-cdc7557 e-flex e-con-boxed e-con e-parent\" data-id=\"cdc7557\" data-element_type=\"container\" data-e-type=\"container\">\n\t\t\t\t\t<div class=\"e-con-inner\">\n\t\t\t\t<div class=\"elementor-element elementor-element-169b5b3 elementor-widget elementor-widget-text-editor\" data-id=\"169b5b3\" data-element_type=\"widget\" data-e-type=\"widget\" data-widget_type=\"text-editor.default\">\n\t\t\t\t<div class=\"elementor-widget-container\">\n\t\t\t\t\t\t\t\t\t<p>1. Included in the rates above are a 20% Value Added Tax (VAT) and a 35% Special Communications Tax (SCT). Rate adjustments will accommodate modifications to VAT and SCT rates.<\/p><p>2. Mobile network operators are required to notify the public of rate changes at least 7 days before the new rate comes into effect.<\/p><p>3. Mobile network operators refer to K\u0131br\u0131s Mobile Telekom\u00fcnikasyon Ltd. and Vodafone Mobile Operations Ltd.<\/p><p class=\"translation-block\">4.Active Subscriber: A subscriber who has, within the last three months, made at least one outgoing call and\/or received one incoming call, or sent one SMS, or performed data service authentication.<\/p><p class=\"translation-block\">5.Registered Subscriber: A subscriber who, within the last three months, has not made any outgoing call, nor received any incoming call, nor sent any SMS, nor performed data service authentication.<\/p>\t\t\t\t\t\t\t\t<\/div>\n\t\t\t\t<\/div>\n\t\t\t\t<div class=\"elementor-element elementor-element-7003748 elementor-widget elementor-widget-spacer\" data-id=\"7003748\" data-element_type=\"widget\" data-e-type=\"widget\" data-widget_type=\"spacer.default\">\n\t\t\t\t<div class=\"elementor-widget-container\">\n\t\t\t\t\t\t\t<div class=\"elementor-spacer\">\n\t\t\t<div class=\"elementor-spacer-inner\"><\/div>\n\t\t<\/div>\n\t\t\t\t\t\t<\/div>\n\t\t\t\t<\/div>\n\t\t\t\t\t<\/div>\n\t\t\t\t<\/div>\n\t\t\t\t<\/div>","protected":false},"excerpt":{"rendered":"<p>Mobil Haberle\u015fme Hizmetleri Azami \u00dccret Tarifesi MOB\u0130L ELEKTRON\u0130K HABERLE\u015eME H\u0130ZMETLER\u0130AZAM\u0130 \u00dcCRET TAR\u0130FES\u0130 &#8211; (29 Aral\u0131k 2025 tarihinden itibaren ge\u00e7erli) H\u0130ZMET\u0130N T\u00dcR\u00dc AZAM\u0130 TAR\u0130FE B\u0130R\u0130M Yurt \u0130\u00e7i Arama \u00dccretleri Sabit \u00dccret (Aktif Abone) Sabit \u00dccret (Kay\u0131tl\u0131 Abone) 30,00 60,00 TL \u015eebeke \u0130\u00e7i 3,48 TL\/Dk Sabit Hatlar 3,48 Di\u011fer Operat\u00f6r 3,52 Servis \u00dccretleri Yurt \u0130\u00e7i ve T\u00fcrkiye&#8230;<\/p>","protected":false},"author":1,"featured_media":0,"parent":0,"menu_order":0,"comment_status":"closed","ping_status":"closed","template":"","meta":{"_kad_post_transparent":"default","_kad_post_title":"hide","_kad_post_layout":"fullwidth","_kad_post_sidebar_id":"","_kad_post_content_style":"unboxed","_kad_post_vertical_padding":"hide","_kad_post_feature":"hide","_kad_post_feature_position":"","_kad_post_header":false,"_kad_post_footer":false,"_kad_post_classname":"","footnotes":""},"class_list":["post-700","page","type-page","status-publish","hentry"],"yoast_head":"<!-- This site is optimized with the Yoast SEO plugin v27.4 - https:\/\/yoast.com\/product\/yoast-seo-wordpress\/ -->\n<title>Azami \u00dccret Tarifesi - Bilgi Teknolojileri ve Haberle\u015fme Kurumu<\/title>\n<meta name=\"robots\" content=\"index, follow, max-snippet:-1, max-image-preview:large, max-video-preview:-1\" \/>\n<link rel=\"canonical\" href=\"https:\/\/www.bthk.org\/en\/azami-ucret-tarifesi\/\" \/>\n<meta property=\"og:locale\" content=\"en_GB\" \/>\n<meta property=\"og:type\" content=\"article\" \/>\n<meta property=\"og:title\" content=\"Azami \u00dccret Tarifesi - Bilgi Teknolojileri ve Haberle\u015fme Kurumu\" \/>\n<meta property=\"og:description\" content=\"Mobil Haberle\u015fme Hizmetleri Azami \u00dccret Tarifesi MOB\u0130L ELEKTRON\u0130K HABERLE\u015eME H\u0130ZMETLER\u0130AZAM\u0130 \u00dcCRET TAR\u0130FES\u0130 &#8211; (29 Aral\u0131k 2025 tarihinden itibaren ge\u00e7erli) H\u0130ZMET\u0130N T\u00dcR\u00dc AZAM\u0130 TAR\u0130FE B\u0130R\u0130M Yurt \u0130\u00e7i Arama \u00dccretleri Sabit \u00dccret (Aktif Abone) Sabit \u00dccret (Kay\u0131tl\u0131 Abone) 30,00 60,00 TL \u015eebeke \u0130\u00e7i 3,48 TL\/Dk Sabit Hatlar 3,48 Di\u011fer Operat\u00f6r 3,52 Servis \u00dccretleri Yurt \u0130\u00e7i ve T\u00fcrkiye...\" \/>\n<meta property=\"og:url\" content=\"https:\/\/www.bthk.org\/en\/azami-ucret-tarifesi\/\" \/>\n<meta property=\"og:site_name\" content=\"Bilgi Teknolojileri ve Haberle\u015fme Kurumu\" \/>\n<meta property=\"article:publisher\" content=\"https:\/\/www.facebook.com\/BTHKurumu\" \/>\n<meta property=\"article:modified_time\" content=\"2026-01-13T10:18:49+00:00\" \/>\n<meta name=\"twitter:card\" content=\"summary_large_image\" \/>\n<meta name=\"twitter:label1\" content=\"Estimated reading time\" \/>\n\t<meta name=\"twitter:data1\" content=\"2 minutes\" \/>\n<script type=\"application\/ld+json\" class=\"yoast-schema-graph\">{\"@context\":\"https:\\\/\\\/schema.org\",\"@graph\":[{\"@type\":\"WebPage\",\"@id\":\"https:\\\/\\\/www.bthk.org\\\/azami-ucret-tarifesi\\\/\",\"url\":\"https:\\\/\\\/www.bthk.org\\\/azami-ucret-tarifesi\\\/\",\"name\":\"Azami \u00dccret Tarifesi - Bilgi Teknolojileri ve Haberle\u015fme Kurumu\",\"isPartOf\":{\"@id\":\"https:\\\/\\\/www.bthk.org\\\/#website\"},\"datePublished\":\"2025-06-02T20:03:22+00:00\",\"dateModified\":\"2026-01-13T10:18:49+00:00\",\"breadcrumb\":{\"@id\":\"https:\\\/\\\/www.bthk.org\\\/azami-ucret-tarifesi\\\/#breadcrumb\"},\"inLanguage\":\"en-GB\",\"potentialAction\":[{\"@type\":\"ReadAction\",\"target\":[\"https:\\\/\\\/www.bthk.org\\\/azami-ucret-tarifesi\\\/\"]}]},{\"@type\":\"BreadcrumbList\",\"@id\":\"https:\\\/\\\/www.bthk.org\\\/azami-ucret-tarifesi\\\/#breadcrumb\",\"itemListElement\":[{\"@type\":\"ListItem\",\"position\":1,\"name\":\"Anasayfa\",\"item\":\"https:\\\/\\\/www.bthk.org\\\/\"},{\"@type\":\"ListItem\",\"position\":2,\"name\":\"Azami \u00dccret Tarifesi\"}]},{\"@type\":\"WebSite\",\"@id\":\"https:\\\/\\\/www.bthk.org\\\/#website\",\"url\":\"https:\\\/\\\/www.bthk.org\\\/\",\"name\":\"Bilgi Teknolojileri ve Haberle\u015fme Kurumu\",\"description\":\"\",\"publisher\":{\"@id\":\"https:\\\/\\\/www.bthk.org\\\/#organization\"},\"potentialAction\":[{\"@type\":\"SearchAction\",\"target\":{\"@type\":\"EntryPoint\",\"urlTemplate\":\"https:\\\/\\\/www.bthk.org\\\/?s={search_term_string}\"},\"query-input\":{\"@type\":\"PropertyValueSpecification\",\"valueRequired\":true,\"valueName\":\"search_term_string\"}}],\"inLanguage\":\"en-GB\"},{\"@type\":\"Organization\",\"@id\":\"https:\\\/\\\/www.bthk.org\\\/#organization\",\"name\":\"Bilgi Teknolojileri ve Haberle\u015fme Kurumu\",\"url\":\"https:\\\/\\\/www.bthk.org\\\/\",\"logo\":{\"@type\":\"ImageObject\",\"inLanguage\":\"en-GB\",\"@id\":\"https:\\\/\\\/www.bthk.org\\\/#\\\/schema\\\/logo\\\/image\\\/\",\"url\":\"https:\\\/\\\/www.bthk.org\\\/wp-content\\\/uploads\\\/2025\\\/05\\\/bthk-logo.png\",\"contentUrl\":\"https:\\\/\\\/www.bthk.org\\\/wp-content\\\/uploads\\\/2025\\\/05\\\/bthk-logo.png\",\"width\":278,\"height\":130,\"caption\":\"Bilgi Teknolojileri ve Haberle\u015fme Kurumu\"},\"image\":{\"@id\":\"https:\\\/\\\/www.bthk.org\\\/#\\\/schema\\\/logo\\\/image\\\/\"},\"sameAs\":[\"https:\\\/\\\/www.facebook.com\\\/BTHKurumu\",\"https:\\\/\\\/www.instagram.com\\\/kktcbthk?igsh=NzMxa20zc3QydHBi\"]}]}<\/script>\n<!-- \/ Yoast SEO plugin. -->","yoast_head_json":{"title":"Azami \u00dccret Tarifesi - Bilgi Teknolojileri ve Haberle\u015fme Kurumu","robots":{"index":"index","follow":"follow","max-snippet":"max-snippet:-1","max-image-preview":"max-image-preview:large","max-video-preview":"max-video-preview:-1"},"canonical":"https:\/\/www.bthk.org\/en\/azami-ucret-tarifesi\/","og_locale":"en_GB","og_type":"article","og_title":"Azami \u00dccret Tarifesi - Bilgi Teknolojileri ve Haberle\u015fme Kurumu","og_description":"Mobil Haberle\u015fme Hizmetleri Azami \u00dccret Tarifesi MOB\u0130L ELEKTRON\u0130K HABERLE\u015eME H\u0130ZMETLER\u0130AZAM\u0130 \u00dcCRET TAR\u0130FES\u0130 &#8211; (29 Aral\u0131k 2025 tarihinden itibaren ge\u00e7erli) H\u0130ZMET\u0130N T\u00dcR\u00dc AZAM\u0130 TAR\u0130FE B\u0130R\u0130M Yurt \u0130\u00e7i Arama \u00dccretleri Sabit \u00dccret (Aktif Abone) Sabit \u00dccret (Kay\u0131tl\u0131 Abone) 30,00 60,00 TL \u015eebeke \u0130\u00e7i 3,48 TL\/Dk Sabit Hatlar 3,48 Di\u011fer Operat\u00f6r 3,52 Servis \u00dccretleri Yurt \u0130\u00e7i ve T\u00fcrkiye...","og_url":"https:\/\/www.bthk.org\/en\/azami-ucret-tarifesi\/","og_site_name":"Bilgi Teknolojileri ve Haberle\u015fme Kurumu","article_publisher":"https:\/\/www.facebook.com\/BTHKurumu","article_modified_time":"2026-01-13T10:18:49+00:00","twitter_card":"summary_large_image","twitter_misc":{"Estimated reading time":"2 minutes"},"schema":{"@context":"https:\/\/schema.org","@graph":[{"@type":"WebPage","@id":"https:\/\/www.bthk.org\/azami-ucret-tarifesi\/","url":"https:\/\/www.bthk.org\/azami-ucret-tarifesi\/","name":"Azami \u00dccret Tarifesi - Bilgi Teknolojileri ve Haberle\u015fme Kurumu","isPartOf":{"@id":"https:\/\/www.bthk.org\/#website"},"datePublished":"2025-06-02T20:03:22+00:00","dateModified":"2026-01-13T10:18:49+00:00","breadcrumb":{"@id":"https:\/\/www.bthk.org\/azami-ucret-tarifesi\/#breadcrumb"},"inLanguage":"en-GB","potentialAction":[{"@type":"ReadAction","target":["https:\/\/www.bthk.org\/azami-ucret-tarifesi\/"]}]},{"@type":"BreadcrumbList","@id":"https:\/\/www.bthk.org\/azami-ucret-tarifesi\/#breadcrumb","itemListElement":[{"@type":"ListItem","position":1,"name":"Anasayfa","item":"https:\/\/www.bthk.org\/"},{"@type":"ListItem","position":2,"name":"Azami \u00dccret Tarifesi"}]},{"@type":"WebSite","@id":"https:\/\/www.bthk.org\/#website","url":"https:\/\/www.bthk.org\/","name":"Bilgi Teknolojileri ve Haberle\u015fme Kurumu","description":"","publisher":{"@id":"https:\/\/www.bthk.org\/#organization"},"potentialAction":[{"@type":"SearchAction","target":{"@type":"EntryPoint","urlTemplate":"https:\/\/www.bthk.org\/?s={search_term_string}"},"query-input":{"@type":"PropertyValueSpecification","valueRequired":true,"valueName":"search_term_string"}}],"inLanguage":"en-GB"},{"@type":"Organization","@id":"https:\/\/www.bthk.org\/#organization","name":"Bilgi Teknolojileri ve Haberle\u015fme Kurumu","url":"https:\/\/www.bthk.org\/","logo":{"@type":"ImageObject","inLanguage":"en-GB","@id":"https:\/\/www.bthk.org\/#\/schema\/logo\/image\/","url":"https:\/\/www.bthk.org\/wp-content\/uploads\/2025\/05\/bthk-logo.png","contentUrl":"https:\/\/www.bthk.org\/wp-content\/uploads\/2025\/05\/bthk-logo.png","width":278,"height":130,"caption":"Bilgi Teknolojileri ve Haberle\u015fme Kurumu"},"image":{"@id":"https:\/\/www.bthk.org\/#\/schema\/logo\/image\/"},"sameAs":["https:\/\/www.facebook.com\/BTHKurumu","https:\/\/www.instagram.com\/kktcbthk?igsh=NzMxa20zc3QydHBi"]}]}},"_links":{"self":[{"href":"https:\/\/www.bthk.org\/en\/wp-json\/wp\/v2\/pages\/700","targetHints":{"allow":["GET"]}}],"collection":[{"href":"https:\/\/www.bthk.org\/en\/wp-json\/wp\/v2\/pages"}],"about":[{"href":"https:\/\/www.bthk.org\/en\/wp-json\/wp\/v2\/types\/page"}],"author":[{"embeddable":true,"href":"https:\/\/www.bthk.org\/en\/wp-json\/wp\/v2\/users\/1"}],"replies":[{"embeddable":true,"href":"https:\/\/www.bthk.org\/en\/wp-json\/wp\/v2\/comments?post=700"}],"version-history":[{"count":0,"href":"https:\/\/www.bthk.org\/en\/wp-json\/wp\/v2\/pages\/700\/revisions"}],"wp:attachment":[{"href":"https:\/\/www.bthk.org\/en\/wp-json\/wp\/v2\/media?parent=700"}],"curies":[{"name":"wp","href":"https:\/\/api.w.org\/{rel}","templated":true}]}}