{"id":3789,"date":"2025-09-16T15:23:36","date_gmt":"2025-09-16T12:23:36","guid":{"rendered":"https:\/\/www.bthk.org\/?page_id=3789"},"modified":"2025-09-16T15:25:04","modified_gmt":"2025-09-16T12:25:04","slug":"mcks-universite","status":"publish","type":"page","link":"https:\/\/www.bthk.org\/en\/mcks-universite\/","title":{"rendered":"MCKS \u00dcniversite"},"content":{"rendered":"<div data-elementor-type=\"wp-page\" data-elementor-id=\"3789\" class=\"elementor elementor-3789\" data-elementor-post-type=\"page\">\n\t\t\t\t<div class=\"elementor-element elementor-element-38151b9 e-flex e-con-boxed e-con e-parent\" data-id=\"38151b9\" data-element_type=\"container\" data-e-type=\"container\">\n\t\t\t\t\t<div class=\"e-con-inner\">\n\t\t\t\t<div class=\"elementor-element elementor-element-421c1ae elementor-widget elementor-widget-shortcode\" data-id=\"421c1ae\" data-element_type=\"widget\" data-e-type=\"widget\" data-widget_type=\"shortcode.default\">\n\t\t\t\t<div class=\"elementor-widget-container\">\n\t\t\t\t\t\t\t<div class=\"elementor-shortcode\">  <style>\n    .campus-wrap {\n      max-width: 1000px;\n      margin: 0 auto;\n      padding: 40px 20px;\n      font-family: system-ui, -apple-system, \"Segoe UI\", Roboto, Arial, sans-serif;\n      color: #111827;\n    }\n    .campus-wrap h2 {\n      font-size: 26px;\n      font-weight: 700;\n      margin-bottom: 16px;\n      text-align: center;\n      color: #002147; \/* Kurumsal Lacivert *\/\n    }\n    .campus-wrap h3 {\n      font-size: 20px;\n      font-weight: 700;\n      margin: 24px 0 12px;\n      color: #002147;\n    }\n    .campus-wrap p {\n      margin: 0 0 16px;\n      line-height: 1.6;\n      font-size: 15px;\n      color: #374151;\n    }\n    .campus-box {\n      background: #fff;\n      border: 1px solid #e6e8ec;\n      border-radius: 12px;\n      padding: 20px;\n      margin-bottom: 24px;\n      box-shadow: 0 2px 6px rgba(0,0,0,0.05);\n    }\n    .campus-box.notice {\n      background: #f0f6ff; \/* A\u00e7\u0131k mavi *\/\n      border: 2px solid #002147;\n      padding: 24px;\n    }\n    .notice-header {\n      display: flex;\n      align-items: center;\n      justify-content: center;\n      margin-bottom: 12px;\n    }\n    .notice-icon {\n      font-size: 32px;\n      margin-right: 10px;\n    }\n    .campus-list {\n      margin: 0;\n      padding-left: 20px;\n    }\n    .campus-list li {\n      margin: 6px 0;\n      line-height: 1.6;\n    }\n    .campus-alert {\n      background: #fff1f0;\n      border: 1px solid #ffa39e;\n      border-radius: 12px;\n      padding: 16px;\n      color: #a8071a;\n      font-size: 14px;\n      margin-top: 16px;\n    }\n    .campus-note {\n      background: #fef9c3;\n      border: 1px solid #fde047;\n      border-radius: 12px;\n      padding: 16px;\n      font-size: 14px;\n      margin-top: 16px;\n    }\n  <\/style>\n\n  <div class=\"campus-wrap\" id=\"campus-69f486b0a8423\">\n\n    <!-- \ud83d\udccc Duyuru Kutusu -->\n    <div class=\"campus-box notice\">\n      <div class=\"notice-header\">\n        <span class=\"notice-icon\">\ud83d\udcc5<\/span>\n        <h2>\u00dcniversite Kamp\u00fcslerinde Kay\u0131t Duyurusu<\/h2>\n      <\/div>\n      <p>\n        A\u015fa\u011f\u0131da belirtilen tarihlerde \u00fcniversite kamp\u00fcslerinde olacak olan kay\u0131t birimi, \n        IMEI\u2019li cihazlar\u0131n\u0131za ait kay\u0131t i\u015flemlerini <strong>09:00 \u2013 14:00<\/strong> saatleri aras\u0131nda ger\u00e7ekle\u015ftirecektir. <br>\n        \u00dcniversite ziyaretleri esnas\u0131nda Kurum binas\u0131ndan da kay\u0131t i\u015flemleri yap\u0131lmaya devam edilecektir.\n      <\/p>\n      <ul class=\"campus-list\">\n        <li>1 \u2013 17 Ekim: Do\u011fu Akdeniz \u00dcniversitesi<\/li>\n        <li>21 Ekim \u2013 5 Kas\u0131m: Lefke Avrupa \u00dcniversitesi<\/li>\n      <\/ul>\n    <\/div>\n\n    <h2>\u00dcniversite Kamp\u00fcs\u00fcndeki Kay\u0131t S\u00fcreci ve Gerekli Evraklar<\/h2>\n    <p>\n      \u00dcniversite kamp\u00fcs\u00fcnde kurulacak MCKS kay\u0131t birimi ile IMEI\u2019li cihazlar\u0131n\u0131za ait kay\u0131t i\u015flemleri \n      <strong>09:00 \u2013 14:00<\/strong> saatleri aras\u0131nda ger\u00e7ekle\u015ftirilecektir.\n    <\/p>\n\n    <!-- \ud83d\udccc TC Vatanda\u015flar\u0131 -->\n    <div class=\"campus-box\">\n      <h3>T.C. Vatanda\u015flar\u0131 \u0130\u00e7in Gerekli Evraklar<\/h3>\n      <ul class=\"campus-list\">\n        <li>Dilek\u00e7e (Ba\u015fvuru s\u0131ras\u0131nda doldurulacakt\u0131r)<\/li>\n        <li>MCKS kayd\u0131 yap\u0131lacak IMEI\u2019li cihaz<\/li>\n        <li>T.C. Kimlik Kart\u0131 asl\u0131<\/li>\n        <li>T.C. Kimlik Kart\u0131 fotokopisi (2 adet)<\/li>\n        <li>\u00d6\u011frenci belgesi asl\u0131<\/li>\n        <li>\u00d6\u011frenci belgesi fotokopisi (1 adet)<\/li>\n        <li>Teknik uygunlu\u011fu ge\u00e7erli olan cihaza ait <strong>419,34 TL<\/strong> kay\u0131t \u00fccreti<\/li>\n      <\/ul>\n      <div class=\"campus-alert\">\n        \u2757 Kay\u0131t biriminde nakit kabul edilmemektedir. \u00d6deme banka kart\u0131 ile yap\u0131labilir.\n      <\/div>\n    <\/div>\n\n    <!-- \ud83d\udccc Yabanc\u0131 Uyruklular -->\n    <div class=\"campus-box\">\n      <h3>Yabanc\u0131 Uyruklular \u0130\u00e7in Gerekli Evraklar<\/h3>\n      <ul class=\"campus-list\">\n        <li>Dilek\u00e7e (Ba\u015fvuru s\u0131ras\u0131nda doldurulacakt\u0131r)<\/li>\n        <li>MCKS kayd\u0131 yap\u0131lacak IMEI\u2019li cihaz<\/li>\n        <li>Pasaportun asl\u0131<\/li>\n        <li>Pasaport fotokopisi (2 adet)<\/li>\n        <li>\u00d6\u011frenci belgesi asl\u0131<\/li>\n        <li>\u00d6\u011frenci belgesi fotokopisi (1 adet)<\/li>\n        <li>Teknik uygunlu\u011fu ge\u00e7erli olan cihaza ait <strong>419,34 TL<\/strong> kay\u0131t \u00fccreti<\/li>\n      <\/ul>\n      <div class=\"campus-alert\">\n        \u2757 Kay\u0131t biriminde nakit kabul edilmemektedir. \u00d6deme banka kart\u0131 ile yap\u0131labilir.\n      <\/div>\n    <\/div>\n\n    <!-- \ud83d\udccc G\u00fcmr\u00fck \u0130\u015flemleri -->\n    <div class=\"campus-box\">\n      <h3>G\u00fcmr\u00fck ve R\u00fcsumat Dairesi \u0130\u015flemleri<\/h3>\n      <p>\n        MCKS kay\u0131t biriminden al\u0131nan evrak ile en yak\u0131n <strong>G\u00fcmr\u00fck ve R\u00fcsumat Dairesi<\/strong> \u015fubesine gidilerek cihaz\u0131n\u0131za ait g\u00fcmr\u00fck vergisi \u00f6denmelidir. \n        \u00d6deme s\u0131ras\u0131nda a\u015fa\u011f\u0131daki belgeler ibraz edilmelidir:\n      <\/p>\n      <ul class=\"campus-list\">\n        <li>Kay\u0131t edilen IMEI\u2019li cihaz<\/li>\n        <li>Kimlik Kart\u0131 (T.C. Vatanda\u015flar\u0131 \u0130\u00e7in) veya Pasaport (Yabanc\u0131 Uyruklular \u0130\u00e7in)<\/li>\n        <li>MCKS kay\u0131t biriminden al\u0131nan evraklar<\/li>\n      <\/ul>\n      <p>\n        G\u00fcmr\u00fck \u00f6demesi sonras\u0131 al\u0131nan belge ile, MCKS kay\u0131t biriminden al\u0131nan fatura\/makbuz \n        <strong>Kuzey K\u0131br\u0131s Turkcell<\/strong> or <strong>Telsim Abone Kay\u0131t Merkezine<\/strong> teslim edilmelidir.\n        Evraklar\u0131n ibraz edilmemesi halinde kay\u0131t i\u015flemi tamamlanmaz.\n      <\/p>\n      <p>\ud83d\udcde Detayl\u0131 bilgi i\u00e7in BTHK \u00c7a\u011fr\u0131 Merkezi: <strong>0392 444 2845<\/strong><\/p>\n    <\/div>\n\n    <!-- \ud83d\udccc \u0130ndirimli Vergi -->\n    <div class=\"campus-box\">\n      <h3>\u0130ndirimli G\u00fcmr\u00fck Vergisinden Yararlanacak \u00d6\u011frencilerin Dikkatine<\/h3>\n      <ul class=\"campus-list\">\n        <li>\u00d6\u011frenci belgenizin \u00fcniversiteniz taraf\u0131ndan onayl\u0131 ve g\u00fcncel tarihli olmas\u0131 gerekmektedir.<\/li>\n        <li>Kay\u0131t s\u0131ras\u0131nda <strong>kendi ad\u0131n\u0131za kay\u0131tl\u0131 en az 1 mobil hat<\/strong> ibraz edilmelidir. (\u0130ndirimli vergiden faydalanarak kaydedilen telefonda yaln\u0131zca kendi ad\u0131n\u0131za kay\u0131tl\u0131 hatlar\u0131 kullanabilirsiniz.)<\/li>\n        <li>30.04.2025 tarihli ve 89 say\u0131l\u0131 Resmi Gazetede <em>G\u00fcmr\u00fck ve \u0130stihsal Yasas\u0131-2025 Ge\u00e7ici \u0130thaller (Y\u00fcksek \u00d6\u011frenim \u00d6\u011frencileri Ki\u015fisel E\u015fya) (De\u011fi\u015fiklik) T\u00fcz\u00fc\u011f\u00fc<\/em> ile de\u011fi\u015fiklik yap\u0131lm\u0131\u015ft\u0131r:<\/li>\n      <\/ul>\n      <ul class=\"campus-list\" style=\"margin-left:20px;\">\n        <li class=\"translation-block\"><p>A fixed tax of <strong>4,000 TL<\/strong> is applied for one mobile phone.<\/p><\/li>\n        <li>Bu haktan iki y\u0131l (<strong>24 ay<\/strong>) ge\u00e7meden tekrar yararlan\u0131lamaz.<\/li>\n        <li>24 aydan \u00f6nce cihaz\u0131n devredilmesi veya hak sahibine ait olmayan hat ile kullan\u0131lmas\u0131 durumunda cihaz kapat\u0131l\u0131r ve t\u00fcm vergilere ek olarak <strong>%50 ceza<\/strong> uygulan\u0131r. Sonras\u0131nda cihaz yeniden a\u00e7\u0131labilir.<\/li>\n      <\/ul>\n    <\/div>\n  <\/div>\n  <\/div>\n\t\t\t\t\t\t<\/div>\n\t\t\t\t<\/div>\n\t\t\t\t\t<\/div>\n\t\t\t\t<\/div>\n\t\t\t\t<\/div>","protected":false},"excerpt":{"rendered":"","protected":false},"author":2,"featured_media":0,"parent":0,"menu_order":0,"comment_status":"closed","ping_status":"closed","template":"","meta":{"_kad_post_transparent":"","_kad_post_title":"hide","_kad_post_layout":"fullwidth","_kad_post_sidebar_id":"","_kad_post_content_style":"unboxed","_kad_post_vertical_padding":"hide","_kad_post_feature":"hide","_kad_post_feature_position":"","_kad_post_header":false,"_kad_post_footer":false,"_kad_post_classname":"","footnotes":""},"class_list":["post-3789","page","type-page","status-publish","hentry"],"yoast_head":"<!-- This site is optimized with the Yoast SEO plugin v27.5 - https:\/\/yoast.com\/product\/yoast-seo-wordpress\/ -->\n<title>MCKS \u00dcniversite - Bilgi Teknolojileri ve Haberle\u015fme Kurumu<\/title>\n<meta name=\"robots\" content=\"index, follow, max-snippet:-1, max-image-preview:large, max-video-preview:-1\" \/>\n<link rel=\"canonical\" href=\"https:\/\/www.bthk.org\/en\/mcks-universite\/\" \/>\n<meta property=\"og:locale\" content=\"en_GB\" \/>\n<meta property=\"og:type\" content=\"article\" \/>\n<meta property=\"og:title\" content=\"MCKS \u00dcniversite - Bilgi Teknolojileri ve Haberle\u015fme Kurumu\" \/>\n<meta property=\"og:url\" content=\"https:\/\/www.bthk.org\/en\/mcks-universite\/\" \/>\n<meta property=\"og:site_name\" content=\"Bilgi Teknolojileri ve Haberle\u015fme Kurumu\" \/>\n<meta property=\"article:publisher\" content=\"https:\/\/www.facebook.com\/BTHKurumu\" \/>\n<meta property=\"article:modified_time\" content=\"2025-09-16T12:25:04+00:00\" \/>\n<meta name=\"twitter:card\" content=\"summary_large_image\" \/>\n<script type=\"application\/ld+json\" class=\"yoast-schema-graph\">{\"@context\":\"https:\\\/\\\/schema.org\",\"@graph\":[{\"@type\":\"WebPage\",\"@id\":\"https:\\\/\\\/www.bthk.org\\\/mcks-universite\\\/\",\"url\":\"https:\\\/\\\/www.bthk.org\\\/mcks-universite\\\/\",\"name\":\"MCKS \u00dcniversite - Bilgi Teknolojileri ve Haberle\u015fme Kurumu\",\"isPartOf\":{\"@id\":\"https:\\\/\\\/www.bthk.org\\\/#website\"},\"datePublished\":\"2025-09-16T12:23:36+00:00\",\"dateModified\":\"2025-09-16T12:25:04+00:00\",\"breadcrumb\":{\"@id\":\"https:\\\/\\\/www.bthk.org\\\/mcks-universite\\\/#breadcrumb\"},\"inLanguage\":\"en-GB\",\"potentialAction\":[{\"@type\":\"ReadAction\",\"target\":[\"https:\\\/\\\/www.bthk.org\\\/mcks-universite\\\/\"]}]},{\"@type\":\"BreadcrumbList\",\"@id\":\"https:\\\/\\\/www.bthk.org\\\/mcks-universite\\\/#breadcrumb\",\"itemListElement\":[{\"@type\":\"ListItem\",\"position\":1,\"name\":\"Anasayfa\",\"item\":\"https:\\\/\\\/www.bthk.org\\\/\"},{\"@type\":\"ListItem\",\"position\":2,\"name\":\"MCKS \u00dcniversite\"}]},{\"@type\":\"WebSite\",\"@id\":\"https:\\\/\\\/www.bthk.org\\\/#website\",\"url\":\"https:\\\/\\\/www.bthk.org\\\/\",\"name\":\"Bilgi Teknolojileri ve Haberle\u015fme Kurumu\",\"description\":\"\",\"publisher\":{\"@id\":\"https:\\\/\\\/www.bthk.org\\\/#organization\"},\"potentialAction\":[{\"@type\":\"SearchAction\",\"target\":{\"@type\":\"EntryPoint\",\"urlTemplate\":\"https:\\\/\\\/www.bthk.org\\\/?s={search_term_string}\"},\"query-input\":{\"@type\":\"PropertyValueSpecification\",\"valueRequired\":true,\"valueName\":\"search_term_string\"}}],\"inLanguage\":\"en-GB\"},{\"@type\":\"Organization\",\"@id\":\"https:\\\/\\\/www.bthk.org\\\/#organization\",\"name\":\"Bilgi Teknolojileri ve Haberle\u015fme Kurumu\",\"url\":\"https:\\\/\\\/www.bthk.org\\\/\",\"logo\":{\"@type\":\"ImageObject\",\"inLanguage\":\"en-GB\",\"@id\":\"https:\\\/\\\/www.bthk.org\\\/#\\\/schema\\\/logo\\\/image\\\/\",\"url\":\"https:\\\/\\\/www.bthk.org\\\/wp-content\\\/uploads\\\/2025\\\/05\\\/bthk-logo.png\",\"contentUrl\":\"https:\\\/\\\/www.bthk.org\\\/wp-content\\\/uploads\\\/2025\\\/05\\\/bthk-logo.png\",\"width\":278,\"height\":130,\"caption\":\"Bilgi Teknolojileri ve Haberle\u015fme Kurumu\"},\"image\":{\"@id\":\"https:\\\/\\\/www.bthk.org\\\/#\\\/schema\\\/logo\\\/image\\\/\"},\"sameAs\":[\"https:\\\/\\\/www.facebook.com\\\/BTHKurumu\",\"https:\\\/\\\/www.instagram.com\\\/kktcbthk?igsh=NzMxa20zc3QydHBi\"]}]}<\/script>\n<!-- \/ Yoast SEO plugin. -->","yoast_head_json":{"title":"MCKS \u00dcniversite - Bilgi Teknolojileri ve Haberle\u015fme Kurumu","robots":{"index":"index","follow":"follow","max-snippet":"max-snippet:-1","max-image-preview":"max-image-preview:large","max-video-preview":"max-video-preview:-1"},"canonical":"https:\/\/www.bthk.org\/en\/mcks-universite\/","og_locale":"en_GB","og_type":"article","og_title":"MCKS \u00dcniversite - Bilgi Teknolojileri ve Haberle\u015fme Kurumu","og_url":"https:\/\/www.bthk.org\/en\/mcks-universite\/","og_site_name":"Bilgi Teknolojileri ve Haberle\u015fme Kurumu","article_publisher":"https:\/\/www.facebook.com\/BTHKurumu","article_modified_time":"2025-09-16T12:25:04+00:00","twitter_card":"summary_large_image","schema":{"@context":"https:\/\/schema.org","@graph":[{"@type":"WebPage","@id":"https:\/\/www.bthk.org\/mcks-universite\/","url":"https:\/\/www.bthk.org\/mcks-universite\/","name":"MCKS \u00dcniversite - Bilgi Teknolojileri ve Haberle\u015fme Kurumu","isPartOf":{"@id":"https:\/\/www.bthk.org\/#website"},"datePublished":"2025-09-16T12:23:36+00:00","dateModified":"2025-09-16T12:25:04+00:00","breadcrumb":{"@id":"https:\/\/www.bthk.org\/mcks-universite\/#breadcrumb"},"inLanguage":"en-GB","potentialAction":[{"@type":"ReadAction","target":["https:\/\/www.bthk.org\/mcks-universite\/"]}]},{"@type":"BreadcrumbList","@id":"https:\/\/www.bthk.org\/mcks-universite\/#breadcrumb","itemListElement":[{"@type":"ListItem","position":1,"name":"Anasayfa","item":"https:\/\/www.bthk.org\/"},{"@type":"ListItem","position":2,"name":"MCKS \u00dcniversite"}]},{"@type":"WebSite","@id":"https:\/\/www.bthk.org\/#website","url":"https:\/\/www.bthk.org\/","name":"Bilgi Teknolojileri ve Haberle\u015fme Kurumu","description":"","publisher":{"@id":"https:\/\/www.bthk.org\/#organization"},"potentialAction":[{"@type":"SearchAction","target":{"@type":"EntryPoint","urlTemplate":"https:\/\/www.bthk.org\/?s={search_term_string}"},"query-input":{"@type":"PropertyValueSpecification","valueRequired":true,"valueName":"search_term_string"}}],"inLanguage":"en-GB"},{"@type":"Organization","@id":"https:\/\/www.bthk.org\/#organization","name":"Bilgi Teknolojileri ve Haberle\u015fme Kurumu","url":"https:\/\/www.bthk.org\/","logo":{"@type":"ImageObject","inLanguage":"en-GB","@id":"https:\/\/www.bthk.org\/#\/schema\/logo\/image\/","url":"https:\/\/www.bthk.org\/wp-content\/uploads\/2025\/05\/bthk-logo.png","contentUrl":"https:\/\/www.bthk.org\/wp-content\/uploads\/2025\/05\/bthk-logo.png","width":278,"height":130,"caption":"Bilgi Teknolojileri ve Haberle\u015fme Kurumu"},"image":{"@id":"https:\/\/www.bthk.org\/#\/schema\/logo\/image\/"},"sameAs":["https:\/\/www.facebook.com\/BTHKurumu","https:\/\/www.instagram.com\/kktcbthk?igsh=NzMxa20zc3QydHBi"]}]}},"_links":{"self":[{"href":"https:\/\/www.bthk.org\/en\/wp-json\/wp\/v2\/pages\/3789","targetHints":{"allow":["GET"]}}],"collection":[{"href":"https:\/\/www.bthk.org\/en\/wp-json\/wp\/v2\/pages"}],"about":[{"href":"https:\/\/www.bthk.org\/en\/wp-json\/wp\/v2\/types\/page"}],"author":[{"embeddable":true,"href":"https:\/\/www.bthk.org\/en\/wp-json\/wp\/v2\/users\/2"}],"replies":[{"embeddable":true,"href":"https:\/\/www.bthk.org\/en\/wp-json\/wp\/v2\/comments?post=3789"}],"version-history":[{"count":0,"href":"https:\/\/www.bthk.org\/en\/wp-json\/wp\/v2\/pages\/3789\/revisions"}],"wp:attachment":[{"href":"https:\/\/www.bthk.org\/en\/wp-json\/wp\/v2\/media?parent=3789"}],"curies":[{"name":"wp","href":"https:\/\/api.w.org\/{rel}","templated":true}]}}