{"id":346,"date":"2025-05-31T23:07:05","date_gmt":"2025-05-31T20:07:05","guid":{"rendered":"https:\/\/bthk.iseri.net\/?page_id=346"},"modified":"2025-06-22T15:41:17","modified_gmt":"2025-06-22T12:41:17","slug":"gorev-ve-yetkiler","status":"publish","type":"page","link":"https:\/\/www.bthk.org\/en\/gorev-ve-yetkiler\/","title":{"rendered":"Duties and Responsibilities"},"content":{"rendered":"<div data-elementor-type=\"wp-page\" data-elementor-id=\"346\" class=\"elementor elementor-346\" data-elementor-post-type=\"page\">\n\t\t\t\t<div class=\"elementor-element elementor-element-2f21113 e-flex e-con-boxed e-con e-parent\" data-id=\"2f21113\" data-element_type=\"container\" data-e-type=\"container\" id=\"main\">\n\t\t\t\t\t<div class=\"e-con-inner\">\n\t\t\t\t<div class=\"elementor-element elementor-element-b79fd0f elementor-widget elementor-widget-heading\" data-id=\"b79fd0f\" data-element_type=\"widget\" data-e-type=\"widget\" data-widget_type=\"heading.default\">\n\t\t\t\t<div class=\"elementor-widget-container\">\n\t\t\t\t\t<h1 class=\"elementor-heading-title elementor-size-default\">Duties and Responsibilities<\/h1>\t\t\t\t<\/div>\n\t\t\t\t<\/div>\n\t\t\t\t\t<\/div>\n\t\t\t\t<\/div>\n\t\t<div class=\"elementor-element elementor-element-e342162 e-flex e-con-boxed e-con e-parent\" data-id=\"e342162\" data-element_type=\"container\" data-e-type=\"container\">\n\t\t\t\t\t<div class=\"e-con-inner\">\n\t\t\t\t<div class=\"elementor-element elementor-element-060b290 elementor-widget elementor-widget-heading\" data-id=\"060b290\" data-element_type=\"widget\" data-e-type=\"widget\" data-widget_type=\"heading.default\">\n\t\t\t\t<div class=\"elementor-widget-container\">\n\t\t\t\t\t<h2 class=\"elementor-heading-title elementor-size-default\">Authorization<\/h2>\t\t\t\t<\/div>\n\t\t\t\t<\/div>\n\t\t\t\t<div class=\"elementor-element elementor-element-2d579b0 elementor-widget-divider--view-line elementor-invisible elementor-widget elementor-widget-divider\" data-id=\"2d579b0\" data-element_type=\"widget\" data-e-type=\"widget\" data-settings=\"{&quot;_animation&quot;:&quot;fadeInLeft&quot;}\" data-widget_type=\"divider.default\">\n\t\t\t\t<div class=\"elementor-widget-container\">\n\t\t\t\t\t\t\t<div class=\"elementor-divider\">\n\t\t\t<span class=\"elementor-divider-separator\">\n\t\t\t\t\t\t<\/span>\n\t\t<\/div>\n\t\t\t\t\t\t<\/div>\n\t\t\t\t<\/div>\n\t\t\t\t\t<\/div>\n\t\t\t\t<\/div>\n\t\t<div class=\"elementor-element elementor-element-461dec2 e-flex e-con-boxed e-con e-parent\" data-id=\"461dec2\" data-element_type=\"container\" data-e-type=\"container\">\n\t\t\t\t\t<div class=\"e-con-inner\">\n\t\t\t\t<div class=\"elementor-element elementor-element-fb3fafd elementor-widget elementor-widget-text-editor\" data-id=\"fb3fafd\" data-element_type=\"widget\" data-e-type=\"widget\" data-widget_type=\"text-editor.default\">\n\t\t\t\t<div class=\"elementor-widget-container\">\n\t\t\t\t\t\t\t\t\t<ul><li>Receiving, reviewing, and allowing applications to operate electronic communications networks and\/or provide electronic communications services<\/li><li>Receiving, reviewing, and allocating applications for frequency and number assignments<\/li><li>Determining the service quality of services to be provided by service providers<\/li><li>Developing the numbering plan and ensuring its effective use<\/li><li>Planning, managing, and allocating, coordinating, and registering spectrum<\/li><li>Establishing and Protecting Competition<\/li><li>Ensuring and protecting competition in the sector<\/li><li>Implementing regulations to eliminate practices that prevent, distort, or restrict competition<\/li><li>Monitoring, investigating, and imposing sanctions on competition violations occurring in the electronic communications sector<\/li><\/ul>\t\t\t\t\t\t\t\t<\/div>\n\t\t\t\t<\/div>\n\t\t\t\t\t<\/div>\n\t\t\t\t<\/div>\n\t\t<div class=\"elementor-element elementor-element-68534e1 e-flex e-con-boxed e-con e-parent\" data-id=\"68534e1\" data-element_type=\"container\" data-e-type=\"container\">\n\t\t\t\t\t<div class=\"e-con-inner\">\n\t\t\t\t<div class=\"elementor-element elementor-element-bfa7bac elementor-widget elementor-widget-heading\" data-id=\"bfa7bac\" data-element_type=\"widget\" data-e-type=\"widget\" data-widget_type=\"heading.default\">\n\t\t\t\t<div class=\"elementor-widget-container\">\n\t\t\t\t\t<h2 class=\"elementor-heading-title elementor-size-default\">Regulation and Supervision<\/h2>\t\t\t\t<\/div>\n\t\t\t\t<\/div>\n\t\t\t\t<div class=\"elementor-element elementor-element-6b70ab9 elementor-widget-divider--view-line elementor-invisible elementor-widget elementor-widget-divider\" data-id=\"6b70ab9\" data-element_type=\"widget\" data-e-type=\"widget\" data-settings=\"{&quot;_animation&quot;:&quot;fadeInLeft&quot;}\" data-widget_type=\"divider.default\">\n\t\t\t\t<div class=\"elementor-widget-container\">\n\t\t\t\t\t\t\t<div class=\"elementor-divider\">\n\t\t\t<span class=\"elementor-divider-separator\">\n\t\t\t\t\t\t<\/span>\n\t\t<\/div>\n\t\t\t\t\t\t<\/div>\n\t\t\t\t<\/div>\n\t\t\t\t\t<\/div>\n\t\t\t\t<\/div>\n\t\t<div class=\"elementor-element elementor-element-af25581 e-flex e-con-boxed e-con e-parent\" data-id=\"af25581\" data-element_type=\"container\" data-e-type=\"container\">\n\t\t\t\t\t<div class=\"e-con-inner\">\n\t\t\t\t<div class=\"elementor-element elementor-element-cc9f0e9 elementor-widget elementor-widget-text-editor\" data-id=\"cc9f0e9\" data-element_type=\"widget\" data-e-type=\"widget\" data-widget_type=\"text-editor.default\">\n\t\t\t\t<div class=\"elementor-widget-container\">\n\t\t\t\t\t\t\t\t\t<ul><li>Conducting market analysis for the sector<\/li><li>Taking additional corrective measures for communications providers with significant market power<\/li><li>Monitoring and supervising compliance with legislation by those operating in the sector<\/li><li>Implementing administrative fines and other sanctions in the event of non-compliance with the procedures prescribed by legislation<\/li><li>To carry out necessary regulations, monitoring, and auditing, including tariffs, access, access authorization, numbering, spectrum management, granting installation and use permits for radio devices and systems, spectrum monitoring and auditing, and market surveillance and auditing.<\/li><li>To issue conformity certificates for network and terminal equipment used in electronic communications.<\/li><li>To monitor and audit service quality and standards in the sector.<\/li><li>To develop, publish, monitor, and ensure compliance with standards for technical equipment and radio transmitters used in the electronic communications sector.<\/li><\/ul>\t\t\t\t\t\t\t\t<\/div>\n\t\t\t\t<\/div>\n\t\t\t\t\t<\/div>\n\t\t\t\t<\/div>\n\t\t<div class=\"elementor-element elementor-element-0fb638a e-flex e-con-boxed e-con e-parent\" data-id=\"0fb638a\" data-element_type=\"container\" data-e-type=\"container\">\n\t\t\t\t\t<div class=\"e-con-inner\">\n\t\t\t\t<div class=\"elementor-element elementor-element-e254ed2 elementor-widget elementor-widget-heading\" data-id=\"e254ed2\" data-element_type=\"widget\" data-e-type=\"widget\" data-widget_type=\"heading.default\">\n\t\t\t\t<div class=\"elementor-widget-container\">\n\t\t\t\t\t<h2 class=\"elementor-heading-title elementor-size-default\">Protection of Consumer Rights<\/h2>\t\t\t\t<\/div>\n\t\t\t\t<\/div>\n\t\t\t\t<div class=\"elementor-element elementor-element-67d2b64 elementor-widget-divider--view-line elementor-invisible elementor-widget elementor-widget-divider\" data-id=\"67d2b64\" data-element_type=\"widget\" data-e-type=\"widget\" data-settings=\"{&quot;_animation&quot;:&quot;fadeInLeft&quot;}\" data-widget_type=\"divider.default\">\n\t\t\t\t<div class=\"elementor-widget-container\">\n\t\t\t\t\t\t\t<div class=\"elementor-divider\">\n\t\t\t<span class=\"elementor-divider-separator\">\n\t\t\t\t\t\t<\/span>\n\t\t<\/div>\n\t\t\t\t\t\t<\/div>\n\t\t\t\t<\/div>\n\t\t\t\t\t<\/div>\n\t\t\t\t<\/div>\n\t\t<div class=\"elementor-element elementor-element-73c483a e-flex e-con-boxed e-con e-parent\" data-id=\"73c483a\" data-element_type=\"container\" data-e-type=\"container\">\n\t\t\t\t\t<div class=\"e-con-inner\">\n\t\t\t\t<div class=\"elementor-element elementor-element-6dd4930 elementor-widget elementor-widget-text-editor\" data-id=\"6dd4930\" data-element_type=\"widget\" data-e-type=\"widget\" data-widget_type=\"text-editor.default\">\n\t\t\t\t<div class=\"elementor-widget-container\">\n\t\t\t\t\t\t\t\t\t<ul><li>To monitor and audit necessary regulations regarding the rights of subscribers, users, consumers, and end users, as well as the processing and privacy protection of personal information.<\/li><\/ul>\t\t\t\t\t\t\t\t<\/div>\n\t\t\t\t<\/div>\n\t\t\t\t\t<\/div>\n\t\t\t\t<\/div>\n\t\t<div class=\"elementor-element elementor-element-c43877a e-flex e-con-boxed e-con e-parent\" data-id=\"c43877a\" data-element_type=\"container\" data-e-type=\"container\">\n\t\t\t\t\t<div class=\"e-con-inner\">\n\t\t\t\t<div class=\"elementor-element elementor-element-1790147 elementor-widget elementor-widget-heading\" data-id=\"1790147\" data-element_type=\"widget\" data-e-type=\"widget\" data-widget_type=\"heading.default\">\n\t\t\t\t<div class=\"elementor-widget-container\">\n\t\t\t\t\t<h2 class=\"elementor-heading-title elementor-size-default\">Reconciliation<\/h2>\t\t\t\t<\/div>\n\t\t\t\t<\/div>\n\t\t\t\t<div class=\"elementor-element elementor-element-458f93c elementor-widget-divider--view-line elementor-invisible elementor-widget elementor-widget-divider\" data-id=\"458f93c\" data-element_type=\"widget\" data-e-type=\"widget\" data-settings=\"{&quot;_animation&quot;:&quot;fadeInLeft&quot;}\" data-widget_type=\"divider.default\">\n\t\t\t\t<div class=\"elementor-widget-container\">\n\t\t\t\t\t\t\t<div class=\"elementor-divider\">\n\t\t\t<span class=\"elementor-divider-separator\">\n\t\t\t\t\t\t<\/span>\n\t\t<\/div>\n\t\t\t\t\t\t<\/div>\n\t\t\t\t<\/div>\n\t\t\t\t\t<\/div>\n\t\t\t\t<\/div>\n\t\t<div class=\"elementor-element elementor-element-f16e175 e-flex e-con-boxed e-con e-parent\" data-id=\"f16e175\" data-element_type=\"container\" data-e-type=\"container\">\n\t\t\t\t\t<div class=\"e-con-inner\">\n\t\t\t\t<div class=\"elementor-element elementor-element-b64d38c elementor-widget elementor-widget-text-editor\" data-id=\"b64d38c\" data-element_type=\"widget\" data-e-type=\"widget\" data-widget_type=\"text-editor.default\">\n\t\t\t\t<div class=\"elementor-widget-container\">\n\t\t\t\t\t\t\t\t\t<ul><li>To establish rational procedures for resolving disputes between communication providers and between communication providers and users regarding access, interconnection, or other regulated matters.<\/li><\/ul>\t\t\t\t\t\t\t\t<\/div>\n\t\t\t\t<\/div>\n\t\t\t\t\t<\/div>\n\t\t\t\t<\/div>\n\t\t<div class=\"elementor-element elementor-element-8b103f9 e-flex e-con-boxed e-con e-parent\" data-id=\"8b103f9\" data-element_type=\"container\" data-e-type=\"container\">\n\t\t\t\t\t<div class=\"e-con-inner\">\n\t\t\t\t<div class=\"elementor-element elementor-element-97d1806 elementor-widget elementor-widget-heading\" data-id=\"97d1806\" data-element_type=\"widget\" data-e-type=\"widget\" data-widget_type=\"heading.default\">\n\t\t\t\t<div class=\"elementor-widget-container\">\n\t\t\t\t\t<h2 class=\"elementor-heading-title elementor-size-default\">Technical Regulation and Standardization<\/h2>\t\t\t\t<\/div>\n\t\t\t\t<\/div>\n\t\t\t\t<div class=\"elementor-element elementor-element-47bf6f9 elementor-widget-divider--view-line elementor-invisible elementor-widget elementor-widget-divider\" data-id=\"47bf6f9\" data-element_type=\"widget\" data-e-type=\"widget\" data-settings=\"{&quot;_animation&quot;:&quot;fadeInLeft&quot;}\" data-widget_type=\"divider.default\">\n\t\t\t\t<div class=\"elementor-widget-container\">\n\t\t\t\t\t\t\t<div class=\"elementor-divider\">\n\t\t\t<span class=\"elementor-divider-separator\">\n\t\t\t\t\t\t<\/span>\n\t\t<\/div>\n\t\t\t\t\t\t<\/div>\n\t\t\t\t<\/div>\n\t\t\t\t\t<\/div>\n\t\t\t\t<\/div>\n\t\t<div class=\"elementor-element elementor-element-8c51242 e-flex e-con-boxed e-con e-parent\" data-id=\"8c51242\" data-element_type=\"container\" data-e-type=\"container\">\n\t\t\t\t\t<div class=\"e-con-inner\">\n\t\t\t\t<div class=\"elementor-element elementor-element-5e62422 elementor-widget elementor-widget-text-editor\" data-id=\"5e62422\" data-element_type=\"widget\" data-e-type=\"widget\" data-widget_type=\"text-editor.default\">\n\t\t\t\t<div class=\"elementor-widget-container\">\n\t\t\t\t\t\t\t\t\t<ul><li>To perform general measurements regarding the use of channels and frequency bands and the technical and operational characteristics of transmitted electromagnetic signals, and to control and audit these.<\/li><li>Unauthorized to detect and block radio transmitters and sources of high-frequency electromagnetic emissions and radio interference, and to work to resolve other issues related to the efficient use of the radio spectrum.<\/li><li>To promote the efficient and high-quality use of the radio frequency spectrum by different radio transmitters in electronic communications and to coordinate the deployment of many radio transmitters to ensure the efficient use of space.<\/li><li>To take measures specified in legislation to ensure the proper protection of national security, public order, or public service in the electronic communications sector.<\/li><li>Informatics<\/li><li>To monitor developments in the electronic communications sector and conduct necessary research to encourage the development of the sector.<\/li><\/ul>\t\t\t\t\t\t\t\t<\/div>\n\t\t\t\t<\/div>\n\t\t\t\t\t<\/div>\n\t\t\t\t<\/div>\n\t\t\t\t<\/div>","protected":false},"excerpt":{"rendered":"<p>G\u00f6rev ve Yetkiler Yetkilendirme Elektronik haberle\u015fme \u015febekeleri i\u015fletme ve\/veya elektronik haberle\u015fme hizmeti sa\u011flama ba\u015fvurular\u0131n\u0131 alma,inceleme ve yetkilendirme Frekans ve Numara ba\u015fvurular\u0131n\u0131 alma, inceleme ve tahsislerini yapma Hizmet sa\u011flay\u0131c\u0131lar\u0131 taraf\u0131ndan sunulacak hizmetlerin hizmet kalitesinin belirlenmesi Numaraland\u0131rma plan\u0131n\u0131n yap\u0131lmas\u0131, etkin ve verimli kullan\u0131lmas\u0131n\u0131n sa\u011flanmas\u0131 Spektrumun planlanmas\u0131,y\u00f6netimi, frekanslar\u0131n tahsisi, koordinasyonu ve tescilinin belirlenmesi Rekabetin Tesisi ve Korunmas\u0131 Sekt\u00f6rdeki&#8230;<\/p>","protected":false},"author":1,"featured_media":0,"parent":0,"menu_order":0,"comment_status":"closed","ping_status":"closed","template":"elementor_header_footer","meta":{"_kad_post_transparent":"default","_kad_post_title":"hide","_kad_post_layout":"fullwidth","_kad_post_sidebar_id":"","_kad_post_content_style":"unboxed","_kad_post_vertical_padding":"hide","_kad_post_feature":"hide","_kad_post_feature_position":"","_kad_post_header":false,"_kad_post_footer":false,"_kad_post_classname":"","footnotes":""},"class_list":["post-346","page","type-page","status-publish","hentry"],"yoast_head":"<!-- This site is optimized with the Yoast SEO plugin v27.4 - https:\/\/yoast.com\/product\/yoast-seo-wordpress\/ -->\n<title>G\u00f6rev ve Yetkiler - Bilgi Teknolojileri ve Haberle\u015fme Kurumu<\/title>\n<meta name=\"robots\" content=\"index, follow, max-snippet:-1, max-image-preview:large, max-video-preview:-1\" \/>\n<link rel=\"canonical\" href=\"https:\/\/www.bthk.org\/en\/gorev-ve-yetkiler\/\" \/>\n<meta property=\"og:locale\" content=\"en_GB\" \/>\n<meta property=\"og:type\" content=\"article\" \/>\n<meta property=\"og:title\" content=\"G\u00f6rev ve Yetkiler - Bilgi Teknolojileri ve Haberle\u015fme Kurumu\" \/>\n<meta property=\"og:description\" content=\"G\u00f6rev ve Yetkiler Yetkilendirme Elektronik haberle\u015fme \u015febekeleri i\u015fletme ve\/veya elektronik haberle\u015fme hizmeti sa\u011flama ba\u015fvurular\u0131n\u0131 alma,inceleme ve yetkilendirme Frekans ve Numara ba\u015fvurular\u0131n\u0131 alma, inceleme ve tahsislerini yapma Hizmet sa\u011flay\u0131c\u0131lar\u0131 taraf\u0131ndan sunulacak hizmetlerin hizmet kalitesinin belirlenmesi Numaraland\u0131rma plan\u0131n\u0131n yap\u0131lmas\u0131, etkin ve verimli kullan\u0131lmas\u0131n\u0131n sa\u011flanmas\u0131 Spektrumun planlanmas\u0131,y\u00f6netimi, frekanslar\u0131n tahsisi, koordinasyonu ve tescilinin belirlenmesi Rekabetin Tesisi ve Korunmas\u0131 Sekt\u00f6rdeki...\" \/>\n<meta property=\"og:url\" content=\"https:\/\/www.bthk.org\/en\/gorev-ve-yetkiler\/\" \/>\n<meta property=\"og:site_name\" content=\"Bilgi Teknolojileri ve Haberle\u015fme Kurumu\" \/>\n<meta property=\"article:publisher\" content=\"https:\/\/www.facebook.com\/BTHKurumu\" \/>\n<meta property=\"article:modified_time\" content=\"2025-06-22T12:41:17+00:00\" \/>\n<meta name=\"twitter:card\" content=\"summary_large_image\" \/>\n<meta name=\"twitter:label1\" content=\"Estimated reading time\" \/>\n\t<meta name=\"twitter:data1\" content=\"3 minutes\" \/>\n<script type=\"application\/ld+json\" class=\"yoast-schema-graph\">{\"@context\":\"https:\\\/\\\/schema.org\",\"@graph\":[{\"@type\":\"WebPage\",\"@id\":\"https:\\\/\\\/www.bthk.org\\\/gorev-ve-yetkiler\\\/\",\"url\":\"https:\\\/\\\/www.bthk.org\\\/gorev-ve-yetkiler\\\/\",\"name\":\"G\u00f6rev ve Yetkiler - Bilgi Teknolojileri ve Haberle\u015fme Kurumu\",\"isPartOf\":{\"@id\":\"https:\\\/\\\/www.bthk.org\\\/#website\"},\"datePublished\":\"2025-05-31T20:07:05+00:00\",\"dateModified\":\"2025-06-22T12:41:17+00:00\",\"breadcrumb\":{\"@id\":\"https:\\\/\\\/www.bthk.org\\\/gorev-ve-yetkiler\\\/#breadcrumb\"},\"inLanguage\":\"en-GB\",\"potentialAction\":[{\"@type\":\"ReadAction\",\"target\":[\"https:\\\/\\\/www.bthk.org\\\/gorev-ve-yetkiler\\\/\"]}]},{\"@type\":\"BreadcrumbList\",\"@id\":\"https:\\\/\\\/www.bthk.org\\\/gorev-ve-yetkiler\\\/#breadcrumb\",\"itemListElement\":[{\"@type\":\"ListItem\",\"position\":1,\"name\":\"Anasayfa\",\"item\":\"https:\\\/\\\/www.bthk.org\\\/\"},{\"@type\":\"ListItem\",\"position\":2,\"name\":\"G\u00f6rev ve Yetkiler\"}]},{\"@type\":\"WebSite\",\"@id\":\"https:\\\/\\\/www.bthk.org\\\/#website\",\"url\":\"https:\\\/\\\/www.bthk.org\\\/\",\"name\":\"Bilgi Teknolojileri ve Haberle\u015fme Kurumu\",\"description\":\"\",\"publisher\":{\"@id\":\"https:\\\/\\\/www.bthk.org\\\/#organization\"},\"potentialAction\":[{\"@type\":\"SearchAction\",\"target\":{\"@type\":\"EntryPoint\",\"urlTemplate\":\"https:\\\/\\\/www.bthk.org\\\/?s={search_term_string}\"},\"query-input\":{\"@type\":\"PropertyValueSpecification\",\"valueRequired\":true,\"valueName\":\"search_term_string\"}}],\"inLanguage\":\"en-GB\"},{\"@type\":\"Organization\",\"@id\":\"https:\\\/\\\/www.bthk.org\\\/#organization\",\"name\":\"Bilgi Teknolojileri ve Haberle\u015fme Kurumu\",\"url\":\"https:\\\/\\\/www.bthk.org\\\/\",\"logo\":{\"@type\":\"ImageObject\",\"inLanguage\":\"en-GB\",\"@id\":\"https:\\\/\\\/www.bthk.org\\\/#\\\/schema\\\/logo\\\/image\\\/\",\"url\":\"https:\\\/\\\/www.bthk.org\\\/wp-content\\\/uploads\\\/2025\\\/05\\\/bthk-logo.png\",\"contentUrl\":\"https:\\\/\\\/www.bthk.org\\\/wp-content\\\/uploads\\\/2025\\\/05\\\/bthk-logo.png\",\"width\":278,\"height\":130,\"caption\":\"Bilgi Teknolojileri ve Haberle\u015fme Kurumu\"},\"image\":{\"@id\":\"https:\\\/\\\/www.bthk.org\\\/#\\\/schema\\\/logo\\\/image\\\/\"},\"sameAs\":[\"https:\\\/\\\/www.facebook.com\\\/BTHKurumu\",\"https:\\\/\\\/www.instagram.com\\\/kktcbthk?igsh=NzMxa20zc3QydHBi\"]}]}<\/script>\n<!-- \/ Yoast SEO plugin. -->","yoast_head_json":{"title":"G\u00f6rev ve Yetkiler - Bilgi Teknolojileri ve Haberle\u015fme Kurumu","robots":{"index":"index","follow":"follow","max-snippet":"max-snippet:-1","max-image-preview":"max-image-preview:large","max-video-preview":"max-video-preview:-1"},"canonical":"https:\/\/www.bthk.org\/en\/gorev-ve-yetkiler\/","og_locale":"en_GB","og_type":"article","og_title":"G\u00f6rev ve Yetkiler - Bilgi Teknolojileri ve Haberle\u015fme Kurumu","og_description":"G\u00f6rev ve Yetkiler Yetkilendirme Elektronik haberle\u015fme \u015febekeleri i\u015fletme ve\/veya elektronik haberle\u015fme hizmeti sa\u011flama ba\u015fvurular\u0131n\u0131 alma,inceleme ve yetkilendirme Frekans ve Numara ba\u015fvurular\u0131n\u0131 alma, inceleme ve tahsislerini yapma Hizmet sa\u011flay\u0131c\u0131lar\u0131 taraf\u0131ndan sunulacak hizmetlerin hizmet kalitesinin belirlenmesi Numaraland\u0131rma plan\u0131n\u0131n yap\u0131lmas\u0131, etkin ve verimli kullan\u0131lmas\u0131n\u0131n sa\u011flanmas\u0131 Spektrumun planlanmas\u0131,y\u00f6netimi, frekanslar\u0131n tahsisi, koordinasyonu ve tescilinin belirlenmesi Rekabetin Tesisi ve Korunmas\u0131 Sekt\u00f6rdeki...","og_url":"https:\/\/www.bthk.org\/en\/gorev-ve-yetkiler\/","og_site_name":"Bilgi Teknolojileri ve Haberle\u015fme Kurumu","article_publisher":"https:\/\/www.facebook.com\/BTHKurumu","article_modified_time":"2025-06-22T12:41:17+00:00","twitter_card":"summary_large_image","twitter_misc":{"Estimated reading time":"3 minutes"},"schema":{"@context":"https:\/\/schema.org","@graph":[{"@type":"WebPage","@id":"https:\/\/www.bthk.org\/gorev-ve-yetkiler\/","url":"https:\/\/www.bthk.org\/gorev-ve-yetkiler\/","name":"G\u00f6rev ve Yetkiler - Bilgi Teknolojileri ve Haberle\u015fme Kurumu","isPartOf":{"@id":"https:\/\/www.bthk.org\/#website"},"datePublished":"2025-05-31T20:07:05+00:00","dateModified":"2025-06-22T12:41:17+00:00","breadcrumb":{"@id":"https:\/\/www.bthk.org\/gorev-ve-yetkiler\/#breadcrumb"},"inLanguage":"en-GB","potentialAction":[{"@type":"ReadAction","target":["https:\/\/www.bthk.org\/gorev-ve-yetkiler\/"]}]},{"@type":"BreadcrumbList","@id":"https:\/\/www.bthk.org\/gorev-ve-yetkiler\/#breadcrumb","itemListElement":[{"@type":"ListItem","position":1,"name":"Anasayfa","item":"https:\/\/www.bthk.org\/"},{"@type":"ListItem","position":2,"name":"G\u00f6rev ve Yetkiler"}]},{"@type":"WebSite","@id":"https:\/\/www.bthk.org\/#website","url":"https:\/\/www.bthk.org\/","name":"Bilgi Teknolojileri ve Haberle\u015fme Kurumu","description":"","publisher":{"@id":"https:\/\/www.bthk.org\/#organization"},"potentialAction":[{"@type":"SearchAction","target":{"@type":"EntryPoint","urlTemplate":"https:\/\/www.bthk.org\/?s={search_term_string}"},"query-input":{"@type":"PropertyValueSpecification","valueRequired":true,"valueName":"search_term_string"}}],"inLanguage":"en-GB"},{"@type":"Organization","@id":"https:\/\/www.bthk.org\/#organization","name":"Bilgi Teknolojileri ve Haberle\u015fme Kurumu","url":"https:\/\/www.bthk.org\/","logo":{"@type":"ImageObject","inLanguage":"en-GB","@id":"https:\/\/www.bthk.org\/#\/schema\/logo\/image\/","url":"https:\/\/www.bthk.org\/wp-content\/uploads\/2025\/05\/bthk-logo.png","contentUrl":"https:\/\/www.bthk.org\/wp-content\/uploads\/2025\/05\/bthk-logo.png","width":278,"height":130,"caption":"Bilgi Teknolojileri ve Haberle\u015fme Kurumu"},"image":{"@id":"https:\/\/www.bthk.org\/#\/schema\/logo\/image\/"},"sameAs":["https:\/\/www.facebook.com\/BTHKurumu","https:\/\/www.instagram.com\/kktcbthk?igsh=NzMxa20zc3QydHBi"]}]}},"_links":{"self":[{"href":"https:\/\/www.bthk.org\/en\/wp-json\/wp\/v2\/pages\/346","targetHints":{"allow":["GET"]}}],"collection":[{"href":"https:\/\/www.bthk.org\/en\/wp-json\/wp\/v2\/pages"}],"about":[{"href":"https:\/\/www.bthk.org\/en\/wp-json\/wp\/v2\/types\/page"}],"author":[{"embeddable":true,"href":"https:\/\/www.bthk.org\/en\/wp-json\/wp\/v2\/users\/1"}],"replies":[{"embeddable":true,"href":"https:\/\/www.bthk.org\/en\/wp-json\/wp\/v2\/comments?post=346"}],"version-history":[{"count":0,"href":"https:\/\/www.bthk.org\/en\/wp-json\/wp\/v2\/pages\/346\/revisions"}],"wp:attachment":[{"href":"https:\/\/www.bthk.org\/en\/wp-json\/wp\/v2\/media?parent=346"}],"curies":[{"name":"wp","href":"https:\/\/api.w.org\/{rel}","templated":true}]}}