{"id":341,"date":"2025-05-31T22:56:52","date_gmt":"2025-05-31T19:56:52","guid":{"rendered":"https:\/\/bthk.iseri.net\/?page_id=341"},"modified":"2025-06-22T15:37:00","modified_gmt":"2025-06-22T12:37:00","slug":"biz-kimiz","status":"publish","type":"page","link":"https:\/\/www.bthk.org\/en\/biz-kimiz\/","title":{"rendered":"Who we are?"},"content":{"rendered":"<div data-elementor-type=\"wp-page\" data-elementor-id=\"341\" class=\"elementor elementor-341\" data-elementor-post-type=\"page\">\n\t\t\t\t<div class=\"elementor-element elementor-element-b3db30c e-flex e-con-boxed e-con e-parent\" data-id=\"b3db30c\" data-element_type=\"container\" data-e-type=\"container\" id=\"main\">\n\t\t\t\t\t<div class=\"e-con-inner\">\n\t\t\t\t<div class=\"elementor-element elementor-element-db42a6b elementor-widget elementor-widget-heading\" data-id=\"db42a6b\" data-element_type=\"widget\" data-e-type=\"widget\" data-widget_type=\"heading.default\">\n\t\t\t\t<div class=\"elementor-widget-container\">\n\t\t\t\t\t<h1 class=\"elementor-heading-title elementor-size-default\">Who we are?<\/h1>\t\t\t\t<\/div>\n\t\t\t\t<\/div>\n\t\t\t\t<div class=\"elementor-element elementor-element-94f2662 elementor-widget-divider--view-line elementor-invisible elementor-widget elementor-widget-divider\" data-id=\"94f2662\" data-element_type=\"widget\" data-e-type=\"widget\" data-settings=\"{&quot;_animation&quot;:&quot;fadeInLeft&quot;}\" data-widget_type=\"divider.default\">\n\t\t\t\t<div class=\"elementor-widget-container\">\n\t\t\t\t\t\t\t<div class=\"elementor-divider\">\n\t\t\t<span class=\"elementor-divider-separator\">\n\t\t\t\t\t\t<\/span>\n\t\t<\/div>\n\t\t\t\t\t\t<\/div>\n\t\t\t\t<\/div>\n\t\t\t\t\t<\/div>\n\t\t\t\t<\/div>\n\t\t<div class=\"elementor-element elementor-element-ca8cf3b e-flex e-con-boxed e-con e-parent\" data-id=\"ca8cf3b\" data-element_type=\"container\" data-e-type=\"container\">\n\t\t\t\t\t<div class=\"e-con-inner\">\n\t\t\t\t<div class=\"elementor-element elementor-element-8e8520d elementor-widget elementor-widget-text-editor\" data-id=\"8e8520d\" data-element_type=\"widget\" data-e-type=\"widget\" data-widget_type=\"text-editor.default\">\n\t\t\t\t<div class=\"elementor-widget-container\">\n\t\t\t\t\t\t\t\t\t<p>The Information Technologies and Communications Authority, established by Electronic Communications Law No. 6-2012 to regulate and supervise the electronic communications sector through an independent administrative authority, is a legal entity with financial and administrative autonomy under the rules established by law and is independent in its functions.<\/p><p>A board of seven members, including the President and Vice President, governs the Authority. The Authority's management and representational authority rests with the chairman of the Board, who is the Authority's chief executive officer, and the President. The President, Vice President, and Board members may serve a maximum of three terms. Their terms of office are five years for the first two terms and three years for the third term.<\/p>\t\t\t\t\t\t\t\t<\/div>\n\t\t\t\t<\/div>\n\t\t\t\t\t<\/div>\n\t\t\t\t<\/div>\n\t\t\t\t<\/div>","protected":false},"excerpt":{"rendered":"<p>Biz Kimiz Elektronik haberle\u015fme sekt\u00f6r\u00fcn\u00fc d\u00fczenleme ve denetleme fonksiyonunun ba\u011f\u0131ms\u0131z bir idari otorite taraf\u0131ndan y\u00fcr\u00fct\u00fclmesi amac\u0131yla 6-2012 say\u0131l\u0131 Elektronik Haberle\u015fme Yasas\u0131 ile kurulan Bilgi Teknolojileri ve Haberle\u015fme Kurumu yasa ile belirlenen kurallar uyar\u0131nca mali ve idari \u00f6zerkli\u011fe sahip bir t\u00fczel ki\u015fi olup i\u015flevlerinde ba\u011f\u0131ms\u0131zd\u0131r. Kurum, Ba\u015fkan ve Ba\u015fkan Yard\u0131mc\u0131s\u0131 da dahil olmak \u00fczere toplam yedi&#8230;<\/p>","protected":false},"author":1,"featured_media":0,"parent":0,"menu_order":0,"comment_status":"closed","ping_status":"closed","template":"elementor_header_footer","meta":{"_kad_post_transparent":"default","_kad_post_title":"hide","_kad_post_layout":"fullwidth","_kad_post_sidebar_id":"","_kad_post_content_style":"unboxed","_kad_post_vertical_padding":"hide","_kad_post_feature":"hide","_kad_post_feature_position":"","_kad_post_header":false,"_kad_post_footer":false,"_kad_post_classname":"","footnotes":""},"class_list":["post-341","page","type-page","status-publish","hentry"],"yoast_head":"<!-- This site is optimized with the Yoast SEO plugin v27.4 - https:\/\/yoast.com\/product\/yoast-seo-wordpress\/ -->\n<title>Biz Kimiz - Bilgi Teknolojileri ve Haberle\u015fme Kurumu<\/title>\n<meta name=\"robots\" content=\"index, follow, max-snippet:-1, max-image-preview:large, max-video-preview:-1\" \/>\n<link rel=\"canonical\" href=\"https:\/\/www.bthk.org\/en\/biz-kimiz\/\" \/>\n<meta property=\"og:locale\" content=\"en_GB\" \/>\n<meta property=\"og:type\" content=\"article\" \/>\n<meta property=\"og:title\" content=\"Biz Kimiz - Bilgi Teknolojileri ve Haberle\u015fme Kurumu\" \/>\n<meta property=\"og:description\" content=\"Biz Kimiz Elektronik haberle\u015fme sekt\u00f6r\u00fcn\u00fc d\u00fczenleme ve denetleme fonksiyonunun ba\u011f\u0131ms\u0131z bir idari otorite taraf\u0131ndan y\u00fcr\u00fct\u00fclmesi amac\u0131yla 6-2012 say\u0131l\u0131 Elektronik Haberle\u015fme Yasas\u0131 ile kurulan Bilgi Teknolojileri ve Haberle\u015fme Kurumu yasa ile belirlenen kurallar uyar\u0131nca mali ve idari \u00f6zerkli\u011fe sahip bir t\u00fczel ki\u015fi olup i\u015flevlerinde ba\u011f\u0131ms\u0131zd\u0131r. Kurum, Ba\u015fkan ve Ba\u015fkan Yard\u0131mc\u0131s\u0131 da dahil olmak \u00fczere toplam yedi...\" \/>\n<meta property=\"og:url\" content=\"https:\/\/www.bthk.org\/en\/biz-kimiz\/\" \/>\n<meta property=\"og:site_name\" content=\"Bilgi Teknolojileri ve Haberle\u015fme Kurumu\" \/>\n<meta property=\"article:publisher\" content=\"https:\/\/www.facebook.com\/BTHKurumu\" \/>\n<meta property=\"article:modified_time\" content=\"2025-06-22T12:37:00+00:00\" \/>\n<meta name=\"twitter:card\" content=\"summary_large_image\" \/>\n<meta name=\"twitter:label1\" content=\"Estimated reading time\" \/>\n\t<meta name=\"twitter:data1\" content=\"1 minute\" \/>\n<script type=\"application\/ld+json\" class=\"yoast-schema-graph\">{\"@context\":\"https:\\\/\\\/schema.org\",\"@graph\":[{\"@type\":\"WebPage\",\"@id\":\"https:\\\/\\\/www.bthk.org\\\/biz-kimiz\\\/\",\"url\":\"https:\\\/\\\/www.bthk.org\\\/biz-kimiz\\\/\",\"name\":\"Biz Kimiz - Bilgi Teknolojileri ve Haberle\u015fme Kurumu\",\"isPartOf\":{\"@id\":\"https:\\\/\\\/www.bthk.org\\\/#website\"},\"datePublished\":\"2025-05-31T19:56:52+00:00\",\"dateModified\":\"2025-06-22T12:37:00+00:00\",\"breadcrumb\":{\"@id\":\"https:\\\/\\\/www.bthk.org\\\/biz-kimiz\\\/#breadcrumb\"},\"inLanguage\":\"en-GB\",\"potentialAction\":[{\"@type\":\"ReadAction\",\"target\":[\"https:\\\/\\\/www.bthk.org\\\/biz-kimiz\\\/\"]}]},{\"@type\":\"BreadcrumbList\",\"@id\":\"https:\\\/\\\/www.bthk.org\\\/biz-kimiz\\\/#breadcrumb\",\"itemListElement\":[{\"@type\":\"ListItem\",\"position\":1,\"name\":\"Anasayfa\",\"item\":\"https:\\\/\\\/www.bthk.org\\\/\"},{\"@type\":\"ListItem\",\"position\":2,\"name\":\"Biz Kimiz\"}]},{\"@type\":\"WebSite\",\"@id\":\"https:\\\/\\\/www.bthk.org\\\/#website\",\"url\":\"https:\\\/\\\/www.bthk.org\\\/\",\"name\":\"Bilgi Teknolojileri ve Haberle\u015fme Kurumu\",\"description\":\"\",\"publisher\":{\"@id\":\"https:\\\/\\\/www.bthk.org\\\/#organization\"},\"potentialAction\":[{\"@type\":\"SearchAction\",\"target\":{\"@type\":\"EntryPoint\",\"urlTemplate\":\"https:\\\/\\\/www.bthk.org\\\/?s={search_term_string}\"},\"query-input\":{\"@type\":\"PropertyValueSpecification\",\"valueRequired\":true,\"valueName\":\"search_term_string\"}}],\"inLanguage\":\"en-GB\"},{\"@type\":\"Organization\",\"@id\":\"https:\\\/\\\/www.bthk.org\\\/#organization\",\"name\":\"Bilgi Teknolojileri ve Haberle\u015fme Kurumu\",\"url\":\"https:\\\/\\\/www.bthk.org\\\/\",\"logo\":{\"@type\":\"ImageObject\",\"inLanguage\":\"en-GB\",\"@id\":\"https:\\\/\\\/www.bthk.org\\\/#\\\/schema\\\/logo\\\/image\\\/\",\"url\":\"https:\\\/\\\/www.bthk.org\\\/wp-content\\\/uploads\\\/2025\\\/05\\\/bthk-logo.png\",\"contentUrl\":\"https:\\\/\\\/www.bthk.org\\\/wp-content\\\/uploads\\\/2025\\\/05\\\/bthk-logo.png\",\"width\":278,\"height\":130,\"caption\":\"Bilgi Teknolojileri ve Haberle\u015fme Kurumu\"},\"image\":{\"@id\":\"https:\\\/\\\/www.bthk.org\\\/#\\\/schema\\\/logo\\\/image\\\/\"},\"sameAs\":[\"https:\\\/\\\/www.facebook.com\\\/BTHKurumu\",\"https:\\\/\\\/www.instagram.com\\\/kktcbthk?igsh=NzMxa20zc3QydHBi\"]}]}<\/script>\n<!-- \/ Yoast SEO plugin. -->","yoast_head_json":{"title":"Biz Kimiz - Bilgi Teknolojileri ve Haberle\u015fme Kurumu","robots":{"index":"index","follow":"follow","max-snippet":"max-snippet:-1","max-image-preview":"max-image-preview:large","max-video-preview":"max-video-preview:-1"},"canonical":"https:\/\/www.bthk.org\/en\/biz-kimiz\/","og_locale":"en_GB","og_type":"article","og_title":"Biz Kimiz - Bilgi Teknolojileri ve Haberle\u015fme Kurumu","og_description":"Biz Kimiz Elektronik haberle\u015fme sekt\u00f6r\u00fcn\u00fc d\u00fczenleme ve denetleme fonksiyonunun ba\u011f\u0131ms\u0131z bir idari otorite taraf\u0131ndan y\u00fcr\u00fct\u00fclmesi amac\u0131yla 6-2012 say\u0131l\u0131 Elektronik Haberle\u015fme Yasas\u0131 ile kurulan Bilgi Teknolojileri ve Haberle\u015fme Kurumu yasa ile belirlenen kurallar uyar\u0131nca mali ve idari \u00f6zerkli\u011fe sahip bir t\u00fczel ki\u015fi olup i\u015flevlerinde ba\u011f\u0131ms\u0131zd\u0131r. Kurum, Ba\u015fkan ve Ba\u015fkan Yard\u0131mc\u0131s\u0131 da dahil olmak \u00fczere toplam yedi...","og_url":"https:\/\/www.bthk.org\/en\/biz-kimiz\/","og_site_name":"Bilgi Teknolojileri ve Haberle\u015fme Kurumu","article_publisher":"https:\/\/www.facebook.com\/BTHKurumu","article_modified_time":"2025-06-22T12:37:00+00:00","twitter_card":"summary_large_image","twitter_misc":{"Estimated reading time":"1 minute"},"schema":{"@context":"https:\/\/schema.org","@graph":[{"@type":"WebPage","@id":"https:\/\/www.bthk.org\/biz-kimiz\/","url":"https:\/\/www.bthk.org\/biz-kimiz\/","name":"Biz Kimiz - Bilgi Teknolojileri ve Haberle\u015fme Kurumu","isPartOf":{"@id":"https:\/\/www.bthk.org\/#website"},"datePublished":"2025-05-31T19:56:52+00:00","dateModified":"2025-06-22T12:37:00+00:00","breadcrumb":{"@id":"https:\/\/www.bthk.org\/biz-kimiz\/#breadcrumb"},"inLanguage":"en-GB","potentialAction":[{"@type":"ReadAction","target":["https:\/\/www.bthk.org\/biz-kimiz\/"]}]},{"@type":"BreadcrumbList","@id":"https:\/\/www.bthk.org\/biz-kimiz\/#breadcrumb","itemListElement":[{"@type":"ListItem","position":1,"name":"Anasayfa","item":"https:\/\/www.bthk.org\/"},{"@type":"ListItem","position":2,"name":"Biz Kimiz"}]},{"@type":"WebSite","@id":"https:\/\/www.bthk.org\/#website","url":"https:\/\/www.bthk.org\/","name":"Bilgi Teknolojileri ve Haberle\u015fme Kurumu","description":"","publisher":{"@id":"https:\/\/www.bthk.org\/#organization"},"potentialAction":[{"@type":"SearchAction","target":{"@type":"EntryPoint","urlTemplate":"https:\/\/www.bthk.org\/?s={search_term_string}"},"query-input":{"@type":"PropertyValueSpecification","valueRequired":true,"valueName":"search_term_string"}}],"inLanguage":"en-GB"},{"@type":"Organization","@id":"https:\/\/www.bthk.org\/#organization","name":"Bilgi Teknolojileri ve Haberle\u015fme Kurumu","url":"https:\/\/www.bthk.org\/","logo":{"@type":"ImageObject","inLanguage":"en-GB","@id":"https:\/\/www.bthk.org\/#\/schema\/logo\/image\/","url":"https:\/\/www.bthk.org\/wp-content\/uploads\/2025\/05\/bthk-logo.png","contentUrl":"https:\/\/www.bthk.org\/wp-content\/uploads\/2025\/05\/bthk-logo.png","width":278,"height":130,"caption":"Bilgi Teknolojileri ve Haberle\u015fme Kurumu"},"image":{"@id":"https:\/\/www.bthk.org\/#\/schema\/logo\/image\/"},"sameAs":["https:\/\/www.facebook.com\/BTHKurumu","https:\/\/www.instagram.com\/kktcbthk?igsh=NzMxa20zc3QydHBi"]}]}},"_links":{"self":[{"href":"https:\/\/www.bthk.org\/en\/wp-json\/wp\/v2\/pages\/341","targetHints":{"allow":["GET"]}}],"collection":[{"href":"https:\/\/www.bthk.org\/en\/wp-json\/wp\/v2\/pages"}],"about":[{"href":"https:\/\/www.bthk.org\/en\/wp-json\/wp\/v2\/types\/page"}],"author":[{"embeddable":true,"href":"https:\/\/www.bthk.org\/en\/wp-json\/wp\/v2\/users\/1"}],"replies":[{"embeddable":true,"href":"https:\/\/www.bthk.org\/en\/wp-json\/wp\/v2\/comments?post=341"}],"version-history":[{"count":0,"href":"https:\/\/www.bthk.org\/en\/wp-json\/wp\/v2\/pages\/341\/revisions"}],"wp:attachment":[{"href":"https:\/\/www.bthk.org\/en\/wp-json\/wp\/v2\/media?parent=341"}],"curies":[{"name":"wp","href":"https:\/\/api.w.org\/{rel}","templated":true}]}}