{"id":3257,"date":"2025-07-17T14:40:18","date_gmt":"2025-07-17T11:40:18","guid":{"rendered":"https:\/\/www.bthk.org\/?page_id=3257"},"modified":"2025-09-26T13:42:20","modified_gmt":"2025-09-26T10:42:20","slug":"ufuk-2033-bilisim-adasi-kibris-vizyon-calistayi-sonuc-raporu","status":"publish","type":"page","link":"https:\/\/www.bthk.org\/en\/ufuk-2033-bilisim-adasi-kibris-vizyon-calistayi-sonuc-raporu\/","title":{"rendered":"Horizon 2033 Information Island CYPRUS Vision Workshop Final Report"},"content":{"rendered":"<div data-elementor-type=\"wp-page\" data-elementor-id=\"3257\" class=\"elementor elementor-3257\" data-elementor-post-type=\"page\">\n\t\t\t\t<div class=\"elementor-element elementor-element-929aecf e-flex e-con-boxed e-con e-parent\" data-id=\"929aecf\" data-element_type=\"container\" data-e-type=\"container\">\n\t\t\t\t\t<div class=\"e-con-inner\">\n\t\t\t\t<div class=\"elementor-element elementor-element-e1742b6 elementor-widget elementor-widget-spacer\" data-id=\"e1742b6\" data-element_type=\"widget\" data-e-type=\"widget\" data-widget_type=\"spacer.default\">\n\t\t\t\t<div class=\"elementor-widget-container\">\n\t\t\t\t\t\t\t<div class=\"elementor-spacer\">\n\t\t\t<div class=\"elementor-spacer-inner\"><\/div>\n\t\t<\/div>\n\t\t\t\t\t\t<\/div>\n\t\t\t\t<\/div>\n\t\t\t\t<div class=\"elementor-element elementor-element-45287d0 elementor-widget elementor-widget-heading\" data-id=\"45287d0\" data-element_type=\"widget\" data-e-type=\"widget\" data-widget_type=\"heading.default\">\n\t\t\t\t<div class=\"elementor-widget-container\">\n\t\t\t\t\t<h2 class=\"elementor-heading-title elementor-size-default\">Horizon 2033 Information Island CYPRUS Vision Workshop Final Report<\/h2>\t\t\t\t<\/div>\n\t\t\t\t<\/div>\n\t\t\t\t<div class=\"elementor-element elementor-element-59e9417 elementor-widget-divider--view-line elementor-invisible elementor-widget elementor-widget-divider\" data-id=\"59e9417\" data-element_type=\"widget\" data-e-type=\"widget\" data-settings=\"{&quot;_animation&quot;:&quot;fadeInLeft&quot;}\" data-widget_type=\"divider.default\">\n\t\t\t\t<div class=\"elementor-widget-container\">\n\t\t\t\t\t\t\t<div class=\"elementor-divider\">\n\t\t\t<span class=\"elementor-divider-separator\">\n\t\t\t\t\t\t<\/span>\n\t\t<\/div>\n\t\t\t\t\t\t<\/div>\n\t\t\t\t<\/div>\n\t\t\t\t\t<\/div>\n\t\t\t\t<\/div>\n\t\t<div class=\"elementor-element elementor-element-5ce88d8 e-flex e-con-boxed e-con e-parent\" data-id=\"5ce88d8\" data-element_type=\"container\" data-e-type=\"container\">\n\t\t\t\t\t<div class=\"e-con-inner\">\n\t\t\t\t<div class=\"elementor-element elementor-element-121d230 elementor-widget elementor-widget-text-editor\" data-id=\"121d230\" data-element_type=\"widget\" data-e-type=\"widget\" data-widget_type=\"text-editor.default\">\n\t\t\t\t<div class=\"elementor-widget-container\">\n\t\t\t\t\t\t\t\t\t<p class=\"translation-block\"><strong>Horizon 2033: Information Island CYPRUS Vision Workshop<\/strong> was held in Nicosia on June 6, 2024, under the auspices of the Ministry of Public Works and Transportation of the Turkish Republic of Northern Cyprus (TRNC), in cooperation with the Turkish Informatics Association (TBD) and the Information Technologies and Communication Authority of the Turkish Republic of Northern Cyprus (BTHK). The final report of the workshop can be accessed <a href=\"https:\/\/www.bthk.org\/Documents\/raporlar\/UFUK2033BiliimAdasKIBRISSonuRaporu.v10.pdf\"><strong>here<\/strong><\/a>.<\/p>\t\t\t\t\t\t\t\t<\/div>\n\t\t\t\t<\/div>\n\t\t\t\t\t<\/div>\n\t\t\t\t<\/div>\n\t\t\t\t<\/div>","protected":false},"excerpt":{"rendered":"<p>Ufuk 2033 Bili\u015fim Adas\u0131 KIBRIS Vizyon \u00c7al\u0131\u015ftay\u0131 Sonu\u00e7 Raporu Ufuk 2033: Bili\u015fim Adas\u0131 KIBRIS Vizyon \u00c7al\u0131\u015ftay\u0131, Kuzey K\u0131br\u0131s T\u00fcrk Cumhuriyeti (KKTC) Bay\u0131nd\u0131rl\u0131k ve Ula\u015ft\u0131rma Bakanl\u0131\u011f\u0131 himayesinde; T\u00fcrkiye Bili\u015fim Derne\u011fi (TBD) ile Kuzey K\u0131br\u0131s T\u00fcrk Cumhuriyeti Bilgi Teknolojileri ve Haberle\u015fme Kurumu (BTHK) i\u015f birli\u011fiyle, 6 Haziran 2024 tarihinde Lefko\u015fa\u2019da ger\u00e7ekle\u015ftirilmi\u015ftir. \u00c7al\u0131\u015ftay sonucunda haz\u0131rlanan rapora\u00a0buradan ula\u015fabilirsiniz.<\/p>","protected":false},"author":2,"featured_media":0,"parent":0,"menu_order":0,"comment_status":"closed","ping_status":"closed","template":"","meta":{"_kad_post_transparent":"","_kad_post_title":"hide","_kad_post_layout":"fullwidth","_kad_post_sidebar_id":"","_kad_post_content_style":"unboxed","_kad_post_vertical_padding":"hide","_kad_post_feature":"hide","_kad_post_feature_position":"","_kad_post_header":false,"_kad_post_footer":false,"_kad_post_classname":"","footnotes":""},"class_list":["post-3257","page","type-page","status-publish","hentry"],"yoast_head":"<!-- This site is optimized with the Yoast SEO plugin v27.4 - https:\/\/yoast.com\/product\/yoast-seo-wordpress\/ -->\n<title>Ufuk 2033 Bili\u015fim Adas\u0131 KIBRIS Vizyon \u00c7al\u0131\u015ftay\u0131 Sonu\u00e7 Raporu - Bilgi Teknolojileri ve Haberle\u015fme Kurumu<\/title>\n<meta name=\"robots\" content=\"index, follow, max-snippet:-1, max-image-preview:large, max-video-preview:-1\" \/>\n<link rel=\"canonical\" href=\"https:\/\/www.bthk.org\/en\/ufuk-2033-bilisim-adasi-kibris-vizyon-calistayi-sonuc-raporu\/\" \/>\n<meta property=\"og:locale\" content=\"en_GB\" \/>\n<meta property=\"og:type\" content=\"article\" \/>\n<meta property=\"og:title\" content=\"Ufuk 2033 Bili\u015fim Adas\u0131 KIBRIS Vizyon \u00c7al\u0131\u015ftay\u0131 Sonu\u00e7 Raporu - Bilgi Teknolojileri ve Haberle\u015fme Kurumu\" \/>\n<meta property=\"og:description\" content=\"Ufuk 2033 Bili\u015fim Adas\u0131 KIBRIS Vizyon \u00c7al\u0131\u015ftay\u0131 Sonu\u00e7 Raporu Ufuk 2033: Bili\u015fim Adas\u0131 KIBRIS Vizyon \u00c7al\u0131\u015ftay\u0131, Kuzey K\u0131br\u0131s T\u00fcrk Cumhuriyeti (KKTC) Bay\u0131nd\u0131rl\u0131k ve Ula\u015ft\u0131rma Bakanl\u0131\u011f\u0131 himayesinde; T\u00fcrkiye Bili\u015fim Derne\u011fi (TBD) ile Kuzey K\u0131br\u0131s T\u00fcrk Cumhuriyeti Bilgi Teknolojileri ve Haberle\u015fme Kurumu (BTHK) i\u015f birli\u011fiyle, 6 Haziran 2024 tarihinde Lefko\u015fa\u2019da ger\u00e7ekle\u015ftirilmi\u015ftir. \u00c7al\u0131\u015ftay sonucunda haz\u0131rlanan rapora\u00a0buradan ula\u015fabilirsiniz.\" \/>\n<meta property=\"og:url\" content=\"https:\/\/www.bthk.org\/en\/ufuk-2033-bilisim-adasi-kibris-vizyon-calistayi-sonuc-raporu\/\" \/>\n<meta property=\"og:site_name\" content=\"Bilgi Teknolojileri ve Haberle\u015fme Kurumu\" \/>\n<meta property=\"article:publisher\" content=\"https:\/\/www.facebook.com\/BTHKurumu\" \/>\n<meta property=\"article:modified_time\" content=\"2025-09-26T10:42:20+00:00\" \/>\n<meta name=\"twitter:card\" content=\"summary_large_image\" \/>\n<meta name=\"twitter:label1\" content=\"Estimated reading time\" \/>\n\t<meta name=\"twitter:data1\" content=\"1 minute\" \/>\n<script type=\"application\/ld+json\" class=\"yoast-schema-graph\">{\"@context\":\"https:\\\/\\\/schema.org\",\"@graph\":[{\"@type\":\"WebPage\",\"@id\":\"https:\\\/\\\/www.bthk.org\\\/ufuk-2033-bilisim-adasi-kibris-vizyon-calistayi-sonuc-raporu\\\/\",\"url\":\"https:\\\/\\\/www.bthk.org\\\/ufuk-2033-bilisim-adasi-kibris-vizyon-calistayi-sonuc-raporu\\\/\",\"name\":\"Ufuk 2033 Bili\u015fim Adas\u0131 KIBRIS Vizyon \u00c7al\u0131\u015ftay\u0131 Sonu\u00e7 Raporu - Bilgi Teknolojileri ve Haberle\u015fme Kurumu\",\"isPartOf\":{\"@id\":\"https:\\\/\\\/www.bthk.org\\\/#website\"},\"datePublished\":\"2025-07-17T11:40:18+00:00\",\"dateModified\":\"2025-09-26T10:42:20+00:00\",\"breadcrumb\":{\"@id\":\"https:\\\/\\\/www.bthk.org\\\/ufuk-2033-bilisim-adasi-kibris-vizyon-calistayi-sonuc-raporu\\\/#breadcrumb\"},\"inLanguage\":\"en-GB\",\"potentialAction\":[{\"@type\":\"ReadAction\",\"target\":[\"https:\\\/\\\/www.bthk.org\\\/ufuk-2033-bilisim-adasi-kibris-vizyon-calistayi-sonuc-raporu\\\/\"]}]},{\"@type\":\"BreadcrumbList\",\"@id\":\"https:\\\/\\\/www.bthk.org\\\/ufuk-2033-bilisim-adasi-kibris-vizyon-calistayi-sonuc-raporu\\\/#breadcrumb\",\"itemListElement\":[{\"@type\":\"ListItem\",\"position\":1,\"name\":\"Anasayfa\",\"item\":\"https:\\\/\\\/www.bthk.org\\\/\"},{\"@type\":\"ListItem\",\"position\":2,\"name\":\"Ufuk 2033 Bili\u015fim Adas\u0131 KIBRIS Vizyon \u00c7al\u0131\u015ftay\u0131 Sonu\u00e7 Raporu\"}]},{\"@type\":\"WebSite\",\"@id\":\"https:\\\/\\\/www.bthk.org\\\/#website\",\"url\":\"https:\\\/\\\/www.bthk.org\\\/\",\"name\":\"Bilgi Teknolojileri ve Haberle\u015fme Kurumu\",\"description\":\"\",\"publisher\":{\"@id\":\"https:\\\/\\\/www.bthk.org\\\/#organization\"},\"potentialAction\":[{\"@type\":\"SearchAction\",\"target\":{\"@type\":\"EntryPoint\",\"urlTemplate\":\"https:\\\/\\\/www.bthk.org\\\/?s={search_term_string}\"},\"query-input\":{\"@type\":\"PropertyValueSpecification\",\"valueRequired\":true,\"valueName\":\"search_term_string\"}}],\"inLanguage\":\"en-GB\"},{\"@type\":\"Organization\",\"@id\":\"https:\\\/\\\/www.bthk.org\\\/#organization\",\"name\":\"Bilgi Teknolojileri ve Haberle\u015fme Kurumu\",\"url\":\"https:\\\/\\\/www.bthk.org\\\/\",\"logo\":{\"@type\":\"ImageObject\",\"inLanguage\":\"en-GB\",\"@id\":\"https:\\\/\\\/www.bthk.org\\\/#\\\/schema\\\/logo\\\/image\\\/\",\"url\":\"https:\\\/\\\/www.bthk.org\\\/wp-content\\\/uploads\\\/2025\\\/05\\\/bthk-logo.png\",\"contentUrl\":\"https:\\\/\\\/www.bthk.org\\\/wp-content\\\/uploads\\\/2025\\\/05\\\/bthk-logo.png\",\"width\":278,\"height\":130,\"caption\":\"Bilgi Teknolojileri ve Haberle\u015fme Kurumu\"},\"image\":{\"@id\":\"https:\\\/\\\/www.bthk.org\\\/#\\\/schema\\\/logo\\\/image\\\/\"},\"sameAs\":[\"https:\\\/\\\/www.facebook.com\\\/BTHKurumu\",\"https:\\\/\\\/www.instagram.com\\\/kktcbthk?igsh=NzMxa20zc3QydHBi\"]}]}<\/script>\n<!-- \/ Yoast SEO plugin. -->","yoast_head_json":{"title":"Ufuk 2033 Bili\u015fim Adas\u0131 KIBRIS Vizyon \u00c7al\u0131\u015ftay\u0131 Sonu\u00e7 Raporu - Bilgi Teknolojileri ve Haberle\u015fme Kurumu","robots":{"index":"index","follow":"follow","max-snippet":"max-snippet:-1","max-image-preview":"max-image-preview:large","max-video-preview":"max-video-preview:-1"},"canonical":"https:\/\/www.bthk.org\/en\/ufuk-2033-bilisim-adasi-kibris-vizyon-calistayi-sonuc-raporu\/","og_locale":"en_GB","og_type":"article","og_title":"Ufuk 2033 Bili\u015fim Adas\u0131 KIBRIS Vizyon \u00c7al\u0131\u015ftay\u0131 Sonu\u00e7 Raporu - Bilgi Teknolojileri ve Haberle\u015fme Kurumu","og_description":"Ufuk 2033 Bili\u015fim Adas\u0131 KIBRIS Vizyon \u00c7al\u0131\u015ftay\u0131 Sonu\u00e7 Raporu Ufuk 2033: Bili\u015fim Adas\u0131 KIBRIS Vizyon \u00c7al\u0131\u015ftay\u0131, Kuzey K\u0131br\u0131s T\u00fcrk Cumhuriyeti (KKTC) Bay\u0131nd\u0131rl\u0131k ve Ula\u015ft\u0131rma Bakanl\u0131\u011f\u0131 himayesinde; T\u00fcrkiye Bili\u015fim Derne\u011fi (TBD) ile Kuzey K\u0131br\u0131s T\u00fcrk Cumhuriyeti Bilgi Teknolojileri ve Haberle\u015fme Kurumu (BTHK) i\u015f birli\u011fiyle, 6 Haziran 2024 tarihinde Lefko\u015fa\u2019da ger\u00e7ekle\u015ftirilmi\u015ftir. \u00c7al\u0131\u015ftay sonucunda haz\u0131rlanan rapora\u00a0buradan ula\u015fabilirsiniz.","og_url":"https:\/\/www.bthk.org\/en\/ufuk-2033-bilisim-adasi-kibris-vizyon-calistayi-sonuc-raporu\/","og_site_name":"Bilgi Teknolojileri ve Haberle\u015fme Kurumu","article_publisher":"https:\/\/www.facebook.com\/BTHKurumu","article_modified_time":"2025-09-26T10:42:20+00:00","twitter_card":"summary_large_image","twitter_misc":{"Estimated reading time":"1 minute"},"schema":{"@context":"https:\/\/schema.org","@graph":[{"@type":"WebPage","@id":"https:\/\/www.bthk.org\/ufuk-2033-bilisim-adasi-kibris-vizyon-calistayi-sonuc-raporu\/","url":"https:\/\/www.bthk.org\/ufuk-2033-bilisim-adasi-kibris-vizyon-calistayi-sonuc-raporu\/","name":"Ufuk 2033 Bili\u015fim Adas\u0131 KIBRIS Vizyon \u00c7al\u0131\u015ftay\u0131 Sonu\u00e7 Raporu - Bilgi Teknolojileri ve Haberle\u015fme Kurumu","isPartOf":{"@id":"https:\/\/www.bthk.org\/#website"},"datePublished":"2025-07-17T11:40:18+00:00","dateModified":"2025-09-26T10:42:20+00:00","breadcrumb":{"@id":"https:\/\/www.bthk.org\/ufuk-2033-bilisim-adasi-kibris-vizyon-calistayi-sonuc-raporu\/#breadcrumb"},"inLanguage":"en-GB","potentialAction":[{"@type":"ReadAction","target":["https:\/\/www.bthk.org\/ufuk-2033-bilisim-adasi-kibris-vizyon-calistayi-sonuc-raporu\/"]}]},{"@type":"BreadcrumbList","@id":"https:\/\/www.bthk.org\/ufuk-2033-bilisim-adasi-kibris-vizyon-calistayi-sonuc-raporu\/#breadcrumb","itemListElement":[{"@type":"ListItem","position":1,"name":"Anasayfa","item":"https:\/\/www.bthk.org\/"},{"@type":"ListItem","position":2,"name":"Ufuk 2033 Bili\u015fim Adas\u0131 KIBRIS Vizyon \u00c7al\u0131\u015ftay\u0131 Sonu\u00e7 Raporu"}]},{"@type":"WebSite","@id":"https:\/\/www.bthk.org\/#website","url":"https:\/\/www.bthk.org\/","name":"Bilgi Teknolojileri ve Haberle\u015fme Kurumu","description":"","publisher":{"@id":"https:\/\/www.bthk.org\/#organization"},"potentialAction":[{"@type":"SearchAction","target":{"@type":"EntryPoint","urlTemplate":"https:\/\/www.bthk.org\/?s={search_term_string}"},"query-input":{"@type":"PropertyValueSpecification","valueRequired":true,"valueName":"search_term_string"}}],"inLanguage":"en-GB"},{"@type":"Organization","@id":"https:\/\/www.bthk.org\/#organization","name":"Bilgi Teknolojileri ve Haberle\u015fme Kurumu","url":"https:\/\/www.bthk.org\/","logo":{"@type":"ImageObject","inLanguage":"en-GB","@id":"https:\/\/www.bthk.org\/#\/schema\/logo\/image\/","url":"https:\/\/www.bthk.org\/wp-content\/uploads\/2025\/05\/bthk-logo.png","contentUrl":"https:\/\/www.bthk.org\/wp-content\/uploads\/2025\/05\/bthk-logo.png","width":278,"height":130,"caption":"Bilgi Teknolojileri ve Haberle\u015fme Kurumu"},"image":{"@id":"https:\/\/www.bthk.org\/#\/schema\/logo\/image\/"},"sameAs":["https:\/\/www.facebook.com\/BTHKurumu","https:\/\/www.instagram.com\/kktcbthk?igsh=NzMxa20zc3QydHBi"]}]}},"_links":{"self":[{"href":"https:\/\/www.bthk.org\/en\/wp-json\/wp\/v2\/pages\/3257","targetHints":{"allow":["GET"]}}],"collection":[{"href":"https:\/\/www.bthk.org\/en\/wp-json\/wp\/v2\/pages"}],"about":[{"href":"https:\/\/www.bthk.org\/en\/wp-json\/wp\/v2\/types\/page"}],"author":[{"embeddable":true,"href":"https:\/\/www.bthk.org\/en\/wp-json\/wp\/v2\/users\/2"}],"replies":[{"embeddable":true,"href":"https:\/\/www.bthk.org\/en\/wp-json\/wp\/v2\/comments?post=3257"}],"version-history":[{"count":0,"href":"https:\/\/www.bthk.org\/en\/wp-json\/wp\/v2\/pages\/3257\/revisions"}],"wp:attachment":[{"href":"https:\/\/www.bthk.org\/en\/wp-json\/wp\/v2\/media?parent=3257"}],"curies":[{"name":"wp","href":"https:\/\/api.w.org\/{rel}","templated":true}]}}