{"id":2713,"date":"2025-06-26T16:04:05","date_gmt":"2025-06-26T13:04:05","guid":{"rendered":"https:\/\/www.bthk.org\/?page_id=2713"},"modified":"2026-02-26T16:08:51","modified_gmt":"2026-02-26T14:08:51","slug":"online-islemler","status":"publish","type":"page","link":"https:\/\/www.bthk.org\/en\/online-islemler\/","title":{"rendered":"online i\u015flemler"},"content":{"rendered":"<div data-elementor-type=\"wp-page\" data-elementor-id=\"2713\" class=\"elementor elementor-2713\" data-elementor-post-type=\"page\">\n\t\t\t\t<div class=\"elementor-element elementor-element-9b9a6c8 e-flex e-con-boxed e-con e-parent\" data-id=\"9b9a6c8\" data-element_type=\"container\" data-e-type=\"container\" id=\"main\">\n\t\t\t\t\t<div class=\"e-con-inner\">\n\t\t\t\t<div class=\"elementor-element elementor-element-95a7612 main elementor-widget elementor-widget-heading\" data-id=\"95a7612\" data-element_type=\"widget\" data-e-type=\"widget\" data-widget_type=\"heading.default\">\n\t\t\t\t<div class=\"elementor-widget-container\">\n\t\t\t\t\t<h2 class=\"elementor-heading-title elementor-size-default\">Online Services<\/h2>\t\t\t\t<\/div>\n\t\t\t\t<\/div>\n\t\t\t\t<div class=\"elementor-element elementor-element-fdae49c animated-slow elementor-widget-divider--view-line elementor-invisible elementor-widget elementor-widget-divider\" data-id=\"fdae49c\" data-element_type=\"widget\" data-e-type=\"widget\" data-settings=\"{&quot;_animation&quot;:&quot;zoomIn&quot;}\" data-widget_type=\"divider.default\">\n\t\t\t\t<div class=\"elementor-widget-container\">\n\t\t\t\t\t\t\t<div class=\"elementor-divider\">\n\t\t\t<span class=\"elementor-divider-separator\">\n\t\t\t\t\t\t<\/span>\n\t\t<\/div>\n\t\t\t\t\t\t<\/div>\n\t\t\t\t<\/div>\n\t\t\t\t\t<\/div>\n\t\t\t\t<\/div>\n\t\t<div class=\"elementor-element elementor-element-9ab7e3c e-flex e-con-boxed e-con e-parent\" data-id=\"9ab7e3c\" data-element_type=\"container\" data-e-type=\"container\">\n\t\t\t\t\t<div class=\"e-con-inner\">\n\t\t\t\t<div class=\"elementor-element elementor-element-af21b6a elementor-widget__width-inherit elementor-position-top elementor-widget elementor-widget-image-box\" data-id=\"af21b6a\" data-element_type=\"widget\" data-e-type=\"widget\" data-widget_type=\"image-box.default\">\n\t\t\t\t<div class=\"elementor-widget-container\">\n\t\t\t\t\t<div class=\"elementor-image-box-wrapper\"><figure class=\"elementor-image-box-img\"><a href=\"https:\/\/www.bthk.org\/en\/payment\/\" tabindex=\"-1\"><img fetchpriority=\"high\" decoding=\"async\" width=\"2560\" height=\"1920\" src=\"https:\/\/www.bthk.org\/wp-content\/uploads\/2025\/06\/online-payment-security-concept-3d-phone-bill-scaled.webp\" class=\"elementor-animation-grow-rotate attachment-full size-full wp-image-2716\" alt=\"Online Payment\" srcset=\"https:\/\/www.bthk.org\/wp-content\/uploads\/2025\/06\/online-payment-security-concept-3d-phone-bill-scaled.webp 2560w, https:\/\/www.bthk.org\/wp-content\/uploads\/2025\/06\/online-payment-security-concept-3d-phone-bill-300x225.webp 300w, https:\/\/www.bthk.org\/wp-content\/uploads\/2025\/06\/online-payment-security-concept-3d-phone-bill-1024x768.webp 1024w, https:\/\/www.bthk.org\/wp-content\/uploads\/2025\/06\/online-payment-security-concept-3d-phone-bill-768x576.webp 768w, https:\/\/www.bthk.org\/wp-content\/uploads\/2025\/06\/online-payment-security-concept-3d-phone-bill-1536x1152.webp 1536w, https:\/\/www.bthk.org\/wp-content\/uploads\/2025\/06\/online-payment-security-concept-3d-phone-bill-2048x1536.webp 2048w, https:\/\/www.bthk.org\/wp-content\/uploads\/2025\/06\/online-payment-security-concept-3d-phone-bill-16x12.webp 16w\" sizes=\"(max-width: 2560px) 100vw, 2560px\" \/><\/a><\/figure><div class=\"elementor-image-box-content\"><h2 class=\"elementor-image-box-title\"><a href=\"https:\/\/www.bthk.org\/en\/payment\/\">Online(\u00c7evrimi\u00e7i) \u00d6deme<\/a><\/h2><\/div><\/div>\t\t\t\t<\/div>\n\t\t\t\t<\/div>\n\t\t\t\t<div class=\"elementor-element elementor-element-bd51db1 elementor-widget__width-inherit elementor-position-top elementor-widget elementor-widget-image-box\" data-id=\"bd51db1\" data-element_type=\"widget\" data-e-type=\"widget\" data-widget_type=\"image-box.default\">\n\t\t\t\t<div class=\"elementor-widget-container\">\n\t\t\t\t\t<div class=\"elementor-image-box-wrapper\"><figure class=\"elementor-image-box-img\"><a href=\"https:\/\/www.bthk.org\/en\/imei-sorgula\/\" tabindex=\"-1\"><img decoding=\"async\" width=\"2560\" height=\"2560\" src=\"https:\/\/www.bthk.org\/wp-content\/uploads\/2025\/06\/5674572_53510-scaled.webp\" class=\"elementor-animation-grow-rotate attachment-full size-full wp-image-2727\" alt=\"imei sorgu\" srcset=\"https:\/\/www.bthk.org\/wp-content\/uploads\/2025\/06\/5674572_53510-scaled.webp 2560w, https:\/\/www.bthk.org\/wp-content\/uploads\/2025\/06\/5674572_53510-300x300.webp 300w, https:\/\/www.bthk.org\/wp-content\/uploads\/2025\/06\/5674572_53510-1024x1024.webp 1024w, https:\/\/www.bthk.org\/wp-content\/uploads\/2025\/06\/5674572_53510-150x150.webp 150w, https:\/\/www.bthk.org\/wp-content\/uploads\/2025\/06\/5674572_53510-768x768.webp 768w, https:\/\/www.bthk.org\/wp-content\/uploads\/2025\/06\/5674572_53510-1536x1536.webp 1536w, https:\/\/www.bthk.org\/wp-content\/uploads\/2025\/06\/5674572_53510-2048x2048.webp 2048w, https:\/\/www.bthk.org\/wp-content\/uploads\/2025\/06\/5674572_53510-12x12.webp 12w\" sizes=\"(max-width: 2560px) 100vw, 2560px\" \/><\/a><\/figure><div class=\"elementor-image-box-content\"><h2 class=\"elementor-image-box-title\"><a href=\"https:\/\/www.bthk.org\/en\/imei-sorgula\/\">IMEI Check<\/a><\/h2><\/div><\/div>\t\t\t\t<\/div>\n\t\t\t\t<\/div>\n\t\t\t\t<div class=\"elementor-element elementor-element-d9b077f elementor-widget__width-inherit elementor-position-top elementor-widget elementor-widget-image-box\" data-id=\"d9b077f\" data-element_type=\"widget\" data-e-type=\"widget\" data-widget_type=\"image-box.default\">\n\t\t\t\t<div class=\"elementor-widget-container\">\n\t\t\t\t\t<div class=\"elementor-image-box-wrapper\"><figure class=\"elementor-image-box-img\"><a href=\"https:\/\/www.bthk.org\/en\/number-track\/\" tabindex=\"-1\"><img decoding=\"async\" width=\"2000\" height=\"2000\" src=\"https:\/\/www.bthk.org\/wp-content\/uploads\/2025\/07\/numbertrack.webp\" class=\"elementor-animation-grow-rotate attachment-full size-full wp-image-3218\" alt=\"Numara Takip\" \/><\/a><\/figure><div class=\"elementor-image-box-content\"><h2 class=\"elementor-image-box-title\"><a href=\"https:\/\/www.bthk.org\/en\/number-track\/\">Porting Status Inquiry<\/a><\/h2><\/div><\/div>\t\t\t\t<\/div>\n\t\t\t\t<\/div>\n\t\t\t\t\t<\/div>\n\t\t\t\t<\/div>\n\t\t<div class=\"elementor-element elementor-element-0bfca4b e-grid e-con-boxed e-con e-parent\" data-id=\"0bfca4b\" data-element_type=\"container\" data-e-type=\"container\">\n\t\t\t\t\t<div class=\"e-con-inner\">\n\t\t\t\t<div class=\"elementor-element elementor-element-55e1f23 elementor-widget__width-inherit elementor-position-top elementor-widget elementor-widget-image-box\" data-id=\"55e1f23\" data-element_type=\"widget\" data-e-type=\"widget\" data-widget_type=\"image-box.default\">\n\t\t\t\t<div class=\"elementor-widget-container\">\n\t\t\t\t\t<div class=\"elementor-image-box-wrapper\"><figure class=\"elementor-image-box-img\"><a href=\"https:\/\/www.bthk.org\/en\/numara-ekle\/\" tabindex=\"-1\"><img loading=\"lazy\" decoding=\"async\" width=\"381\" height=\"600\" src=\"https:\/\/www.bthk.org\/wp-content\/uploads\/2025\/06\/490429-PHQAPW.webp\" class=\"elementor-animation-grow-rotate attachment-full size-full wp-image-2723\" alt=\"Numara Ekle\" srcset=\"https:\/\/www.bthk.org\/wp-content\/uploads\/2025\/06\/490429-PHQAPW.webp 381w, https:\/\/www.bthk.org\/wp-content\/uploads\/2025\/06\/490429-PHQAPW-191x300.webp 191w, https:\/\/www.bthk.org\/wp-content\/uploads\/2025\/06\/490429-PHQAPW-8x12.webp 8w\" sizes=\"(max-width: 381px) 100vw, 381px\" \/><\/a><\/figure><div class=\"elementor-image-box-content\"><h2 class=\"elementor-image-box-title\"><a href=\"https:\/\/www.bthk.org\/en\/numara-ekle\/\">Add Phone Number<\/a><\/h2><\/div><\/div>\t\t\t\t<\/div>\n\t\t\t\t<\/div>\n\t\t\t\t<div class=\"elementor-element elementor-element-4cca14c elementor-widget__width-inherit elementor-position-top elementor-widget elementor-widget-image-box\" data-id=\"4cca14c\" data-element_type=\"widget\" data-e-type=\"widget\" data-widget_type=\"image-box.default\">\n\t\t\t\t<div class=\"elementor-widget-container\">\n\t\t\t\t\t<div class=\"elementor-image-box-wrapper\"><figure class=\"elementor-image-box-img\"><a href=\"https:\/\/www.bthk.org\/en\/deniz-telsiz-islemleri\/\" tabindex=\"-1\"><img loading=\"lazy\" decoding=\"async\" width=\"625\" height=\"625\" src=\"https:\/\/www.bthk.org\/wp-content\/uploads\/2025\/12\/Adsiz-tasarim-2-3.png\" class=\"elementor-animation-grow-rotate attachment-full size-full wp-image-4230\" alt=\"\" srcset=\"https:\/\/www.bthk.org\/wp-content\/uploads\/2025\/12\/Adsiz-tasarim-2-3.png 625w, https:\/\/www.bthk.org\/wp-content\/uploads\/2025\/12\/Adsiz-tasarim-2-3-300x300.png 300w, https:\/\/www.bthk.org\/wp-content\/uploads\/2025\/12\/Adsiz-tasarim-2-3-150x150.png 150w, https:\/\/www.bthk.org\/wp-content\/uploads\/2025\/12\/Adsiz-tasarim-2-3-12x12.png 12w\" sizes=\"(max-width: 625px) 100vw, 625px\" \/><\/a><\/figure><div class=\"elementor-image-box-content\"><h2 class=\"elementor-image-box-title\"><a href=\"https:\/\/www.bthk.org\/en\/deniz-telsiz-islemleri\/\">Marine Radios<\/a><\/h2><\/div><\/div>\t\t\t\t<\/div>\n\t\t\t\t<\/div>\n\t\t\t\t\t<\/div>\n\t\t\t\t<\/div>\n\t\t<div class=\"elementor-element elementor-element-b800f88 e-flex e-con-boxed e-con e-parent\" data-id=\"b800f88\" data-element_type=\"container\" data-e-type=\"container\">\n\t\t\t\t\t<div class=\"e-con-inner\">\n\t\t\t\t<div class=\"elementor-element elementor-element-8eac603 elementor-widget elementor-widget-spacer\" data-id=\"8eac603\" data-element_type=\"widget\" data-e-type=\"widget\" data-widget_type=\"spacer.default\">\n\t\t\t\t<div class=\"elementor-widget-container\">\n\t\t\t\t\t\t\t<div class=\"elementor-spacer\">\n\t\t\t<div class=\"elementor-spacer-inner\"><\/div>\n\t\t<\/div>\n\t\t\t\t\t\t<\/div>\n\t\t\t\t<\/div>\n\t\t\t\t\t<\/div>\n\t\t\t\t<\/div>\n\t\t\t\t<\/div>","protected":false},"excerpt":{"rendered":"<p>Online (\u00c7evrimi\u00e7i) \u0130\u015flemler Online(\u00c7evrimi\u00e7i) \u00d6deme IMEI Sorgulama Numara Ta\u015f\u0131ma Takip Numara Ekle Deniz Telsizleri<\/p>","protected":false},"author":1,"featured_media":0,"parent":0,"menu_order":0,"comment_status":"closed","ping_status":"closed","template":"elementor_header_footer","meta":{"_kad_post_transparent":"default","_kad_post_title":"hide","_kad_post_layout":"fullwidth","_kad_post_sidebar_id":"","_kad_post_content_style":"unboxed","_kad_post_vertical_padding":"hide","_kad_post_feature":"hide","_kad_post_feature_position":"","_kad_post_header":false,"_kad_post_footer":false,"_kad_post_classname":"","footnotes":""},"class_list":["post-2713","page","type-page","status-publish","hentry"],"yoast_head":"<!-- This site is optimized with the Yoast SEO plugin v27.5 - https:\/\/yoast.com\/product\/yoast-seo-wordpress\/ -->\n<title>online i\u015flemler - Bilgi Teknolojileri ve Haberle\u015fme Kurumu<\/title>\n<meta name=\"robots\" content=\"index, follow, max-snippet:-1, max-image-preview:large, max-video-preview:-1\" \/>\n<link rel=\"canonical\" href=\"https:\/\/www.bthk.org\/en\/online-islemler\/\" \/>\n<meta property=\"og:locale\" content=\"en_GB\" \/>\n<meta property=\"og:type\" content=\"article\" \/>\n<meta property=\"og:title\" content=\"online i\u015flemler - Bilgi Teknolojileri ve Haberle\u015fme Kurumu\" \/>\n<meta property=\"og:description\" content=\"Online (\u00c7evrimi\u00e7i) \u0130\u015flemler Online(\u00c7evrimi\u00e7i) \u00d6deme IMEI Sorgulama Numara Ta\u015f\u0131ma Takip Numara Ekle Deniz Telsizleri\" \/>\n<meta property=\"og:url\" content=\"https:\/\/www.bthk.org\/en\/online-islemler\/\" \/>\n<meta property=\"og:site_name\" content=\"Bilgi Teknolojileri ve Haberle\u015fme Kurumu\" \/>\n<meta property=\"article:publisher\" content=\"https:\/\/www.facebook.com\/BTHKurumu\" \/>\n<meta property=\"article:modified_time\" content=\"2026-02-26T14:08:51+00:00\" \/>\n<meta property=\"og:image\" content=\"https:\/\/www.bthk.org\/wp-content\/uploads\/2025\/06\/online-payment-security-concept-3d-phone-bill-scaled.webp\" \/>\n\t<meta property=\"og:image:width\" content=\"2560\" \/>\n\t<meta property=\"og:image:height\" content=\"1920\" \/>\n\t<meta property=\"og:image:type\" content=\"image\/webp\" \/>\n<meta name=\"twitter:card\" content=\"summary_large_image\" \/>\n<meta name=\"twitter:label1\" content=\"Estimated reading time\" \/>\n\t<meta name=\"twitter:data1\" content=\"2 minutes\" \/>\n<script type=\"application\/ld+json\" class=\"yoast-schema-graph\">{\"@context\":\"https:\\\/\\\/schema.org\",\"@graph\":[{\"@type\":\"WebPage\",\"@id\":\"https:\\\/\\\/www.bthk.org\\\/online-islemler\\\/\",\"url\":\"https:\\\/\\\/www.bthk.org\\\/online-islemler\\\/\",\"name\":\"online i\u015flemler - Bilgi Teknolojileri ve Haberle\u015fme Kurumu\",\"isPartOf\":{\"@id\":\"https:\\\/\\\/www.bthk.org\\\/#website\"},\"primaryImageOfPage\":{\"@id\":\"https:\\\/\\\/www.bthk.org\\\/online-islemler\\\/#primaryimage\"},\"image\":{\"@id\":\"https:\\\/\\\/www.bthk.org\\\/online-islemler\\\/#primaryimage\"},\"thumbnailUrl\":\"https:\\\/\\\/www.bthk.org\\\/wp-content\\\/uploads\\\/2025\\\/06\\\/online-payment-security-concept-3d-phone-bill-scaled.webp\",\"datePublished\":\"2025-06-26T13:04:05+00:00\",\"dateModified\":\"2026-02-26T14:08:51+00:00\",\"breadcrumb\":{\"@id\":\"https:\\\/\\\/www.bthk.org\\\/online-islemler\\\/#breadcrumb\"},\"inLanguage\":\"en-GB\",\"potentialAction\":[{\"@type\":\"ReadAction\",\"target\":[\"https:\\\/\\\/www.bthk.org\\\/online-islemler\\\/\"]}]},{\"@type\":\"ImageObject\",\"inLanguage\":\"en-GB\",\"@id\":\"https:\\\/\\\/www.bthk.org\\\/online-islemler\\\/#primaryimage\",\"url\":\"https:\\\/\\\/www.bthk.org\\\/wp-content\\\/uploads\\\/2025\\\/06\\\/online-payment-security-concept-3d-phone-bill-scaled.webp\",\"contentUrl\":\"https:\\\/\\\/www.bthk.org\\\/wp-content\\\/uploads\\\/2025\\\/06\\\/online-payment-security-concept-3d-phone-bill-scaled.webp\"},{\"@type\":\"BreadcrumbList\",\"@id\":\"https:\\\/\\\/www.bthk.org\\\/online-islemler\\\/#breadcrumb\",\"itemListElement\":[{\"@type\":\"ListItem\",\"position\":1,\"name\":\"Anasayfa\",\"item\":\"https:\\\/\\\/www.bthk.org\\\/\"},{\"@type\":\"ListItem\",\"position\":2,\"name\":\"online i\u015flemler\"}]},{\"@type\":\"WebSite\",\"@id\":\"https:\\\/\\\/www.bthk.org\\\/#website\",\"url\":\"https:\\\/\\\/www.bthk.org\\\/\",\"name\":\"Bilgi Teknolojileri ve Haberle\u015fme Kurumu\",\"description\":\"\",\"publisher\":{\"@id\":\"https:\\\/\\\/www.bthk.org\\\/#organization\"},\"potentialAction\":[{\"@type\":\"SearchAction\",\"target\":{\"@type\":\"EntryPoint\",\"urlTemplate\":\"https:\\\/\\\/www.bthk.org\\\/?s={search_term_string}\"},\"query-input\":{\"@type\":\"PropertyValueSpecification\",\"valueRequired\":true,\"valueName\":\"search_term_string\"}}],\"inLanguage\":\"en-GB\"},{\"@type\":\"Organization\",\"@id\":\"https:\\\/\\\/www.bthk.org\\\/#organization\",\"name\":\"Bilgi Teknolojileri ve Haberle\u015fme Kurumu\",\"url\":\"https:\\\/\\\/www.bthk.org\\\/\",\"logo\":{\"@type\":\"ImageObject\",\"inLanguage\":\"en-GB\",\"@id\":\"https:\\\/\\\/www.bthk.org\\\/#\\\/schema\\\/logo\\\/image\\\/\",\"url\":\"https:\\\/\\\/www.bthk.org\\\/wp-content\\\/uploads\\\/2025\\\/05\\\/bthk-logo.png\",\"contentUrl\":\"https:\\\/\\\/www.bthk.org\\\/wp-content\\\/uploads\\\/2025\\\/05\\\/bthk-logo.png\",\"width\":278,\"height\":130,\"caption\":\"Bilgi Teknolojileri ve Haberle\u015fme Kurumu\"},\"image\":{\"@id\":\"https:\\\/\\\/www.bthk.org\\\/#\\\/schema\\\/logo\\\/image\\\/\"},\"sameAs\":[\"https:\\\/\\\/www.facebook.com\\\/BTHKurumu\",\"https:\\\/\\\/www.instagram.com\\\/kktcbthk?igsh=NzMxa20zc3QydHBi\"]}]}<\/script>\n<!-- \/ Yoast SEO plugin. -->","yoast_head_json":{"title":"online i\u015flemler - Bilgi Teknolojileri ve Haberle\u015fme Kurumu","robots":{"index":"index","follow":"follow","max-snippet":"max-snippet:-1","max-image-preview":"max-image-preview:large","max-video-preview":"max-video-preview:-1"},"canonical":"https:\/\/www.bthk.org\/en\/online-islemler\/","og_locale":"en_GB","og_type":"article","og_title":"online i\u015flemler - Bilgi Teknolojileri ve Haberle\u015fme Kurumu","og_description":"Online (\u00c7evrimi\u00e7i) \u0130\u015flemler Online(\u00c7evrimi\u00e7i) \u00d6deme IMEI Sorgulama Numara Ta\u015f\u0131ma Takip Numara Ekle Deniz Telsizleri","og_url":"https:\/\/www.bthk.org\/en\/online-islemler\/","og_site_name":"Bilgi Teknolojileri ve Haberle\u015fme Kurumu","article_publisher":"https:\/\/www.facebook.com\/BTHKurumu","article_modified_time":"2026-02-26T14:08:51+00:00","og_image":[{"width":2560,"height":1920,"url":"https:\/\/www.bthk.org\/wp-content\/uploads\/2025\/06\/online-payment-security-concept-3d-phone-bill-scaled.webp","type":"image\/webp"}],"twitter_card":"summary_large_image","twitter_misc":{"Estimated reading time":"2 minutes"},"schema":{"@context":"https:\/\/schema.org","@graph":[{"@type":"WebPage","@id":"https:\/\/www.bthk.org\/online-islemler\/","url":"https:\/\/www.bthk.org\/online-islemler\/","name":"online i\u015flemler - Bilgi Teknolojileri ve Haberle\u015fme Kurumu","isPartOf":{"@id":"https:\/\/www.bthk.org\/#website"},"primaryImageOfPage":{"@id":"https:\/\/www.bthk.org\/online-islemler\/#primaryimage"},"image":{"@id":"https:\/\/www.bthk.org\/online-islemler\/#primaryimage"},"thumbnailUrl":"https:\/\/www.bthk.org\/wp-content\/uploads\/2025\/06\/online-payment-security-concept-3d-phone-bill-scaled.webp","datePublished":"2025-06-26T13:04:05+00:00","dateModified":"2026-02-26T14:08:51+00:00","breadcrumb":{"@id":"https:\/\/www.bthk.org\/online-islemler\/#breadcrumb"},"inLanguage":"en-GB","potentialAction":[{"@type":"ReadAction","target":["https:\/\/www.bthk.org\/online-islemler\/"]}]},{"@type":"ImageObject","inLanguage":"en-GB","@id":"https:\/\/www.bthk.org\/online-islemler\/#primaryimage","url":"https:\/\/www.bthk.org\/wp-content\/uploads\/2025\/06\/online-payment-security-concept-3d-phone-bill-scaled.webp","contentUrl":"https:\/\/www.bthk.org\/wp-content\/uploads\/2025\/06\/online-payment-security-concept-3d-phone-bill-scaled.webp"},{"@type":"BreadcrumbList","@id":"https:\/\/www.bthk.org\/online-islemler\/#breadcrumb","itemListElement":[{"@type":"ListItem","position":1,"name":"Anasayfa","item":"https:\/\/www.bthk.org\/"},{"@type":"ListItem","position":2,"name":"online i\u015flemler"}]},{"@type":"WebSite","@id":"https:\/\/www.bthk.org\/#website","url":"https:\/\/www.bthk.org\/","name":"Bilgi Teknolojileri ve Haberle\u015fme Kurumu","description":"","publisher":{"@id":"https:\/\/www.bthk.org\/#organization"},"potentialAction":[{"@type":"SearchAction","target":{"@type":"EntryPoint","urlTemplate":"https:\/\/www.bthk.org\/?s={search_term_string}"},"query-input":{"@type":"PropertyValueSpecification","valueRequired":true,"valueName":"search_term_string"}}],"inLanguage":"en-GB"},{"@type":"Organization","@id":"https:\/\/www.bthk.org\/#organization","name":"Bilgi Teknolojileri ve Haberle\u015fme Kurumu","url":"https:\/\/www.bthk.org\/","logo":{"@type":"ImageObject","inLanguage":"en-GB","@id":"https:\/\/www.bthk.org\/#\/schema\/logo\/image\/","url":"https:\/\/www.bthk.org\/wp-content\/uploads\/2025\/05\/bthk-logo.png","contentUrl":"https:\/\/www.bthk.org\/wp-content\/uploads\/2025\/05\/bthk-logo.png","width":278,"height":130,"caption":"Bilgi Teknolojileri ve Haberle\u015fme Kurumu"},"image":{"@id":"https:\/\/www.bthk.org\/#\/schema\/logo\/image\/"},"sameAs":["https:\/\/www.facebook.com\/BTHKurumu","https:\/\/www.instagram.com\/kktcbthk?igsh=NzMxa20zc3QydHBi"]}]}},"_links":{"self":[{"href":"https:\/\/www.bthk.org\/en\/wp-json\/wp\/v2\/pages\/2713","targetHints":{"allow":["GET"]}}],"collection":[{"href":"https:\/\/www.bthk.org\/en\/wp-json\/wp\/v2\/pages"}],"about":[{"href":"https:\/\/www.bthk.org\/en\/wp-json\/wp\/v2\/types\/page"}],"author":[{"embeddable":true,"href":"https:\/\/www.bthk.org\/en\/wp-json\/wp\/v2\/users\/1"}],"replies":[{"embeddable":true,"href":"https:\/\/www.bthk.org\/en\/wp-json\/wp\/v2\/comments?post=2713"}],"version-history":[{"count":3,"href":"https:\/\/www.bthk.org\/en\/wp-json\/wp\/v2\/pages\/2713\/revisions"}],"predecessor-version":[{"id":4741,"href":"https:\/\/www.bthk.org\/en\/wp-json\/wp\/v2\/pages\/2713\/revisions\/4741"}],"wp:attachment":[{"href":"https:\/\/www.bthk.org\/en\/wp-json\/wp\/v2\/media?parent=2713"}],"curies":[{"name":"wp","href":"https:\/\/api.w.org\/{rel}","templated":true}]}}