{"id":2665,"date":"2025-06-24T13:28:07","date_gmt":"2025-06-24T10:28:07","guid":{"rendered":"https:\/\/bthk.org\/?page_id=2665"},"modified":"2025-06-24T13:32:18","modified_gmt":"2025-06-24T10:32:18","slug":"notfound","status":"publish","type":"page","link":"https:\/\/www.bthk.org\/en\/notfound\/","title":{"rendered":"Notfound"},"content":{"rendered":"<div data-elementor-type=\"wp-page\" data-elementor-id=\"2665\" class=\"elementor elementor-2665\" data-elementor-post-type=\"page\">\n\t\t\t\t\t\t<section class=\"elementor-section elementor-top-section elementor-element elementor-element-2c3f211c elementor-section-height-min-height elementor-section-items-top elementor-section-boxed elementor-section-height-default\" data-id=\"2c3f211c\" data-element_type=\"section\" data-e-type=\"section\">\n\t\t\t\t\t\t<div class=\"elementor-container elementor-column-gap-default\">\n\t\t\t\t\t<div class=\"elementor-column elementor-col-100 elementor-top-column elementor-element elementor-element-73f8c3e5\" data-id=\"73f8c3e5\" data-element_type=\"column\" data-e-type=\"column\">\n\t\t\t<div class=\"elementor-widget-wrap elementor-element-populated\">\n\t\t\t\t\t\t<div class=\"elementor-element elementor-element-76826440 elementor-widget elementor-widget-image\" data-id=\"76826440\" data-element_type=\"widget\" data-e-type=\"widget\" data-widget_type=\"image.default\">\n\t\t\t\t<div class=\"elementor-widget-container\">\n\t\t\t\t\t\t\t\t\t\t\t\t\t\t\t<img fetchpriority=\"high\" decoding=\"async\" width=\"564\" height=\"418\" src=\"https:\/\/www.bthk.org\/wp-content\/uploads\/2025\/06\/40402-img1.png\" class=\"attachment-full size-full wp-image-2667\" alt=\"\" srcset=\"https:\/\/www.bthk.org\/wp-content\/uploads\/2025\/06\/40402-img1.png 564w, https:\/\/www.bthk.org\/wp-content\/uploads\/2025\/06\/40402-img1-300x222.png 300w, https:\/\/www.bthk.org\/wp-content\/uploads\/2025\/06\/40402-img1-16x12.png 16w\" sizes=\"(max-width: 564px) 100vw, 564px\" \/>\t\t\t\t\t\t\t\t\t\t\t\t\t\t\t<\/div>\n\t\t\t\t<\/div>\n\t\t\t\t<div class=\"elementor-element elementor-element-4d75a3ca elementor-align-center elementor-widget elementor-widget-xpro-button\" data-id=\"4d75a3ca\" data-element_type=\"widget\" data-e-type=\"widget\" data-widget_type=\"xpro-button.default\">\n\t\t\t\t<div class=\"elementor-widget-container\">\n\t\t\t\t\t\n<a  href=\"https:\/\/www.bthk.org\/en\/\" class=\"xpro-elementor-button xpro-elementor-button-animation-none xpro-align-icon-right\">\n<span class=\"xpro-elementor-button-inner\">\n<span class=\"xpro-button-text\">Ana Sayfaya Git<\/span>\n<\/span>\n<\/a>\n\t\t\t\t<\/div>\n\t\t\t\t<\/div>\n\t\t\t\t\t<\/div>\n\t\t<\/div>\n\t\t\t\t\t<\/div>\n\t\t<\/section>\n\t\t\t\t<\/div>","protected":false},"excerpt":{"rendered":"<p>ARADI\u011eINIZ SAYFA BULUNAMADI Arad\u0131\u011f\u0131n\u0131z Sayfa Ta\u015f\u0131nm\u0131\u015f veya silinmi\u015f olabilir. Ana Sayfaya Git<\/p>","protected":false},"author":1,"featured_media":0,"parent":0,"menu_order":0,"comment_status":"closed","ping_status":"closed","template":"","meta":{"_kad_post_transparent":"default","_kad_post_title":"hide","_kad_post_layout":"fullwidth","_kad_post_sidebar_id":"","_kad_post_content_style":"unboxed","_kad_post_vertical_padding":"hide","_kad_post_feature":"hide","_kad_post_feature_position":"","_kad_post_header":false,"_kad_post_footer":false,"_kad_post_classname":"","footnotes":""},"class_list":["post-2665","page","type-page","status-publish","hentry"],"yoast_head":"<!-- This site is optimized with the Yoast SEO plugin v27.4 - https:\/\/yoast.com\/product\/yoast-seo-wordpress\/ -->\n<title>Notfound - Bilgi Teknolojileri ve Haberle\u015fme Kurumu<\/title>\n<meta name=\"robots\" content=\"index, follow, max-snippet:-1, max-image-preview:large, max-video-preview:-1\" \/>\n<link rel=\"canonical\" href=\"https:\/\/www.bthk.org\/en\/notfound\/\" \/>\n<meta property=\"og:locale\" content=\"en_GB\" \/>\n<meta property=\"og:type\" content=\"article\" \/>\n<meta property=\"og:title\" content=\"Notfound - Bilgi Teknolojileri ve Haberle\u015fme Kurumu\" \/>\n<meta property=\"og:description\" content=\"ARADI\u011eINIZ SAYFA BULUNAMADI Arad\u0131\u011f\u0131n\u0131z Sayfa Ta\u015f\u0131nm\u0131\u015f veya silinmi\u015f olabilir. Ana Sayfaya Git\" \/>\n<meta property=\"og:url\" content=\"https:\/\/www.bthk.org\/en\/notfound\/\" \/>\n<meta property=\"og:site_name\" content=\"Bilgi Teknolojileri ve Haberle\u015fme Kurumu\" \/>\n<meta property=\"article:publisher\" content=\"https:\/\/www.facebook.com\/BTHKurumu\" \/>\n<meta property=\"article:modified_time\" content=\"2025-06-24T10:32:18+00:00\" \/>\n<meta property=\"og:image\" content=\"https:\/\/www.bthk.org\/wp-content\/uploads\/2025\/06\/40402-img1.png\" \/>\n<meta name=\"twitter:card\" content=\"summary_large_image\" \/>\n<meta name=\"twitter:label1\" content=\"Estimated reading time\" \/>\n\t<meta name=\"twitter:data1\" content=\"1 minute\" \/>\n<script type=\"application\/ld+json\" class=\"yoast-schema-graph\">{\"@context\":\"https:\\\/\\\/schema.org\",\"@graph\":[{\"@type\":\"WebPage\",\"@id\":\"https:\\\/\\\/www.bthk.org\\\/notfound\\\/\",\"url\":\"https:\\\/\\\/www.bthk.org\\\/notfound\\\/\",\"name\":\"Notfound - Bilgi Teknolojileri ve Haberle\u015fme Kurumu\",\"isPartOf\":{\"@id\":\"https:\\\/\\\/www.bthk.org\\\/#website\"},\"primaryImageOfPage\":{\"@id\":\"https:\\\/\\\/www.bthk.org\\\/notfound\\\/#primaryimage\"},\"image\":{\"@id\":\"https:\\\/\\\/www.bthk.org\\\/notfound\\\/#primaryimage\"},\"thumbnailUrl\":\"https:\\\/\\\/www.bthk.org\\\/wp-content\\\/uploads\\\/2025\\\/06\\\/40402-img1.png\",\"datePublished\":\"2025-06-24T10:28:07+00:00\",\"dateModified\":\"2025-06-24T10:32:18+00:00\",\"breadcrumb\":{\"@id\":\"https:\\\/\\\/www.bthk.org\\\/notfound\\\/#breadcrumb\"},\"inLanguage\":\"en-GB\",\"potentialAction\":[{\"@type\":\"ReadAction\",\"target\":[\"https:\\\/\\\/www.bthk.org\\\/notfound\\\/\"]}]},{\"@type\":\"ImageObject\",\"inLanguage\":\"en-GB\",\"@id\":\"https:\\\/\\\/www.bthk.org\\\/notfound\\\/#primaryimage\",\"url\":\"https:\\\/\\\/www.bthk.org\\\/wp-content\\\/uploads\\\/2025\\\/06\\\/40402-img1.png\",\"contentUrl\":\"https:\\\/\\\/www.bthk.org\\\/wp-content\\\/uploads\\\/2025\\\/06\\\/40402-img1.png\"},{\"@type\":\"BreadcrumbList\",\"@id\":\"https:\\\/\\\/www.bthk.org\\\/notfound\\\/#breadcrumb\",\"itemListElement\":[{\"@type\":\"ListItem\",\"position\":1,\"name\":\"Anasayfa\",\"item\":\"https:\\\/\\\/www.bthk.org\\\/\"},{\"@type\":\"ListItem\",\"position\":2,\"name\":\"Notfound\"}]},{\"@type\":\"WebSite\",\"@id\":\"https:\\\/\\\/www.bthk.org\\\/#website\",\"url\":\"https:\\\/\\\/www.bthk.org\\\/\",\"name\":\"Bilgi Teknolojileri ve Haberle\u015fme Kurumu\",\"description\":\"\",\"publisher\":{\"@id\":\"https:\\\/\\\/www.bthk.org\\\/#organization\"},\"potentialAction\":[{\"@type\":\"SearchAction\",\"target\":{\"@type\":\"EntryPoint\",\"urlTemplate\":\"https:\\\/\\\/www.bthk.org\\\/?s={search_term_string}\"},\"query-input\":{\"@type\":\"PropertyValueSpecification\",\"valueRequired\":true,\"valueName\":\"search_term_string\"}}],\"inLanguage\":\"en-GB\"},{\"@type\":\"Organization\",\"@id\":\"https:\\\/\\\/www.bthk.org\\\/#organization\",\"name\":\"Bilgi Teknolojileri ve Haberle\u015fme Kurumu\",\"url\":\"https:\\\/\\\/www.bthk.org\\\/\",\"logo\":{\"@type\":\"ImageObject\",\"inLanguage\":\"en-GB\",\"@id\":\"https:\\\/\\\/www.bthk.org\\\/#\\\/schema\\\/logo\\\/image\\\/\",\"url\":\"https:\\\/\\\/www.bthk.org\\\/wp-content\\\/uploads\\\/2025\\\/05\\\/bthk-logo.png\",\"contentUrl\":\"https:\\\/\\\/www.bthk.org\\\/wp-content\\\/uploads\\\/2025\\\/05\\\/bthk-logo.png\",\"width\":278,\"height\":130,\"caption\":\"Bilgi Teknolojileri ve Haberle\u015fme Kurumu\"},\"image\":{\"@id\":\"https:\\\/\\\/www.bthk.org\\\/#\\\/schema\\\/logo\\\/image\\\/\"},\"sameAs\":[\"https:\\\/\\\/www.facebook.com\\\/BTHKurumu\",\"https:\\\/\\\/www.instagram.com\\\/kktcbthk?igsh=NzMxa20zc3QydHBi\"]}]}<\/script>\n<!-- \/ Yoast SEO plugin. -->","yoast_head_json":{"title":"Notfound - Bilgi Teknolojileri ve Haberle\u015fme Kurumu","robots":{"index":"index","follow":"follow","max-snippet":"max-snippet:-1","max-image-preview":"max-image-preview:large","max-video-preview":"max-video-preview:-1"},"canonical":"https:\/\/www.bthk.org\/en\/notfound\/","og_locale":"en_GB","og_type":"article","og_title":"Notfound - Bilgi Teknolojileri ve Haberle\u015fme Kurumu","og_description":"ARADI\u011eINIZ SAYFA BULUNAMADI Arad\u0131\u011f\u0131n\u0131z Sayfa Ta\u015f\u0131nm\u0131\u015f veya silinmi\u015f olabilir. Ana Sayfaya Git","og_url":"https:\/\/www.bthk.org\/en\/notfound\/","og_site_name":"Bilgi Teknolojileri ve Haberle\u015fme Kurumu","article_publisher":"https:\/\/www.facebook.com\/BTHKurumu","article_modified_time":"2025-06-24T10:32:18+00:00","og_image":[{"url":"https:\/\/www.bthk.org\/wp-content\/uploads\/2025\/06\/40402-img1.png","type":"","width":"","height":""}],"twitter_card":"summary_large_image","twitter_misc":{"Estimated reading time":"1 minute"},"schema":{"@context":"https:\/\/schema.org","@graph":[{"@type":"WebPage","@id":"https:\/\/www.bthk.org\/notfound\/","url":"https:\/\/www.bthk.org\/notfound\/","name":"Notfound - Bilgi Teknolojileri ve Haberle\u015fme Kurumu","isPartOf":{"@id":"https:\/\/www.bthk.org\/#website"},"primaryImageOfPage":{"@id":"https:\/\/www.bthk.org\/notfound\/#primaryimage"},"image":{"@id":"https:\/\/www.bthk.org\/notfound\/#primaryimage"},"thumbnailUrl":"https:\/\/www.bthk.org\/wp-content\/uploads\/2025\/06\/40402-img1.png","datePublished":"2025-06-24T10:28:07+00:00","dateModified":"2025-06-24T10:32:18+00:00","breadcrumb":{"@id":"https:\/\/www.bthk.org\/notfound\/#breadcrumb"},"inLanguage":"en-GB","potentialAction":[{"@type":"ReadAction","target":["https:\/\/www.bthk.org\/notfound\/"]}]},{"@type":"ImageObject","inLanguage":"en-GB","@id":"https:\/\/www.bthk.org\/notfound\/#primaryimage","url":"https:\/\/www.bthk.org\/wp-content\/uploads\/2025\/06\/40402-img1.png","contentUrl":"https:\/\/www.bthk.org\/wp-content\/uploads\/2025\/06\/40402-img1.png"},{"@type":"BreadcrumbList","@id":"https:\/\/www.bthk.org\/notfound\/#breadcrumb","itemListElement":[{"@type":"ListItem","position":1,"name":"Anasayfa","item":"https:\/\/www.bthk.org\/"},{"@type":"ListItem","position":2,"name":"Notfound"}]},{"@type":"WebSite","@id":"https:\/\/www.bthk.org\/#website","url":"https:\/\/www.bthk.org\/","name":"Bilgi Teknolojileri ve Haberle\u015fme Kurumu","description":"","publisher":{"@id":"https:\/\/www.bthk.org\/#organization"},"potentialAction":[{"@type":"SearchAction","target":{"@type":"EntryPoint","urlTemplate":"https:\/\/www.bthk.org\/?s={search_term_string}"},"query-input":{"@type":"PropertyValueSpecification","valueRequired":true,"valueName":"search_term_string"}}],"inLanguage":"en-GB"},{"@type":"Organization","@id":"https:\/\/www.bthk.org\/#organization","name":"Bilgi Teknolojileri ve Haberle\u015fme Kurumu","url":"https:\/\/www.bthk.org\/","logo":{"@type":"ImageObject","inLanguage":"en-GB","@id":"https:\/\/www.bthk.org\/#\/schema\/logo\/image\/","url":"https:\/\/www.bthk.org\/wp-content\/uploads\/2025\/05\/bthk-logo.png","contentUrl":"https:\/\/www.bthk.org\/wp-content\/uploads\/2025\/05\/bthk-logo.png","width":278,"height":130,"caption":"Bilgi Teknolojileri ve Haberle\u015fme Kurumu"},"image":{"@id":"https:\/\/www.bthk.org\/#\/schema\/logo\/image\/"},"sameAs":["https:\/\/www.facebook.com\/BTHKurumu","https:\/\/www.instagram.com\/kktcbthk?igsh=NzMxa20zc3QydHBi"]}]}},"_links":{"self":[{"href":"https:\/\/www.bthk.org\/en\/wp-json\/wp\/v2\/pages\/2665","targetHints":{"allow":["GET"]}}],"collection":[{"href":"https:\/\/www.bthk.org\/en\/wp-json\/wp\/v2\/pages"}],"about":[{"href":"https:\/\/www.bthk.org\/en\/wp-json\/wp\/v2\/types\/page"}],"author":[{"embeddable":true,"href":"https:\/\/www.bthk.org\/en\/wp-json\/wp\/v2\/users\/1"}],"replies":[{"embeddable":true,"href":"https:\/\/www.bthk.org\/en\/wp-json\/wp\/v2\/comments?post=2665"}],"version-history":[{"count":0,"href":"https:\/\/www.bthk.org\/en\/wp-json\/wp\/v2\/pages\/2665\/revisions"}],"wp:attachment":[{"href":"https:\/\/www.bthk.org\/en\/wp-json\/wp\/v2\/media?parent=2665"}],"curies":[{"name":"wp","href":"https:\/\/api.w.org\/{rel}","templated":true}]}}