{"id":2529,"date":"2025-06-20T19:31:30","date_gmt":"2025-06-20T16:31:30","guid":{"rendered":"https:\/\/bthk.org\/?page_id=2529"},"modified":"2025-07-11T11:16:34","modified_gmt":"2025-07-11T08:16:34","slug":"is-planlari","status":"publish","type":"page","link":"https:\/\/www.bthk.org\/en\/is-planlari\/","title":{"rendered":"Business Plans"},"content":{"rendered":"<div data-elementor-type=\"wp-page\" data-elementor-id=\"2529\" class=\"elementor elementor-2529\" data-elementor-post-type=\"page\">\n\t\t\t\t<div class=\"elementor-element elementor-element-2a8bd55 e-flex e-con-boxed e-con e-parent\" data-id=\"2a8bd55\" data-element_type=\"container\" data-e-type=\"container\">\n\t\t\t\t\t<div class=\"e-con-inner\">\n\t\t\t\t<div class=\"elementor-element elementor-element-fc45d4e elementor-widget elementor-widget-spacer\" data-id=\"fc45d4e\" data-element_type=\"widget\" data-e-type=\"widget\" data-widget_type=\"spacer.default\">\n\t\t\t\t<div class=\"elementor-widget-container\">\n\t\t\t\t\t\t\t<div class=\"elementor-spacer\">\n\t\t\t<div class=\"elementor-spacer-inner\"><\/div>\n\t\t<\/div>\n\t\t\t\t\t\t<\/div>\n\t\t\t\t<\/div>\n\t\t\t\t<div class=\"elementor-element elementor-element-e3b8db8 elementor-widget elementor-widget-heading\" data-id=\"e3b8db8\" data-element_type=\"widget\" data-e-type=\"widget\" data-widget_type=\"heading.default\">\n\t\t\t\t<div class=\"elementor-widget-container\">\n\t\t\t\t\t<h2 class=\"elementor-heading-title elementor-size-default\">Business Plans<\/h2>\t\t\t\t<\/div>\n\t\t\t\t<\/div>\n\t\t\t\t<div class=\"elementor-element elementor-element-bb9ca9b elementor-widget-divider--view-line elementor-widget elementor-widget-divider\" data-id=\"bb9ca9b\" data-element_type=\"widget\" data-e-type=\"widget\" data-widget_type=\"divider.default\">\n\t\t\t\t<div class=\"elementor-widget-container\">\n\t\t\t\t\t\t\t<div class=\"elementor-divider\">\n\t\t\t<span class=\"elementor-divider-separator\">\n\t\t\t\t\t\t<\/span>\n\t\t<\/div>\n\t\t\t\t\t\t<\/div>\n\t\t\t\t<\/div>\n\t\t\t\t\t<\/div>\n\t\t\t\t<\/div>\n\t\t<div class=\"elementor-element elementor-element-17b4be6 e-flex e-con-boxed e-con e-parent\" data-id=\"17b4be6\" data-element_type=\"container\" data-e-type=\"container\">\n\t\t\t\t\t<div class=\"e-con-inner\">\n\t\t\t\t<div class=\"elementor-element elementor-element-36f8930 elementor-widget elementor-widget-shortcode\" data-id=\"36f8930\" data-element_type=\"widget\" data-e-type=\"widget\" data-widget_type=\"shortcode.default\">\n\t\t\t\t<div class=\"elementor-widget-container\">\n\t\t\t\t\t\t\t<div class=\"elementor-shortcode\"><div id=\"footable_parent_2426\"\n         class=\"footable_parent ninja_table_wrapper loading_ninja_table wp_table_data_press_parent semantic_ui\">\n                <table data-ninja_table_instance=\"ninja_table_instance_0\" data-footable_id=\"2426\" data-filter-delay=\"1000\" aria-label=\"Business Plans\"            id=\"footable_2426\"\n           data-unique_identifier=\"ninja_table_unique_id_126095826_2426\"\n           class=\"foo-table ninja_footable foo_table_2426 ninja_table_unique_id_126095826_2426 ui table  ninja_search_right nt_type_ajax_table selectable striped vertical_centered  footable-paging-right ninja_table_search_disabled\">\n                <colgroup>\n                            <col class=\"ninja_column_0\">\n                            <col class=\"ninja_column_1\">\n                            <col class=\"ninja_column_2\">\n                    <\/colgroup>\n            <\/table>\n    \n    \n    \n<\/div>\n<\/div>\n\t\t\t\t\t\t<\/div>\n\t\t\t\t<\/div>\n\t\t\t\t\t<\/div>\n\t\t\t\t<\/div>\n\t\t<div class=\"elementor-element elementor-element-f52d106 e-flex e-con-boxed e-con e-parent\" data-id=\"f52d106\" data-element_type=\"container\" data-e-type=\"container\">\n\t\t\t\t\t<div class=\"e-con-inner\">\n\t\t\t\t<div class=\"elementor-element elementor-element-f360265 elementor-hidden-desktop elementor-hidden-tablet elementor-hidden-mobile xpro-table-head-icon-right xpro-table-row-icon-right elementor-invisible elementor-widget elementor-widget-xpro-table\" data-id=\"f360265\" data-element_type=\"widget\" data-e-type=\"widget\" data-settings=\"{&quot;_animation&quot;:&quot;fadeInLeft&quot;}\" data-widget_type=\"xpro-table.default\">\n\t\t\t\t<div class=\"elementor-widget-container\">\n\t\t\t\t\t<table class=\"xpro-table xpro-table-responsive\">\n\t<thead class=\"xpro-table-head\">\n\t<tr class=\"xpro-table-head-row\">\n\t\t\t\t\t<th class=\"xpro-table-head-column-cell elementor-repeater-item-8755547\">\n\t\t\t\t<div class=\"xpro-table-head-column-cell-inner\">\n\t\t\t\t\t<span class=\"xpro-table-head-column-cell-content\">Year<\/span>\n\t\t\t\t\t\n\t\t\t\t\t\t\t\t\t<\/div>\n\t\t\t<\/th>\n\t\t\t\t\t<th class=\"xpro-table-head-column-cell elementor-repeater-item-63d7231\">\n\t\t\t\t<div class=\"xpro-table-head-column-cell-inner\">\n\t\t\t\t\t<span class=\"xpro-table-head-column-cell-content\">Report Name<\/span>\n\t\t\t\t\t\n\t\t\t\t\t\t\t\t\t<\/div>\n\t\t\t<\/th>\n\t\t\t\t\t<th class=\"xpro-table-head-column-cell elementor-repeater-item-f30a0c2\">\n\t\t\t\t<div class=\"xpro-table-head-column-cell-inner\">\n\t\t\t\t\t<span class=\"xpro-table-head-column-cell-content\">PDF Link<\/span>\n\t\t\t\t\t\n\t\t\t\t\t\t\t\t\t<\/div>\n\t\t\t<\/th>\n\t\t\t<\/tr>\n\t<\/thead>\n\t<tbody class=\"xpro-table-body\">\n\t\t\t<tr class=\"xpro-table-body-row\">\n\t\t\t\t\t\t\t\t<td class=\"xpro-table-body-row-cell elementor-repeater-item-1567b99\" colspan=\"\">\n\t\t\t\t\t\t<div class=\"xpro-table-body-row-cell-inner\">\n\t\t\t\t\t\t\t\t\t\t\t\t\t\t<span class=\"xpro-table-body-row-cell-content\">\n\t\t\t\t\t\t\t\t2025\t\t\t\t\t\t\t<\/span>\n\t\t\t\t\t\t\t\n\t\t\t\t\t\t\t\t\t\t\t\t\t\t\t\t\t\t\t\t<\/div>\n\t\t\t\t\t<\/td>\n\t\t\t\t\t\t\t\t\t\t<td class=\"xpro-table-body-row-cell elementor-repeater-item-9191042\" colspan=\"\">\n\t\t\t\t\t\t<div class=\"xpro-table-body-row-cell-inner\">\n\t\t\t\t\t\t\t\t\t\t\t\t\t\t<span class=\"xpro-table-body-row-cell-content\">\n\t\t\t\t\t\t\t\t2025 Business Plan\t\t\t\t\t\t\t<\/span>\n\t\t\t\t\t\t\t\n\t\t\t\t\t\t\t\t\t\t\t\t\t\t\t\t\t\t\t\t<\/div>\n\t\t\t\t\t<\/td>\n\t\t\t\t\t\t\t\t\t\t<td class=\"xpro-table-body-row-cell elementor-repeater-item-9ebfaa3\" colspan=\"\">\n\t\t\t\t\t\t<div class=\"xpro-table-body-row-cell-inner\">\n\t\t\t\t\t\t\t\t\t\t\t\t\t\t<a href=\"https:\/\/www.bthk.org\/en\/Documents\/raporlar\/is-planlari\/2025%20\u0130\u015f%20Plan\u0131%20Nihai.pdf\/\" target=\"_blank\">\n\t\t\t\t\t\t\t\t\t\t\t\t\t\t<span class=\"xpro-table-body-row-cell-content\">\n\t\t\t\t\t\t\t\tDownload PDF\t\t\t\t\t\t\t<\/span>\n\t\t\t\t\t\t\t\n\t\t\t\t\t\t\t\t\t\t\t\t\t\t\t\t\t\t\t\t\t<\/a>\n\t\t\t\t\t\t\t\t\t\t\t\t\t<\/div>\n\t\t\t\t\t<\/td>\n\t\t\t\t\t\t\t<\/tr>\n\t\t\t<tr class=\"xpro-table-body-row\">\n\t\t\t\t\t\t\t\t<td class=\"xpro-table-body-row-cell elementor-repeater-item-7a7fe45\" colspan=\"\">\n\t\t\t\t\t\t<div class=\"xpro-table-body-row-cell-inner\">\n\t\t\t\t\t\t\t\t\t\t\t\t\t\t<span class=\"xpro-table-body-row-cell-content\">\n\t\t\t\t\t\t\t\t2024\t\t\t\t\t\t\t<\/span>\n\t\t\t\t\t\t\t\n\t\t\t\t\t\t\t\t\t\t\t\t\t\t\t\t\t\t\t\t<\/div>\n\t\t\t\t\t<\/td>\n\t\t\t\t\t\t\t\t\t\t<td class=\"xpro-table-body-row-cell elementor-repeater-item-07f2dca\" colspan=\"\">\n\t\t\t\t\t\t<div class=\"xpro-table-body-row-cell-inner\">\n\t\t\t\t\t\t\t\t\t\t\t\t\t\t<span class=\"xpro-table-body-row-cell-content\">\n\t\t\t\t\t\t\t\t2024 Business Plan\t\t\t\t\t\t\t<\/span>\n\t\t\t\t\t\t\t\n\t\t\t\t\t\t\t\t\t\t\t\t\t\t\t\t\t\t\t\t<\/div>\n\t\t\t\t\t<\/td>\n\t\t\t\t\t\t\t\t\t\t<td class=\"xpro-table-body-row-cell elementor-repeater-item-4421ac7\" colspan=\"\">\n\t\t\t\t\t\t<div class=\"xpro-table-body-row-cell-inner\">\n\t\t\t\t\t\t\t\t\t\t\t\t\t\t<a href=\"https:\/\/www.bthk.org\/en\/Documents\/raporlar\/mali-kapanis-raporlari\/2023%20Mali%20Y\u0131lsonu%20Kapan\u0131\u015f%20Raporu.pdf\/\" target=\"_blank\">\n\t\t\t\t\t\t\t\t\t\t\t\t\t\t<span class=\"xpro-table-body-row-cell-content\">\n\t\t\t\t\t\t\t\tDownload PDF\t\t\t\t\t\t\t<\/span>\n\t\t\t\t\t\t\t\n\t\t\t\t\t\t\t\t\t\t\t\t\t\t\t\t\t\t\t\t\t<\/a>\n\t\t\t\t\t\t\t\t\t\t\t\t\t<\/div>\n\t\t\t\t\t<\/td>\n\t\t\t\t\t\t\t<\/tr>\n\t\t\t<tr class=\"xpro-table-body-row\">\n\t\t\t\t\t\t\t\t<td class=\"xpro-table-body-row-cell elementor-repeater-item-42af1c8\" colspan=\"\">\n\t\t\t\t\t\t<div class=\"xpro-table-body-row-cell-inner\">\n\t\t\t\t\t\t\t\t\t\t\t\t\t\t<span class=\"xpro-table-body-row-cell-content\">\n\t\t\t\t\t\t\t\t2023\t\t\t\t\t\t\t<\/span>\n\t\t\t\t\t\t\t\n\t\t\t\t\t\t\t\t\t\t\t\t\t\t\t\t\t\t\t\t<\/div>\n\t\t\t\t\t<\/td>\n\t\t\t\t\t\t\t\t\t\t<td class=\"xpro-table-body-row-cell elementor-repeater-item-d7b5020\" colspan=\"\">\n\t\t\t\t\t\t<div class=\"xpro-table-body-row-cell-inner\">\n\t\t\t\t\t\t\t\t\t\t\t\t\t\t<span class=\"xpro-table-body-row-cell-content\">\n\t\t\t\t\t\t\t\t2023 Business Plan\t\t\t\t\t\t\t<\/span>\n\t\t\t\t\t\t\t\n\t\t\t\t\t\t\t\t\t\t\t\t\t\t\t\t\t\t\t\t<\/div>\n\t\t\t\t\t<\/td>\n\t\t\t\t\t\t\t\t\t\t<td class=\"xpro-table-body-row-cell elementor-repeater-item-7dc5a27\" colspan=\"\">\n\t\t\t\t\t\t<div class=\"xpro-table-body-row-cell-inner\">\n\t\t\t\t\t\t\t\t\t\t\t\t\t\t<a href=\"https:\/\/www.bthk.org\/en\/Documents\/raporlar\/mali-kapanis-raporlari\/2023%20Mali%20Y\u0131lsonu%20Kapan\u0131\u015f%20Raporu.pdf\/\" target=\"_blank\">\n\t\t\t\t\t\t\t\t\t\t\t\t\t\t<span class=\"xpro-table-body-row-cell-content\">\n\t\t\t\t\t\t\t\tDownload PDF\t\t\t\t\t\t\t<\/span>\n\t\t\t\t\t\t\t\n\t\t\t\t\t\t\t\t\t\t\t\t\t\t\t\t\t\t\t\t\t<\/a>\n\t\t\t\t\t\t\t\t\t\t\t\t\t<\/div>\n\t\t\t\t\t<\/td>\n\t\t\t\t\t\t\t<\/tr>\n\t\t\t<tr class=\"xpro-table-body-row\">\n\t\t\t\t\t\t\t\t<td class=\"xpro-table-body-row-cell elementor-repeater-item-171d09b\" colspan=\"\">\n\t\t\t\t\t\t<div class=\"xpro-table-body-row-cell-inner\">\n\t\t\t\t\t\t\t\t\t\t\t\t\t\t<span class=\"xpro-table-body-row-cell-content\">\n\t\t\t\t\t\t\t\t2022\t\t\t\t\t\t\t<\/span>\n\t\t\t\t\t\t\t\n\t\t\t\t\t\t\t\t\t\t\t\t\t\t\t\t\t\t\t\t<\/div>\n\t\t\t\t\t<\/td>\n\t\t\t\t\t\t\t\t\t\t<td class=\"xpro-table-body-row-cell elementor-repeater-item-af8d8e8\" colspan=\"\">\n\t\t\t\t\t\t<div class=\"xpro-table-body-row-cell-inner\">\n\t\t\t\t\t\t\t\t\t\t\t\t\t\t<span class=\"xpro-table-body-row-cell-content\">\n\t\t\t\t\t\t\t\t2022 Business Plan\t\t\t\t\t\t\t<\/span>\n\t\t\t\t\t\t\t\n\t\t\t\t\t\t\t\t\t\t\t\t\t\t\t\t\t\t\t\t<\/div>\n\t\t\t\t\t<\/td>\n\t\t\t\t\t\t\t\t\t\t<td class=\"xpro-table-body-row-cell elementor-repeater-item-22dd09e\" colspan=\"\">\n\t\t\t\t\t\t<div class=\"xpro-table-body-row-cell-inner\">\n\t\t\t\t\t\t\t\t\t\t\t\t\t\t<a href=\"https:\/\/bthk.org\/Documents\/raporlar\/is-planlari\/2022_i\u015f_plan\u0131_nihai.pdf\" target=\"_blank\">\n\t\t\t\t\t\t\t\t\t\t\t\t\t\t<span class=\"xpro-table-body-row-cell-content\">\n\t\t\t\t\t\t\t\tDownload PDF\t\t\t\t\t\t\t<\/span>\n\t\t\t\t\t\t\t\n\t\t\t\t\t\t\t\t\t\t\t\t\t\t\t\t\t\t\t\t\t<\/a>\n\t\t\t\t\t\t\t\t\t\t\t\t\t<\/div>\n\t\t\t\t\t<\/td>\n\t\t\t\t\t\t\t<\/tr>\n\t\t\t<tr class=\"xpro-table-body-row\">\n\t\t\t\t\t\t\t\t<td class=\"xpro-table-body-row-cell elementor-repeater-item-a14b112\" colspan=\"\">\n\t\t\t\t\t\t<div class=\"xpro-table-body-row-cell-inner\">\n\t\t\t\t\t\t\t\t\t\t\t\t\t\t<span class=\"xpro-table-body-row-cell-content\">\n\t\t\t\t\t\t\t\t2021\t\t\t\t\t\t\t<\/span>\n\t\t\t\t\t\t\t\n\t\t\t\t\t\t\t\t\t\t\t\t\t\t\t\t\t\t\t\t<\/div>\n\t\t\t\t\t<\/td>\n\t\t\t\t\t\t\t\t\t\t<td class=\"xpro-table-body-row-cell elementor-repeater-item-724f098\" colspan=\"\">\n\t\t\t\t\t\t<div class=\"xpro-table-body-row-cell-inner\">\n\t\t\t\t\t\t\t\t\t\t\t\t\t\t<span class=\"xpro-table-body-row-cell-content\">\n\t\t\t\t\t\t\t\t2021 Business Plan\t\t\t\t\t\t\t<\/span>\n\t\t\t\t\t\t\t\n\t\t\t\t\t\t\t\t\t\t\t\t\t\t\t\t\t\t\t\t<\/div>\n\t\t\t\t\t<\/td>\n\t\t\t\t\t\t\t\t\t\t<td class=\"xpro-table-body-row-cell elementor-repeater-item-15b4dbe\" colspan=\"\">\n\t\t\t\t\t\t<div class=\"xpro-table-body-row-cell-inner\">\n\t\t\t\t\t\t\t\t\t\t\t\t\t\t<a href=\"https:\/\/www.bthk.org\/en\/Documents\/raporlar\/is-planlari\/BTHK%20\u0130\u015f%20Plan\u0131%202021.pdf\/\" target=\"_blank\">\n\t\t\t\t\t\t\t\t\t\t\t\t\t\t<span class=\"xpro-table-body-row-cell-content\">\n\t\t\t\t\t\t\t\tDownload PDF\t\t\t\t\t\t\t<\/span>\n\t\t\t\t\t\t\t\n\t\t\t\t\t\t\t\t\t\t\t\t\t\t\t\t\t\t\t\t\t<\/a>\n\t\t\t\t\t\t\t\t\t\t\t\t\t<\/div>\n\t\t\t\t\t<\/td>\n\t\t\t\t\t\t\t<\/tr>\n\t\t\t<tr class=\"xpro-table-body-row\">\n\t\t\t\t\t\t\t\t<td class=\"xpro-table-body-row-cell elementor-repeater-item-c4ee1aa\" colspan=\"\">\n\t\t\t\t\t\t<div class=\"xpro-table-body-row-cell-inner\">\n\t\t\t\t\t\t\t\t\t\t\t\t\t\t<span class=\"xpro-table-body-row-cell-content\">\n\t\t\t\t\t\t\t\t2020\t\t\t\t\t\t\t<\/span>\n\t\t\t\t\t\t\t\n\t\t\t\t\t\t\t\t\t\t\t\t\t\t\t\t\t\t\t\t<\/div>\n\t\t\t\t\t<\/td>\n\t\t\t\t\t\t\t\t\t\t<td class=\"xpro-table-body-row-cell elementor-repeater-item-d9bf8bf\" colspan=\"\">\n\t\t\t\t\t\t<div class=\"xpro-table-body-row-cell-inner\">\n\t\t\t\t\t\t\t\t\t\t\t\t\t\t<span class=\"xpro-table-body-row-cell-content\">\n\t\t\t\t\t\t\t\t2020 Business Plan\t\t\t\t\t\t\t<\/span>\n\t\t\t\t\t\t\t\n\t\t\t\t\t\t\t\t\t\t\t\t\t\t\t\t\t\t\t\t<\/div>\n\t\t\t\t\t<\/td>\n\t\t\t\t\t\t\t\t\t\t<td class=\"xpro-table-body-row-cell elementor-repeater-item-ffbe45c\" colspan=\"\">\n\t\t\t\t\t\t<div class=\"xpro-table-body-row-cell-inner\">\n\t\t\t\t\t\t\t\t\t\t\t\t\t\t<a href=\"https:\/\/www.bthk.org\/en\/Documents\/raporlar\/is-planlari\/BTHK%20\u0130\u015e%20PLANI%202020.pdf\/\" target=\"_blank\">\n\t\t\t\t\t\t\t\t\t\t\t\t\t\t<span class=\"xpro-table-body-row-cell-content\">\n\t\t\t\t\t\t\t\tDownload PDF\t\t\t\t\t\t\t<\/span>\n\t\t\t\t\t\t\t\n\t\t\t\t\t\t\t\t\t\t\t\t\t\t\t\t\t\t\t\t\t<\/a>\n\t\t\t\t\t\t\t\t\t\t\t\t\t<\/div>\n\t\t\t\t\t<\/td>\n\t\t\t\t\t\t\t<\/tr>\n\t\t\t<tr class=\"xpro-table-body-row\">\n\t\t\t\t\t\t\t\t<td class=\"xpro-table-body-row-cell elementor-repeater-item-5d8f46b\" colspan=\"\">\n\t\t\t\t\t\t<div class=\"xpro-table-body-row-cell-inner\">\n\t\t\t\t\t\t\t\t\t\t\t\t\t\t<span class=\"xpro-table-body-row-cell-content\">\n\t\t\t\t\t\t\t\t2019\t\t\t\t\t\t\t<\/span>\n\t\t\t\t\t\t\t\n\t\t\t\t\t\t\t\t\t\t\t\t\t\t\t\t\t\t\t\t<\/div>\n\t\t\t\t\t<\/td>\n\t\t\t\t\t\t\t\t\t\t<td class=\"xpro-table-body-row-cell elementor-repeater-item-8c687cb\" colspan=\"\">\n\t\t\t\t\t\t<div class=\"xpro-table-body-row-cell-inner\">\n\t\t\t\t\t\t\t\t\t\t\t\t\t\t<span class=\"xpro-table-body-row-cell-content\">\n\t\t\t\t\t\t\t\t2019 Business Plan\t\t\t\t\t\t\t<\/span>\n\t\t\t\t\t\t\t\n\t\t\t\t\t\t\t\t\t\t\t\t\t\t\t\t\t\t\t\t<\/div>\n\t\t\t\t\t<\/td>\n\t\t\t\t\t\t\t\t\t\t<td class=\"xpro-table-body-row-cell elementor-repeater-item-f4fbd44\" colspan=\"\">\n\t\t\t\t\t\t<div class=\"xpro-table-body-row-cell-inner\">\n\t\t\t\t\t\t\t\t\t\t\t\t\t\t<a href=\"https:\/\/www.bthk.org\/en\/Documents\/raporlar\/is-planlari\/BTHK%20\u0130\u015e%20PLANI%202019.pdf\/\" target=\"_blank\">\n\t\t\t\t\t\t\t\t\t\t\t\t\t\t<span class=\"xpro-table-body-row-cell-content\">\n\t\t\t\t\t\t\t\tDownload PDF\t\t\t\t\t\t\t<\/span>\n\t\t\t\t\t\t\t\n\t\t\t\t\t\t\t\t\t\t\t\t\t\t\t\t\t\t\t\t\t<\/a>\n\t\t\t\t\t\t\t\t\t\t\t\t\t<\/div>\n\t\t\t\t\t<\/td>\n\t\t\t\t\t\t\t<\/tr>\n\t\t\t<tr class=\"xpro-table-body-row\">\n\t\t\t\t\t\t\t\t<td class=\"xpro-table-body-row-cell elementor-repeater-item-0d28065\" colspan=\"\">\n\t\t\t\t\t\t<div class=\"xpro-table-body-row-cell-inner\">\n\t\t\t\t\t\t\t\t\t\t\t\t\t\t<span class=\"xpro-table-body-row-cell-content\">\n\t\t\t\t\t\t\t\t2018\t\t\t\t\t\t\t<\/span>\n\t\t\t\t\t\t\t\n\t\t\t\t\t\t\t\t\t\t\t\t\t\t\t\t\t\t\t\t<\/div>\n\t\t\t\t\t<\/td>\n\t\t\t\t\t\t\t\t\t\t<td class=\"xpro-table-body-row-cell elementor-repeater-item-6fff176\" colspan=\"\">\n\t\t\t\t\t\t<div class=\"xpro-table-body-row-cell-inner\">\n\t\t\t\t\t\t\t\t\t\t\t\t\t\t<span class=\"xpro-table-body-row-cell-content\">\n\t\t\t\t\t\t\t\t2018 Business Plan\t\t\t\t\t\t\t<\/span>\n\t\t\t\t\t\t\t\n\t\t\t\t\t\t\t\t\t\t\t\t\t\t\t\t\t\t\t\t<\/div>\n\t\t\t\t\t<\/td>\n\t\t\t\t\t\t\t\t\t\t<td class=\"xpro-table-body-row-cell elementor-repeater-item-bf75930\" colspan=\"\">\n\t\t\t\t\t\t<div class=\"xpro-table-body-row-cell-inner\">\n\t\t\t\t\t\t\t\t\t\t\t\t\t\t<a href=\"https:\/\/www.bthk.org\/en\/Documents\/raporlar\/is-planlari\/BTHK%20\u0130\u015e%20PLANI%202018%20-%20Nihai.pdf\/\" target=\"_blank\">\n\t\t\t\t\t\t\t\t\t\t\t\t\t\t<span class=\"xpro-table-body-row-cell-content\">\n\t\t\t\t\t\t\t\tDownload PDF\t\t\t\t\t\t\t<\/span>\n\t\t\t\t\t\t\t\n\t\t\t\t\t\t\t\t\t\t\t\t\t\t\t\t\t\t\t\t\t<\/a>\n\t\t\t\t\t\t\t\t\t\t\t\t\t<\/div>\n\t\t\t\t\t<\/td>\n\t\t\t\t\t\t\t<\/tr>\n\t\t\t<tr class=\"xpro-table-body-row\">\n\t\t\t\t\t\t\t\t<td class=\"xpro-table-body-row-cell elementor-repeater-item-180ed6e\" colspan=\"\">\n\t\t\t\t\t\t<div class=\"xpro-table-body-row-cell-inner\">\n\t\t\t\t\t\t\t\t\t\t\t\t\t\t<span class=\"xpro-table-body-row-cell-content\">\n\t\t\t\t\t\t\t\t2017\t\t\t\t\t\t\t<\/span>\n\t\t\t\t\t\t\t\n\t\t\t\t\t\t\t\t\t\t\t\t\t\t\t\t\t\t\t\t<\/div>\n\t\t\t\t\t<\/td>\n\t\t\t\t\t\t\t\t\t\t<td class=\"xpro-table-body-row-cell elementor-repeater-item-58abd88\" colspan=\"\">\n\t\t\t\t\t\t<div class=\"xpro-table-body-row-cell-inner\">\n\t\t\t\t\t\t\t\t\t\t\t\t\t\t<span class=\"xpro-table-body-row-cell-content\">\n\t\t\t\t\t\t\t\t2017 Business Plan\t\t\t\t\t\t\t<\/span>\n\t\t\t\t\t\t\t\n\t\t\t\t\t\t\t\t\t\t\t\t\t\t\t\t\t\t\t\t<\/div>\n\t\t\t\t\t<\/td>\n\t\t\t\t\t\t\t\t\t\t<td class=\"xpro-table-body-row-cell elementor-repeater-item-91df2ba\" colspan=\"\">\n\t\t\t\t\t\t<div class=\"xpro-table-body-row-cell-inner\">\n\t\t\t\t\t\t\t\t\t\t\t\t\t\t<a href=\"https:\/\/bthk.org\/Documents\/raporlar\/is-planlari\/is-plani-2017.pdf\" target=\"_blank\">\n\t\t\t\t\t\t\t\t\t\t\t\t\t\t<span class=\"xpro-table-body-row-cell-content\">\n\t\t\t\t\t\t\t\tDownload PDF\t\t\t\t\t\t\t<\/span>\n\t\t\t\t\t\t\t\n\t\t\t\t\t\t\t\t\t\t\t\t\t\t\t\t\t\t\t\t\t<\/a>\n\t\t\t\t\t\t\t\t\t\t\t\t\t<\/div>\n\t\t\t\t\t<\/td>\n\t\t\t\t\t\t\t<\/tr>\n\t\t<\/tbody>\n<\/table>\n\t\t\t\t<\/div>\n\t\t\t\t<\/div>\n\t\t\t\t\t<\/div>\n\t\t\t\t<\/div>\n\t\t\t\t<\/div>","protected":false},"excerpt":{"rendered":"<p>\u0130\u015f Planlar\u0131 Y\u0131l Rapor Ad\u0131 PDF Linki 2025 2025 Y\u0131l\u0131 \u0130\u015f Plan\u0131 Pdf \u0130ndir 2024 2024 Y\u0131l\u0131 \u0130\u015f Plan\u0131 Pdf \u0130ndir 2023 2023 Y\u0131l\u0131 \u0130\u015f Plan\u0131 Pdf \u0130ndir 2022 2022 Y\u0131l\u0131 \u0130\u015f Plan\u0131 Pdf \u0130ndir 2021 2021 Y\u0131l\u0131 \u0130\u015f Plan\u0131 Pdf \u0130ndir 2020 2020 Y\u0131l\u0131 \u0130\u015f Plan\u0131 Pdf \u0130ndir 2019 2019 Y\u0131l\u0131 \u0130\u015f Plan\u0131 Pdf&#8230;<\/p>","protected":false},"author":2,"featured_media":0,"parent":0,"menu_order":0,"comment_status":"closed","ping_status":"closed","template":"","meta":{"_kad_post_transparent":"default","_kad_post_title":"hide","_kad_post_layout":"fullwidth","_kad_post_sidebar_id":"","_kad_post_content_style":"unboxed","_kad_post_vertical_padding":"hide","_kad_post_feature":"hide","_kad_post_feature_position":"","_kad_post_header":false,"_kad_post_footer":false,"_kad_post_classname":"","footnotes":""},"class_list":["post-2529","page","type-page","status-publish","hentry"],"yoast_head":"<!-- This site is optimized with the Yoast SEO plugin v27.4 - https:\/\/yoast.com\/product\/yoast-seo-wordpress\/ -->\n<title>\u0130\u015f Planlar\u0131 - Bilgi Teknolojileri ve Haberle\u015fme Kurumu<\/title>\n<meta name=\"robots\" content=\"index, follow, max-snippet:-1, max-image-preview:large, max-video-preview:-1\" \/>\n<link rel=\"canonical\" href=\"https:\/\/www.bthk.org\/en\/is-planlari\/\" \/>\n<meta property=\"og:locale\" content=\"en_GB\" \/>\n<meta property=\"og:type\" content=\"article\" \/>\n<meta property=\"og:title\" content=\"\u0130\u015f Planlar\u0131 - Bilgi Teknolojileri ve Haberle\u015fme Kurumu\" \/>\n<meta property=\"og:description\" content=\"\u0130\u015f Planlar\u0131 Y\u0131l Rapor Ad\u0131 PDF Linki 2025 2025 Y\u0131l\u0131 \u0130\u015f Plan\u0131 Pdf \u0130ndir 2024 2024 Y\u0131l\u0131 \u0130\u015f Plan\u0131 Pdf \u0130ndir 2023 2023 Y\u0131l\u0131 \u0130\u015f Plan\u0131 Pdf \u0130ndir 2022 2022 Y\u0131l\u0131 \u0130\u015f Plan\u0131 Pdf \u0130ndir 2021 2021 Y\u0131l\u0131 \u0130\u015f Plan\u0131 Pdf \u0130ndir 2020 2020 Y\u0131l\u0131 \u0130\u015f Plan\u0131 Pdf \u0130ndir 2019 2019 Y\u0131l\u0131 \u0130\u015f Plan\u0131 Pdf...\" \/>\n<meta property=\"og:url\" content=\"https:\/\/www.bthk.org\/en\/is-planlari\/\" \/>\n<meta property=\"og:site_name\" content=\"Bilgi Teknolojileri ve Haberle\u015fme Kurumu\" \/>\n<meta property=\"article:publisher\" content=\"https:\/\/www.facebook.com\/BTHKurumu\" \/>\n<meta property=\"article:modified_time\" content=\"2025-07-11T08:16:34+00:00\" \/>\n<meta name=\"twitter:card\" content=\"summary_large_image\" \/>\n<meta name=\"twitter:label1\" content=\"Estimated reading time\" \/>\n\t<meta name=\"twitter:data1\" content=\"1 minute\" \/>\n<script type=\"application\/ld+json\" class=\"yoast-schema-graph\">{\"@context\":\"https:\\\/\\\/schema.org\",\"@graph\":[{\"@type\":\"WebPage\",\"@id\":\"https:\\\/\\\/www.bthk.org\\\/is-planlari\\\/\",\"url\":\"https:\\\/\\\/www.bthk.org\\\/is-planlari\\\/\",\"name\":\"\u0130\u015f Planlar\u0131 - Bilgi Teknolojileri ve Haberle\u015fme Kurumu\",\"isPartOf\":{\"@id\":\"https:\\\/\\\/www.bthk.org\\\/#website\"},\"datePublished\":\"2025-06-20T16:31:30+00:00\",\"dateModified\":\"2025-07-11T08:16:34+00:00\",\"breadcrumb\":{\"@id\":\"https:\\\/\\\/www.bthk.org\\\/is-planlari\\\/#breadcrumb\"},\"inLanguage\":\"en-GB\",\"potentialAction\":[{\"@type\":\"ReadAction\",\"target\":[\"https:\\\/\\\/www.bthk.org\\\/is-planlari\\\/\"]}]},{\"@type\":\"BreadcrumbList\",\"@id\":\"https:\\\/\\\/www.bthk.org\\\/is-planlari\\\/#breadcrumb\",\"itemListElement\":[{\"@type\":\"ListItem\",\"position\":1,\"name\":\"Anasayfa\",\"item\":\"https:\\\/\\\/www.bthk.org\\\/\"},{\"@type\":\"ListItem\",\"position\":2,\"name\":\"\u0130\u015f Planlar\u0131\"}]},{\"@type\":\"WebSite\",\"@id\":\"https:\\\/\\\/www.bthk.org\\\/#website\",\"url\":\"https:\\\/\\\/www.bthk.org\\\/\",\"name\":\"Bilgi Teknolojileri ve Haberle\u015fme Kurumu\",\"description\":\"\",\"publisher\":{\"@id\":\"https:\\\/\\\/www.bthk.org\\\/#organization\"},\"potentialAction\":[{\"@type\":\"SearchAction\",\"target\":{\"@type\":\"EntryPoint\",\"urlTemplate\":\"https:\\\/\\\/www.bthk.org\\\/?s={search_term_string}\"},\"query-input\":{\"@type\":\"PropertyValueSpecification\",\"valueRequired\":true,\"valueName\":\"search_term_string\"}}],\"inLanguage\":\"en-GB\"},{\"@type\":\"Organization\",\"@id\":\"https:\\\/\\\/www.bthk.org\\\/#organization\",\"name\":\"Bilgi Teknolojileri ve Haberle\u015fme Kurumu\",\"url\":\"https:\\\/\\\/www.bthk.org\\\/\",\"logo\":{\"@type\":\"ImageObject\",\"inLanguage\":\"en-GB\",\"@id\":\"https:\\\/\\\/www.bthk.org\\\/#\\\/schema\\\/logo\\\/image\\\/\",\"url\":\"https:\\\/\\\/www.bthk.org\\\/wp-content\\\/uploads\\\/2025\\\/05\\\/bthk-logo.png\",\"contentUrl\":\"https:\\\/\\\/www.bthk.org\\\/wp-content\\\/uploads\\\/2025\\\/05\\\/bthk-logo.png\",\"width\":278,\"height\":130,\"caption\":\"Bilgi Teknolojileri ve Haberle\u015fme Kurumu\"},\"image\":{\"@id\":\"https:\\\/\\\/www.bthk.org\\\/#\\\/schema\\\/logo\\\/image\\\/\"},\"sameAs\":[\"https:\\\/\\\/www.facebook.com\\\/BTHKurumu\",\"https:\\\/\\\/www.instagram.com\\\/kktcbthk?igsh=NzMxa20zc3QydHBi\"]}]}<\/script>\n<!-- \/ Yoast SEO plugin. -->","yoast_head_json":{"title":"\u0130\u015f Planlar\u0131 - Bilgi Teknolojileri ve Haberle\u015fme Kurumu","robots":{"index":"index","follow":"follow","max-snippet":"max-snippet:-1","max-image-preview":"max-image-preview:large","max-video-preview":"max-video-preview:-1"},"canonical":"https:\/\/www.bthk.org\/en\/is-planlari\/","og_locale":"en_GB","og_type":"article","og_title":"\u0130\u015f Planlar\u0131 - Bilgi Teknolojileri ve Haberle\u015fme Kurumu","og_description":"\u0130\u015f Planlar\u0131 Y\u0131l Rapor Ad\u0131 PDF Linki 2025 2025 Y\u0131l\u0131 \u0130\u015f Plan\u0131 Pdf \u0130ndir 2024 2024 Y\u0131l\u0131 \u0130\u015f Plan\u0131 Pdf \u0130ndir 2023 2023 Y\u0131l\u0131 \u0130\u015f Plan\u0131 Pdf \u0130ndir 2022 2022 Y\u0131l\u0131 \u0130\u015f Plan\u0131 Pdf \u0130ndir 2021 2021 Y\u0131l\u0131 \u0130\u015f Plan\u0131 Pdf \u0130ndir 2020 2020 Y\u0131l\u0131 \u0130\u015f Plan\u0131 Pdf \u0130ndir 2019 2019 Y\u0131l\u0131 \u0130\u015f Plan\u0131 Pdf...","og_url":"https:\/\/www.bthk.org\/en\/is-planlari\/","og_site_name":"Bilgi Teknolojileri ve Haberle\u015fme Kurumu","article_publisher":"https:\/\/www.facebook.com\/BTHKurumu","article_modified_time":"2025-07-11T08:16:34+00:00","twitter_card":"summary_large_image","twitter_misc":{"Estimated reading time":"1 minute"},"schema":{"@context":"https:\/\/schema.org","@graph":[{"@type":"WebPage","@id":"https:\/\/www.bthk.org\/is-planlari\/","url":"https:\/\/www.bthk.org\/is-planlari\/","name":"\u0130\u015f Planlar\u0131 - Bilgi Teknolojileri ve Haberle\u015fme Kurumu","isPartOf":{"@id":"https:\/\/www.bthk.org\/#website"},"datePublished":"2025-06-20T16:31:30+00:00","dateModified":"2025-07-11T08:16:34+00:00","breadcrumb":{"@id":"https:\/\/www.bthk.org\/is-planlari\/#breadcrumb"},"inLanguage":"en-GB","potentialAction":[{"@type":"ReadAction","target":["https:\/\/www.bthk.org\/is-planlari\/"]}]},{"@type":"BreadcrumbList","@id":"https:\/\/www.bthk.org\/is-planlari\/#breadcrumb","itemListElement":[{"@type":"ListItem","position":1,"name":"Anasayfa","item":"https:\/\/www.bthk.org\/"},{"@type":"ListItem","position":2,"name":"\u0130\u015f Planlar\u0131"}]},{"@type":"WebSite","@id":"https:\/\/www.bthk.org\/#website","url":"https:\/\/www.bthk.org\/","name":"Bilgi Teknolojileri ve Haberle\u015fme Kurumu","description":"","publisher":{"@id":"https:\/\/www.bthk.org\/#organization"},"potentialAction":[{"@type":"SearchAction","target":{"@type":"EntryPoint","urlTemplate":"https:\/\/www.bthk.org\/?s={search_term_string}"},"query-input":{"@type":"PropertyValueSpecification","valueRequired":true,"valueName":"search_term_string"}}],"inLanguage":"en-GB"},{"@type":"Organization","@id":"https:\/\/www.bthk.org\/#organization","name":"Bilgi Teknolojileri ve Haberle\u015fme Kurumu","url":"https:\/\/www.bthk.org\/","logo":{"@type":"ImageObject","inLanguage":"en-GB","@id":"https:\/\/www.bthk.org\/#\/schema\/logo\/image\/","url":"https:\/\/www.bthk.org\/wp-content\/uploads\/2025\/05\/bthk-logo.png","contentUrl":"https:\/\/www.bthk.org\/wp-content\/uploads\/2025\/05\/bthk-logo.png","width":278,"height":130,"caption":"Bilgi Teknolojileri ve Haberle\u015fme Kurumu"},"image":{"@id":"https:\/\/www.bthk.org\/#\/schema\/logo\/image\/"},"sameAs":["https:\/\/www.facebook.com\/BTHKurumu","https:\/\/www.instagram.com\/kktcbthk?igsh=NzMxa20zc3QydHBi"]}]}},"_links":{"self":[{"href":"https:\/\/www.bthk.org\/en\/wp-json\/wp\/v2\/pages\/2529","targetHints":{"allow":["GET"]}}],"collection":[{"href":"https:\/\/www.bthk.org\/en\/wp-json\/wp\/v2\/pages"}],"about":[{"href":"https:\/\/www.bthk.org\/en\/wp-json\/wp\/v2\/types\/page"}],"author":[{"embeddable":true,"href":"https:\/\/www.bthk.org\/en\/wp-json\/wp\/v2\/users\/2"}],"replies":[{"embeddable":true,"href":"https:\/\/www.bthk.org\/en\/wp-json\/wp\/v2\/comments?post=2529"}],"version-history":[{"count":0,"href":"https:\/\/www.bthk.org\/en\/wp-json\/wp\/v2\/pages\/2529\/revisions"}],"wp:attachment":[{"href":"https:\/\/www.bthk.org\/en\/wp-json\/wp\/v2\/media?parent=2529"}],"curies":[{"name":"wp","href":"https:\/\/api.w.org\/{rel}","templated":true}]}}