{"id":2511,"date":"2025-06-20T14:54:38","date_gmt":"2025-06-20T11:54:38","guid":{"rendered":"https:\/\/www.bthk.org\/?page_id=2511"},"modified":"2025-07-13T07:01:23","modified_gmt":"2025-07-13T04:01:23","slug":"emf-olcum-raporlari","status":"publish","type":"page","link":"https:\/\/www.bthk.org\/en\/emf-olcum-raporlari\/","title":{"rendered":"EMF Measurement Reports"},"content":{"rendered":"<div data-elementor-type=\"wp-page\" data-elementor-id=\"2511\" class=\"elementor elementor-2511\" data-elementor-post-type=\"page\">\n\t\t\t\t<div class=\"elementor-element elementor-element-f7b9455 e-flex e-con-boxed e-con e-parent\" data-id=\"f7b9455\" data-element_type=\"container\" data-e-type=\"container\" id=\"main\">\n\t\t\t\t\t<div class=\"e-con-inner\">\n\t\t\t\t<div class=\"elementor-element elementor-element-33d1a87 elementor-widget elementor-widget-spacer\" data-id=\"33d1a87\" data-element_type=\"widget\" data-e-type=\"widget\" data-widget_type=\"spacer.default\">\n\t\t\t\t<div class=\"elementor-widget-container\">\n\t\t\t\t\t\t\t<div class=\"elementor-spacer\">\n\t\t\t<div class=\"elementor-spacer-inner\"><\/div>\n\t\t<\/div>\n\t\t\t\t\t\t<\/div>\n\t\t\t\t<\/div>\n\t\t\t\t<div class=\"elementor-element elementor-element-4d8f946 elementor-widget elementor-widget-heading\" data-id=\"4d8f946\" data-element_type=\"widget\" data-e-type=\"widget\" data-widget_type=\"heading.default\">\n\t\t\t\t<div class=\"elementor-widget-container\">\n\t\t\t\t\t<h2 class=\"elementor-heading-title elementor-size-default\">EMF Measurement Reports<\/h2>\t\t\t\t<\/div>\n\t\t\t\t<\/div>\n\t\t\t\t<div class=\"elementor-element elementor-element-03aecdc elementor-widget-divider--view-line elementor-invisible elementor-widget elementor-widget-divider\" data-id=\"03aecdc\" data-element_type=\"widget\" data-e-type=\"widget\" data-settings=\"{&quot;_animation&quot;:&quot;fadeInLeft&quot;}\" data-widget_type=\"divider.default\">\n\t\t\t\t<div class=\"elementor-widget-container\">\n\t\t\t\t\t\t\t<div class=\"elementor-divider\">\n\t\t\t<span class=\"elementor-divider-separator\">\n\t\t\t\t\t\t<\/span>\n\t\t<\/div>\n\t\t\t\t\t\t<\/div>\n\t\t\t\t<\/div>\n\t\t\t\t\t<\/div>\n\t\t\t\t<\/div>\n\t\t<div class=\"elementor-element elementor-element-84a3a14 e-flex e-con-boxed e-con e-parent\" data-id=\"84a3a14\" data-element_type=\"container\" data-e-type=\"container\">\n\t\t\t\t\t<div class=\"e-con-inner\">\n\t\t<div class=\"elementor-element elementor-element-7cf2409 e-con-full e-flex e-con e-child\" data-id=\"7cf2409\" data-element_type=\"container\" data-e-type=\"container\">\n\t\t\t\t<div class=\"elementor-element elementor-element-aa36fcc elementor-position-top elementor-widget elementor-widget-image-box\" data-id=\"aa36fcc\" data-element_type=\"widget\" data-e-type=\"widget\" data-widget_type=\"image-box.default\">\n\t\t\t\t<div class=\"elementor-widget-container\">\n\t\t\t\t\t<div class=\"elementor-image-box-wrapper\"><figure class=\"elementor-image-box-img\"><a href=\"https:\/\/www.bthk.org\/en\/Documents\/raporlar\/emf-olcum-raporlari\/EMF%20Raporu%202024%20F2.pdf\/\" target=\"_blank\" tabindex=\"-1\"><img fetchpriority=\"high\" decoding=\"async\" width=\"452\" height=\"642\" src=\"https:\/\/www.bthk.org\/wp-content\/uploads\/2025\/05\/yogunluk-haritalari-2024.jpg\" class=\"attachment-full size-full wp-image-264\" alt=\"yo\u011funluk haritalar\u0131 2024\" srcset=\"https:\/\/www.bthk.org\/wp-content\/uploads\/2025\/05\/yogunluk-haritalari-2024.jpg 452w, https:\/\/www.bthk.org\/wp-content\/uploads\/2025\/05\/yogunluk-haritalari-2024-211x300.jpg 211w\" sizes=\"(max-width: 452px) 100vw, 452px\" \/><\/a><\/figure><div class=\"elementor-image-box-content\"><h3 class=\"elementor-image-box-title\"><a href=\"https:\/\/www.bthk.org\/en\/Documents\/raporlar\/emf-olcum-raporlari\/EMF%20Raporu%202024%20F2.pdf\/\" target=\"_blank\">EMF Measurement Report 2024<\/a><\/h3><\/div><\/div>\t\t\t\t<\/div>\n\t\t\t\t<\/div>\n\t\t\t\t<\/div>\n\t\t<div class=\"elementor-element elementor-element-93e7228 e-con-full e-flex e-con e-child\" data-id=\"93e7228\" data-element_type=\"container\" data-e-type=\"container\">\n\t\t\t\t<div class=\"elementor-element elementor-element-396ad6d elementor-position-top elementor-widget elementor-widget-image-box\" data-id=\"396ad6d\" data-element_type=\"widget\" data-e-type=\"widget\" data-widget_type=\"image-box.default\">\n\t\t\t\t<div class=\"elementor-widget-container\">\n\t\t\t\t\t<div class=\"elementor-image-box-wrapper\"><figure class=\"elementor-image-box-img\"><a href=\"https:\/\/www.bthk.org\/en\/Documents\/raporlar\/emf-olcum-raporlari\/2022%20EMF%20Raporu%20A4.pdf\/\" target=\"_blank\" tabindex=\"-1\"><img decoding=\"async\" width=\"453\" height=\"645\" src=\"https:\/\/www.bthk.org\/wp-content\/uploads\/2025\/05\/emf-2022.png\" class=\"attachment-full size-full wp-image-265\" alt=\"emf-2022\" srcset=\"https:\/\/www.bthk.org\/wp-content\/uploads\/2025\/05\/emf-2022.png 453w, https:\/\/www.bthk.org\/wp-content\/uploads\/2025\/05\/emf-2022-211x300.png 211w\" sizes=\"(max-width: 453px) 100vw, 453px\" \/><\/a><\/figure><div class=\"elementor-image-box-content\"><h3 class=\"elementor-image-box-title\"><a href=\"https:\/\/www.bthk.org\/en\/Documents\/raporlar\/emf-olcum-raporlari\/2022%20EMF%20Raporu%20A4.pdf\/\" target=\"_blank\">EMF Measurement Report 2022<\/a><\/h3><\/div><\/div>\t\t\t\t<\/div>\n\t\t\t\t<\/div>\n\t\t\t\t<\/div>\n\t\t<div class=\"elementor-element elementor-element-8f66295 e-con-full e-flex e-con e-child\" data-id=\"8f66295\" data-element_type=\"container\" data-e-type=\"container\">\n\t\t\t\t<div class=\"elementor-element elementor-element-024d352 elementor-position-top elementor-widget elementor-widget-image-box\" data-id=\"024d352\" data-element_type=\"widget\" data-e-type=\"widget\" data-widget_type=\"image-box.default\">\n\t\t\t\t<div class=\"elementor-widget-container\">\n\t\t\t\t\t<div class=\"elementor-image-box-wrapper\"><figure class=\"elementor-image-box-img\"><a href=\"https:\/\/www.bthk.org\/Documents\/raporlar\/emf-olcum-raporlari\/Ilkokul-EMF-olcum-raporu-2020.pdf\" target=\"_blank\" tabindex=\"-1\"><img decoding=\"async\" width=\"453\" height=\"645\" src=\"https:\/\/www.bthk.org\/wp-content\/uploads\/2025\/06\/ilkogretim-2020.png\" class=\"attachment-full size-full wp-image-1669\" alt=\"ilk\u00f6\u011fretim 2020\" srcset=\"https:\/\/www.bthk.org\/wp-content\/uploads\/2025\/06\/ilkogretim-2020.png 453w, https:\/\/www.bthk.org\/wp-content\/uploads\/2025\/06\/ilkogretim-2020-211x300.png 211w\" sizes=\"(max-width: 453px) 100vw, 453px\" \/><\/a><\/figure><div class=\"elementor-image-box-content\"><h3 class=\"elementor-image-box-title\"><a href=\"https:\/\/www.bthk.org\/Documents\/raporlar\/emf-olcum-raporlari\/Ilkokul-EMF-olcum-raporu-2020.pdf\" target=\"_blank\">EMF Measurement Report 2020 (Primary Schools)<\/a><\/h3><\/div><\/div>\t\t\t\t<\/div>\n\t\t\t\t<\/div>\n\t\t\t\t<\/div>\n\t\t<div class=\"elementor-element elementor-element-4d59a40 e-con-full e-flex e-con e-child\" data-id=\"4d59a40\" data-element_type=\"container\" data-e-type=\"container\">\n\t\t\t\t<div class=\"elementor-element elementor-element-e90a81a elementor-position-top elementor-widget elementor-widget-image-box\" data-id=\"e90a81a\" data-element_type=\"widget\" data-e-type=\"widget\" data-widget_type=\"image-box.default\">\n\t\t\t\t<div class=\"elementor-widget-container\">\n\t\t\t\t\t<div class=\"elementor-image-box-wrapper\"><figure class=\"elementor-image-box-img\"><a href=\"https:\/\/www.bthk.org\/en\/Documents\/raporlar\/emf-olcum-raporlari\/2020_EMF_%20Raporu.pdf\/\" target=\"_blank\" tabindex=\"-1\"><img loading=\"lazy\" decoding=\"async\" width=\"453\" height=\"645\" src=\"https:\/\/www.bthk.org\/wp-content\/uploads\/2025\/06\/kktc-yogunluk-haritalari-2020.png\" class=\"attachment-full size-full wp-image-1671\" alt=\"kktc yo\u011funluk haritalar\u0131 2020\" srcset=\"https:\/\/www.bthk.org\/wp-content\/uploads\/2025\/06\/kktc-yogunluk-haritalari-2020.png 453w, https:\/\/www.bthk.org\/wp-content\/uploads\/2025\/06\/kktc-yogunluk-haritalari-2020-211x300.png 211w\" sizes=\"(max-width: 453px) 100vw, 453px\" \/><\/a><\/figure><div class=\"elementor-image-box-content\"><h3 class=\"elementor-image-box-title\"><a href=\"https:\/\/www.bthk.org\/en\/Documents\/raporlar\/emf-olcum-raporlari\/2020_EMF_%20Raporu.pdf\/\" target=\"_blank\">EMF Measurement Report 2020<\/a><\/h3><\/div><\/div>\t\t\t\t<\/div>\n\t\t\t\t<\/div>\n\t\t\t\t<\/div>\n\t\t<div class=\"elementor-element elementor-element-1709449 e-con-full e-flex e-con e-child\" data-id=\"1709449\" data-element_type=\"container\" data-e-type=\"container\">\n\t\t\t\t<div class=\"elementor-element elementor-element-2d303f8 elementor-position-top elementor-widget elementor-widget-image-box\" data-id=\"2d303f8\" data-element_type=\"widget\" data-e-type=\"widget\" data-widget_type=\"image-box.default\">\n\t\t\t\t<div class=\"elementor-widget-container\">\n\t\t\t\t\t<div class=\"elementor-image-box-wrapper\"><figure class=\"elementor-image-box-img\"><a href=\"https:\/\/www.bthk.org\/Documents\/raporlar\/emf-olcum-raporlari\/KKTC-EMF-olcum-raporu-2018.pdf\" target=\"_blank\" tabindex=\"-1\"><img loading=\"lazy\" decoding=\"async\" width=\"453\" height=\"645\" src=\"https:\/\/www.bthk.org\/wp-content\/uploads\/2025\/06\/aralik-2018.png\" class=\"attachment-full size-full wp-image-1672\" alt=\"aral\u0131k 2018\" srcset=\"https:\/\/www.bthk.org\/wp-content\/uploads\/2025\/06\/aralik-2018.png 453w, https:\/\/www.bthk.org\/wp-content\/uploads\/2025\/06\/aralik-2018-211x300.png 211w\" sizes=\"(max-width: 453px) 100vw, 453px\" \/><\/a><\/figure><div class=\"elementor-image-box-content\"><h3 class=\"elementor-image-box-title\"><a href=\"https:\/\/www.bthk.org\/Documents\/raporlar\/emf-olcum-raporlari\/KKTC-EMF-olcum-raporu-2018.pdf\" target=\"_blank\">EMF Measurement Report 2018<\/a><\/h3><\/div><\/div>\t\t\t\t<\/div>\n\t\t\t\t<\/div>\n\t\t\t\t<\/div>\n\t\t<div class=\"elementor-element elementor-element-4bdd286 e-con-full e-flex e-con e-child\" data-id=\"4bdd286\" data-element_type=\"container\" data-e-type=\"container\">\n\t\t\t\t<\/div>\n\t\t\t\t\t<\/div>\n\t\t\t\t<\/div>\n\t\t<div class=\"elementor-element elementor-element-68fb6c2 e-flex e-con-boxed e-con e-parent\" data-id=\"68fb6c2\" data-element_type=\"container\" data-e-type=\"container\">\n\t\t\t\t\t<div class=\"e-con-inner\">\n\t\t\t\t<div class=\"elementor-element elementor-element-14a9fbe elementor-widget elementor-widget-spacer\" data-id=\"14a9fbe\" data-element_type=\"widget\" data-e-type=\"widget\" data-widget_type=\"spacer.default\">\n\t\t\t\t<div class=\"elementor-widget-container\">\n\t\t\t\t\t\t\t<div class=\"elementor-spacer\">\n\t\t\t<div class=\"elementor-spacer-inner\"><\/div>\n\t\t<\/div>\n\t\t\t\t\t\t<\/div>\n\t\t\t\t<\/div>\n\t\t\t\t\t<\/div>\n\t\t\t\t<\/div>\n\t\t\t\t<\/div>","protected":false},"excerpt":{"rendered":"<p>EMF \u00d6l\u00e7\u00fcm Raporlar\u0131 EMF \u00d6l\u00e7\u00fcm Raporu 2024 EMF \u00d6l\u00e7\u00fcm Raporu 2022 EMF \u00d6l\u00e7\u00fcm Raporu 2020 (\u0130lk \u00d6\u011fretim Okullar\u0131) EMF \u00d6l\u00e7\u00fcm Raporu 2020 EMF \u00d6l\u00e7\u00fcm Raporu 2018<\/p>","protected":false},"author":2,"featured_media":0,"parent":0,"menu_order":0,"comment_status":"closed","ping_status":"closed","template":"","meta":{"_kad_post_transparent":"","_kad_post_title":"hide","_kad_post_layout":"fullwidth","_kad_post_sidebar_id":"","_kad_post_content_style":"unboxed","_kad_post_vertical_padding":"hide","_kad_post_feature":"hide","_kad_post_feature_position":"","_kad_post_header":false,"_kad_post_footer":false,"_kad_post_classname":"","footnotes":""},"class_list":["post-2511","page","type-page","status-publish","hentry"],"yoast_head":"<!-- This site is optimized with the Yoast SEO plugin v27.4 - https:\/\/yoast.com\/product\/yoast-seo-wordpress\/ -->\n<title>EMF \u00d6l\u00e7\u00fcm Raporlar\u0131 - Bilgi Teknolojileri ve Haberle\u015fme Kurumu<\/title>\n<meta name=\"robots\" content=\"index, follow, max-snippet:-1, max-image-preview:large, max-video-preview:-1\" \/>\n<link rel=\"canonical\" href=\"https:\/\/www.bthk.org\/en\/emf-olcum-raporlari\/\" \/>\n<meta property=\"og:locale\" content=\"en_GB\" \/>\n<meta property=\"og:type\" content=\"article\" \/>\n<meta property=\"og:title\" content=\"EMF \u00d6l\u00e7\u00fcm Raporlar\u0131 - Bilgi Teknolojileri ve Haberle\u015fme Kurumu\" \/>\n<meta property=\"og:description\" content=\"EMF \u00d6l\u00e7\u00fcm Raporlar\u0131 EMF \u00d6l\u00e7\u00fcm Raporu 2024 EMF \u00d6l\u00e7\u00fcm Raporu 2022 EMF \u00d6l\u00e7\u00fcm Raporu 2020 (\u0130lk \u00d6\u011fretim Okullar\u0131) EMF \u00d6l\u00e7\u00fcm Raporu 2020 EMF \u00d6l\u00e7\u00fcm Raporu 2018\" \/>\n<meta property=\"og:url\" content=\"https:\/\/www.bthk.org\/en\/emf-olcum-raporlari\/\" \/>\n<meta property=\"og:site_name\" content=\"Bilgi Teknolojileri ve Haberle\u015fme Kurumu\" \/>\n<meta property=\"article:publisher\" content=\"https:\/\/www.facebook.com\/BTHKurumu\" \/>\n<meta property=\"article:modified_time\" content=\"2025-07-13T04:01:23+00:00\" \/>\n<meta property=\"og:image\" content=\"https:\/\/www.bthk.org\/wp-content\/uploads\/2025\/05\/yogunluk-haritalari-2024.jpg\" \/>\n<meta name=\"twitter:card\" content=\"summary_large_image\" \/>\n<meta name=\"twitter:label1\" content=\"Estimated reading time\" \/>\n\t<meta name=\"twitter:data1\" content=\"2 minutes\" \/>\n<script type=\"application\/ld+json\" class=\"yoast-schema-graph\">{\"@context\":\"https:\\\/\\\/schema.org\",\"@graph\":[{\"@type\":\"WebPage\",\"@id\":\"https:\\\/\\\/www.bthk.org\\\/emf-olcum-raporlari\\\/\",\"url\":\"https:\\\/\\\/www.bthk.org\\\/emf-olcum-raporlari\\\/\",\"name\":\"EMF \u00d6l\u00e7\u00fcm Raporlar\u0131 - Bilgi Teknolojileri ve Haberle\u015fme Kurumu\",\"isPartOf\":{\"@id\":\"https:\\\/\\\/www.bthk.org\\\/#website\"},\"primaryImageOfPage\":{\"@id\":\"https:\\\/\\\/www.bthk.org\\\/emf-olcum-raporlari\\\/#primaryimage\"},\"image\":{\"@id\":\"https:\\\/\\\/www.bthk.org\\\/emf-olcum-raporlari\\\/#primaryimage\"},\"thumbnailUrl\":\"https:\\\/\\\/www.bthk.org\\\/wp-content\\\/uploads\\\/2025\\\/05\\\/yogunluk-haritalari-2024.jpg\",\"datePublished\":\"2025-06-20T11:54:38+00:00\",\"dateModified\":\"2025-07-13T04:01:23+00:00\",\"breadcrumb\":{\"@id\":\"https:\\\/\\\/www.bthk.org\\\/emf-olcum-raporlari\\\/#breadcrumb\"},\"inLanguage\":\"en-GB\",\"potentialAction\":[{\"@type\":\"ReadAction\",\"target\":[\"https:\\\/\\\/www.bthk.org\\\/emf-olcum-raporlari\\\/\"]}]},{\"@type\":\"ImageObject\",\"inLanguage\":\"en-GB\",\"@id\":\"https:\\\/\\\/www.bthk.org\\\/emf-olcum-raporlari\\\/#primaryimage\",\"url\":\"https:\\\/\\\/www.bthk.org\\\/wp-content\\\/uploads\\\/2025\\\/05\\\/yogunluk-haritalari-2024.jpg\",\"contentUrl\":\"https:\\\/\\\/www.bthk.org\\\/wp-content\\\/uploads\\\/2025\\\/05\\\/yogunluk-haritalari-2024.jpg\"},{\"@type\":\"BreadcrumbList\",\"@id\":\"https:\\\/\\\/www.bthk.org\\\/emf-olcum-raporlari\\\/#breadcrumb\",\"itemListElement\":[{\"@type\":\"ListItem\",\"position\":1,\"name\":\"Anasayfa\",\"item\":\"https:\\\/\\\/www.bthk.org\\\/\"},{\"@type\":\"ListItem\",\"position\":2,\"name\":\"EMF \u00d6l\u00e7\u00fcm Raporlar\u0131\"}]},{\"@type\":\"WebSite\",\"@id\":\"https:\\\/\\\/www.bthk.org\\\/#website\",\"url\":\"https:\\\/\\\/www.bthk.org\\\/\",\"name\":\"Bilgi Teknolojileri ve Haberle\u015fme Kurumu\",\"description\":\"\",\"publisher\":{\"@id\":\"https:\\\/\\\/www.bthk.org\\\/#organization\"},\"potentialAction\":[{\"@type\":\"SearchAction\",\"target\":{\"@type\":\"EntryPoint\",\"urlTemplate\":\"https:\\\/\\\/www.bthk.org\\\/?s={search_term_string}\"},\"query-input\":{\"@type\":\"PropertyValueSpecification\",\"valueRequired\":true,\"valueName\":\"search_term_string\"}}],\"inLanguage\":\"en-GB\"},{\"@type\":\"Organization\",\"@id\":\"https:\\\/\\\/www.bthk.org\\\/#organization\",\"name\":\"Bilgi Teknolojileri ve Haberle\u015fme Kurumu\",\"url\":\"https:\\\/\\\/www.bthk.org\\\/\",\"logo\":{\"@type\":\"ImageObject\",\"inLanguage\":\"en-GB\",\"@id\":\"https:\\\/\\\/www.bthk.org\\\/#\\\/schema\\\/logo\\\/image\\\/\",\"url\":\"https:\\\/\\\/www.bthk.org\\\/wp-content\\\/uploads\\\/2025\\\/05\\\/bthk-logo.png\",\"contentUrl\":\"https:\\\/\\\/www.bthk.org\\\/wp-content\\\/uploads\\\/2025\\\/05\\\/bthk-logo.png\",\"width\":278,\"height\":130,\"caption\":\"Bilgi Teknolojileri ve Haberle\u015fme Kurumu\"},\"image\":{\"@id\":\"https:\\\/\\\/www.bthk.org\\\/#\\\/schema\\\/logo\\\/image\\\/\"},\"sameAs\":[\"https:\\\/\\\/www.facebook.com\\\/BTHKurumu\",\"https:\\\/\\\/www.instagram.com\\\/kktcbthk?igsh=NzMxa20zc3QydHBi\"]}]}<\/script>\n<!-- \/ Yoast SEO plugin. -->","yoast_head_json":{"title":"EMF \u00d6l\u00e7\u00fcm Raporlar\u0131 - Bilgi Teknolojileri ve Haberle\u015fme Kurumu","robots":{"index":"index","follow":"follow","max-snippet":"max-snippet:-1","max-image-preview":"max-image-preview:large","max-video-preview":"max-video-preview:-1"},"canonical":"https:\/\/www.bthk.org\/en\/emf-olcum-raporlari\/","og_locale":"en_GB","og_type":"article","og_title":"EMF \u00d6l\u00e7\u00fcm Raporlar\u0131 - Bilgi Teknolojileri ve Haberle\u015fme Kurumu","og_description":"EMF \u00d6l\u00e7\u00fcm Raporlar\u0131 EMF \u00d6l\u00e7\u00fcm Raporu 2024 EMF \u00d6l\u00e7\u00fcm Raporu 2022 EMF \u00d6l\u00e7\u00fcm Raporu 2020 (\u0130lk \u00d6\u011fretim Okullar\u0131) EMF \u00d6l\u00e7\u00fcm Raporu 2020 EMF \u00d6l\u00e7\u00fcm Raporu 2018","og_url":"https:\/\/www.bthk.org\/en\/emf-olcum-raporlari\/","og_site_name":"Bilgi Teknolojileri ve Haberle\u015fme Kurumu","article_publisher":"https:\/\/www.facebook.com\/BTHKurumu","article_modified_time":"2025-07-13T04:01:23+00:00","og_image":[{"url":"https:\/\/www.bthk.org\/wp-content\/uploads\/2025\/05\/yogunluk-haritalari-2024.jpg","type":"","width":"","height":""}],"twitter_card":"summary_large_image","twitter_misc":{"Estimated reading time":"2 minutes"},"schema":{"@context":"https:\/\/schema.org","@graph":[{"@type":"WebPage","@id":"https:\/\/www.bthk.org\/emf-olcum-raporlari\/","url":"https:\/\/www.bthk.org\/emf-olcum-raporlari\/","name":"EMF \u00d6l\u00e7\u00fcm Raporlar\u0131 - Bilgi Teknolojileri ve Haberle\u015fme Kurumu","isPartOf":{"@id":"https:\/\/www.bthk.org\/#website"},"primaryImageOfPage":{"@id":"https:\/\/www.bthk.org\/emf-olcum-raporlari\/#primaryimage"},"image":{"@id":"https:\/\/www.bthk.org\/emf-olcum-raporlari\/#primaryimage"},"thumbnailUrl":"https:\/\/www.bthk.org\/wp-content\/uploads\/2025\/05\/yogunluk-haritalari-2024.jpg","datePublished":"2025-06-20T11:54:38+00:00","dateModified":"2025-07-13T04:01:23+00:00","breadcrumb":{"@id":"https:\/\/www.bthk.org\/emf-olcum-raporlari\/#breadcrumb"},"inLanguage":"en-GB","potentialAction":[{"@type":"ReadAction","target":["https:\/\/www.bthk.org\/emf-olcum-raporlari\/"]}]},{"@type":"ImageObject","inLanguage":"en-GB","@id":"https:\/\/www.bthk.org\/emf-olcum-raporlari\/#primaryimage","url":"https:\/\/www.bthk.org\/wp-content\/uploads\/2025\/05\/yogunluk-haritalari-2024.jpg","contentUrl":"https:\/\/www.bthk.org\/wp-content\/uploads\/2025\/05\/yogunluk-haritalari-2024.jpg"},{"@type":"BreadcrumbList","@id":"https:\/\/www.bthk.org\/emf-olcum-raporlari\/#breadcrumb","itemListElement":[{"@type":"ListItem","position":1,"name":"Anasayfa","item":"https:\/\/www.bthk.org\/"},{"@type":"ListItem","position":2,"name":"EMF \u00d6l\u00e7\u00fcm Raporlar\u0131"}]},{"@type":"WebSite","@id":"https:\/\/www.bthk.org\/#website","url":"https:\/\/www.bthk.org\/","name":"Bilgi Teknolojileri ve Haberle\u015fme Kurumu","description":"","publisher":{"@id":"https:\/\/www.bthk.org\/#organization"},"potentialAction":[{"@type":"SearchAction","target":{"@type":"EntryPoint","urlTemplate":"https:\/\/www.bthk.org\/?s={search_term_string}"},"query-input":{"@type":"PropertyValueSpecification","valueRequired":true,"valueName":"search_term_string"}}],"inLanguage":"en-GB"},{"@type":"Organization","@id":"https:\/\/www.bthk.org\/#organization","name":"Bilgi Teknolojileri ve Haberle\u015fme Kurumu","url":"https:\/\/www.bthk.org\/","logo":{"@type":"ImageObject","inLanguage":"en-GB","@id":"https:\/\/www.bthk.org\/#\/schema\/logo\/image\/","url":"https:\/\/www.bthk.org\/wp-content\/uploads\/2025\/05\/bthk-logo.png","contentUrl":"https:\/\/www.bthk.org\/wp-content\/uploads\/2025\/05\/bthk-logo.png","width":278,"height":130,"caption":"Bilgi Teknolojileri ve Haberle\u015fme Kurumu"},"image":{"@id":"https:\/\/www.bthk.org\/#\/schema\/logo\/image\/"},"sameAs":["https:\/\/www.facebook.com\/BTHKurumu","https:\/\/www.instagram.com\/kktcbthk?igsh=NzMxa20zc3QydHBi"]}]}},"_links":{"self":[{"href":"https:\/\/www.bthk.org\/en\/wp-json\/wp\/v2\/pages\/2511","targetHints":{"allow":["GET"]}}],"collection":[{"href":"https:\/\/www.bthk.org\/en\/wp-json\/wp\/v2\/pages"}],"about":[{"href":"https:\/\/www.bthk.org\/en\/wp-json\/wp\/v2\/types\/page"}],"author":[{"embeddable":true,"href":"https:\/\/www.bthk.org\/en\/wp-json\/wp\/v2\/users\/2"}],"replies":[{"embeddable":true,"href":"https:\/\/www.bthk.org\/en\/wp-json\/wp\/v2\/comments?post=2511"}],"version-history":[{"count":0,"href":"https:\/\/www.bthk.org\/en\/wp-json\/wp\/v2\/pages\/2511\/revisions"}],"wp:attachment":[{"href":"https:\/\/www.bthk.org\/en\/wp-json\/wp\/v2\/media?parent=2511"}],"curies":[{"name":"wp","href":"https:\/\/api.w.org\/{rel}","templated":true}]}}