{"id":1523,"date":"2025-06-12T16:31:35","date_gmt":"2025-06-12T13:31:35","guid":{"rendered":"https:\/\/bthk.iseri.net\/?page_id=1523"},"modified":"2026-01-13T11:11:29","modified_gmt":"2026-01-13T09:11:29","slug":"tuketici-iletisim","status":"publish","type":"page","link":"https:\/\/www.bthk.org\/en\/tuketici-iletisim\/","title":{"rendered":"Consumer Communication"},"content":{"rendered":"\t\t<div data-elementor-type=\"wp-page\" data-elementor-id=\"1523\" class=\"elementor elementor-1523\" data-elementor-post-type=\"page\">\n\t\t\t\t<div class=\"elementor-element elementor-element-8653723 e-flex e-con-boxed e-con e-parent\" data-id=\"8653723\" data-element_type=\"container\" data-e-type=\"container\">\n\t\t\t\t\t<div class=\"e-con-inner\">\n\t\t\t\t<div class=\"elementor-element elementor-element-78f2c11 elementor-widget elementor-widget-heading\" data-id=\"78f2c11\" data-element_type=\"widget\" data-e-type=\"widget\" data-widget_type=\"heading.default\">\n\t\t\t\t<div class=\"elementor-widget-container\">\n\t\t\t\t\t<h1 class=\"elementor-heading-title elementor-size-default\">KKTC BTHK T\u00fcketici \u0130leti\u015fim Formu<\/h1>\t\t\t\t<\/div>\n\t\t\t\t<\/div>\n\t\t\t\t<div class=\"elementor-element elementor-element-73cb0bd elementor-alert-info elementor-widget elementor-widget-alert\" data-id=\"73cb0bd\" data-element_type=\"widget\" data-e-type=\"widget\" data-widget_type=\"alert.default\">\n\t\t\t\t<div class=\"elementor-widget-container\">\n\t\t\t\t\t\t\t<div class=\"elementor-alert\" role=\"alert\">\n\n\t\t\t\t\t\t<span class=\"elementor-alert-title\">L\u00fctfen Dikkat<\/span>\n\t\t\t\n\t\t\t\t\t\t<span class=\"elementor-alert-description\">Bu form yaln\u0131zca Kurum hizmetleri hakk\u0131nda bilgi alma, g\u00f6r\u00fc\u015f bildirme veya soru sorma amac\u0131yla kullan\u0131lmaktad\u0131r.\n<\/span>\n\t\t\t\n\t\t\t\n\t\t<\/div>\n\t\t\t\t\t\t<\/div>\n\t\t\t\t<\/div>\n\t\t\t\t<div class=\"elementor-element elementor-element-b936350 elementor-alert-danger elementor-widget elementor-widget-alert\" data-id=\"b936350\" data-element_type=\"widget\" data-e-type=\"widget\" data-widget_type=\"alert.default\">\n\t\t\t\t<div class=\"elementor-widget-container\">\n\t\t\t\t\t\t\t<div class=\"elementor-alert\" role=\"alert\">\n\n\t\t\t\t\t\t<span class=\"elementor-alert-title\">\u00d6NEML\u0130 UYARI: Operat\u00f6r \u015eikayetleri Hakk\u0131nda<\/span>\n\t\t\t\n\t\t\t\t\t\t<span class=\"elementor-alert-description\">Elektronik haberle\u015fme sa\u011flay\u0131c\u0131lar\u0131 ile ilgili \u015fikayetleriniz i\u00e7in Kurumumuza kimlik kart\u0131 ile \u015fahsen ba\u015fvuru yap\u0131lmas\u0131 ve imzal\u0131 dilek\u00e7e verilmesi gerekmektedir.<\/span>\n\t\t\t\n\t\t\t\n\t\t<\/div>\n\t\t\t\t\t\t<\/div>\n\t\t\t\t<\/div>\n\t\t\t\t<div class=\"elementor-element elementor-element-1dedce2 elementor-widget elementor-widget-text-editor\" data-id=\"1dedce2\" data-element_type=\"widget\" data-e-type=\"widget\" data-widget_type=\"text-editor.default\">\n\t\t\t\t<div class=\"elementor-widget-container\">\n\t\t\t\t\t\t\t\t\t<p style=\"text-align: center;\">L\u00fctfen a\u015fa\u011f\u0131daki formu eksiksiz doldurunuz.<\/p>\t\t\t\t\t\t\t\t<\/div>\n\t\t\t\t<\/div>\n\t\t\t\t\t<\/div>\n\t\t\t\t<\/div>\n\t\t<div class=\"elementor-element elementor-element-8edcc7b e-flex e-con-boxed e-con e-parent\" data-id=\"8edcc7b\" data-element_type=\"container\" data-e-type=\"container\">\n\t\t\t\t\t<div class=\"e-con-inner\">\n\t\t\t\t<div class=\"elementor-element elementor-element-7b0b6c2 elementor-widget elementor-widget-shortcode\" data-id=\"7b0b6c2\" data-element_type=\"widget\" data-e-type=\"widget\" data-widget_type=\"shortcode.default\">\n\t\t\t\t<div class=\"elementor-widget-container\">\n\t\t\t\t\t\t\t<div class=\"elementor-shortcode\"><div id=\"quform-883ee2\" class=\"quform quform-1 quform-theme-react quform-support-page-caching\"><form id=\"quform-form-883ee2\" class=\"quform-form quform-form-1\" action=\"\/en\/wp-json\/wp\/v2\/pages\/1523#quform-883ee2\" method=\"post\" enctype=\"multipart\/form-data\" novalidate=\"novalidate\" data-options=\"{&quot;id&quot;:1,&quot;uniqueId&quot;:&quot;883ee2&quot;,&quot;theme&quot;:&quot;react&quot;,&quot;ajax&quot;:true,&quot;logic&quot;:{&quot;logic&quot;:[],&quot;dependents&quot;:[],&quot;elementIds&quot;:[],&quot;dependentElementIds&quot;:[],&quot;animate&quot;:true},&quot;currentPageId&quot;:1,&quot;errorsIcon&quot;:&quot;&quot;,&quot;updateFancybox&quot;:true,&quot;hasPages&quot;:false,&quot;pages&quot;:[1],&quot;pageProgressType&quot;:&quot;numbers&quot;,&quot;tooltipsEnabled&quot;:true,&quot;tooltipClasses&quot;:&quot;qtip-quform-dark qtip-shadow&quot;,&quot;tooltipMy&quot;:&quot;left center&quot;,&quot;tooltipAt&quot;:&quot;right center&quot;,&quot;isRtl&quot;:false,&quot;scrollOffset&quot;:-50,&quot;scrollSpeed&quot;:800}\"><button class=\"quform-default-submit\" name=\"quform_submit\" type=\"submit\" value=\"submit\" aria-hidden=\"true\" tabindex=\"-1\"><\/button><div class=\"quform-form-inner quform-form-inner-1\"><input type=\"hidden\" name=\"quform_form_id\" value=\"1\" \/><input type=\"hidden\" name=\"quform_form_uid\" value=\"883ee2\" \/><input type=\"hidden\" name=\"quform_count\" value=\"1\" \/><input type=\"hidden\" name=\"form_url\" value=\"https:\/\/www.bthk.org\/en\/wp-json\/wp\/v2\/pages\/1523\" \/><input type=\"hidden\" name=\"referring_url\" value=\"\" \/><input type=\"hidden\" name=\"post_id\" value=\"\" \/><input type=\"hidden\" name=\"post_title\" value=\"\" \/><input type=\"hidden\" name=\"quform_current_page_id\" value=\"1\" \/><input type=\"hidden\" name=\"quform_loaded\" value=\"1776488013|e0f9b0155ea569ccd29db105d84587ae\" \/><input type=\"hidden\" name=\"quform_csrf_token\" value=\"REKi3SViSABqgKlAsNmkUQWxxGE0ldE7fJxNOwNr\" \/><div class=\"quform-elements quform-elements-1 quform-cf quform-responsive-elements-phone-landscape\"><div class=\"quform-element quform-element-page quform-page-1 quform-page-1_1 quform-cf quform-group-style-plain quform-first-page quform-last-page quform-current-page\"><div class=\"quform-child-elements\"><div class=\"quform-element quform-element-name quform-element-1_3 quform-cf quform-element-required\"><div class=\"quform-spacer\"><div class=\"quform-label quform-label-1_3\"><span class=\"quform-label-icon\"><i class=\"fa fa-user\"><\/i><\/span><label class=\"quform-label-text\" id=\"quform_1_3_883ee2_label\">\u0130sim - Soyisim<span class=\"quform-required\">*<\/span><\/label><\/div><div class=\"quform-inner quform-inner-name quform-inner-1_3\"><div class=\"quform-input quform-input-name quform-input-1_3 quform-cf\"><div class=\"quform-element-row quform-2-columns quform-element-row-size-fixed quform-responsive-columns-phone-landscape\"><div class=\"quform-element-column\"><div class=\"quform-element quform-element-text quform-element-1_3_2 quform-cf quform-element-required\"><div class=\"quform-spacer\"><div class=\"quform-inner quform-inner-text quform-inner-1_3_2\"><div class=\"quform-input quform-input-text quform-input-1_3_2 quform-cf\"><input type=\"text\" id=\"quform_1_3_2_883ee2\" name=\"quform_1_3[2]\" class=\"quform-field quform-field-text quform-field-1_3_2\" placeholder=\"\u0130sim\" aria-labelledby=\"quform_1_3_883ee2_label\" \/><\/div><\/div><\/div><\/div><\/div><div class=\"quform-element-column\"><div class=\"quform-element quform-element-text quform-element-1_3_4 quform-cf quform-element-required\"><div class=\"quform-spacer\"><div class=\"quform-inner quform-inner-text quform-inner-1_3_4\"><div class=\"quform-input quform-input-text quform-input-1_3_4 quform-cf\"><input type=\"text\" id=\"quform_1_3_4_883ee2\" name=\"quform_1_3[4]\" class=\"quform-field quform-field-text quform-field-1_3_4\" placeholder=\"Soyisim\" aria-labelledby=\"quform_1_3_883ee2_label\" \/><\/div><\/div><\/div><\/div><\/div><\/div><\/div><\/div><\/div><\/div><div class=\"quform-element quform-element-textarea quform-element-1_641379 quform-sr-only quform-cf\" style=\"clip: rect(1px, 1px, 1px, 1px); clip-path: inset(50%); position: absolute !important; height: 1px; width: 1px; overflow: hidden;\"><div class=\"quform-spacer\"><div class=\"quform-label quform-label-1_641379\"><label class=\"quform-label-text\" for=\"quform_1_641379_883ee2\">Website URL<span class=\"quform-required\">*<\/span><\/label><\/div><div class=\"quform-inner quform-inner-1_641379\"><textarea id=\"quform_1_641379_883ee2\" name=\"quform_1_641379\" class=\"quform-field quform-field-textarea quform-field-1_641379\" tabindex=\"-1\" autocomplete=\"new-password\"><\/textarea><\/div><\/div><\/div><div class=\"quform-element quform-element-row quform-element-row-1_4 quform-2-columns quform-element-row-size-fixed quform-responsive-columns-phone-landscape\"><div class=\"quform-element quform-element-column quform-element-1_5\"><div class=\"quform-element quform-element-email quform-element-1_9 quform-cf quform-element-required\"><div class=\"quform-spacer\"><div class=\"quform-label quform-label-1_9\"><span class=\"quform-label-icon\"><i class=\"fa fa-envelope-o\"><\/i><\/span><label class=\"quform-label-text\" for=\"quform_1_9_883ee2\">Eposta Adresi<span class=\"quform-required\">*<\/span><\/label><\/div><div class=\"quform-inner quform-inner-email quform-inner-1_9\"><div class=\"quform-input quform-input-email quform-input-1_9 quform-cf\"><input type=\"email\" id=\"quform_1_9_883ee2\" name=\"quform_1_9\" class=\"quform-field quform-field-email quform-field-1_9\" placeholder=\"Eposta\" \/><\/div><\/div><\/div><\/div><\/div><div class=\"quform-element quform-element-column quform-element-1_6\"><div class=\"quform-element quform-element-email quform-element-1_11 quform-cf quform-element-required\"><div class=\"quform-spacer\"><div class=\"quform-label quform-label-1_11\"><span class=\"quform-label-icon\"><i class=\"fa fa-envelope-o\"><\/i><\/span><label class=\"quform-label-text\" for=\"quform_1_11_883ee2\">Eposta Adresi Tekrar<span class=\"quform-required\">*<\/span><\/label><\/div><div class=\"quform-inner quform-inner-email quform-inner-1_11\"><div class=\"quform-input quform-input-email quform-input-1_11 quform-cf\"><input type=\"email\" id=\"quform_1_11_883ee2\" name=\"quform_1_11\" class=\"quform-field quform-field-email quform-field-1_11 no-copy\" placeholder=\"Eposta Teyit\" \/><\/div><\/div><\/div><\/div><\/div><\/div><div class=\"quform-element quform-element-row quform-element-row-1_14 quform-2-columns quform-element-row-size-fixed quform-responsive-columns-phone-landscape\"><div class=\"quform-element quform-element-column quform-element-1_15\"><div class=\"quform-element quform-element-text quform-element-1_17 quform-cf quform-element-required\"><div class=\"quform-spacer\"><div class=\"quform-label quform-label-1_17\"><span class=\"quform-label-icon\"><i class=\"fa fa-phone\"><\/i><\/span><label class=\"quform-label-text\" for=\"quform_1_17_883ee2\">Cep telefonu<span class=\"quform-required\">*<\/span><\/label><\/div><div class=\"quform-inner quform-inner-text quform-inner-1_17\"><div class=\"quform-input quform-input-text quform-input-1_17 quform-cf\"><input type=\"text\" id=\"quform_1_17_883ee2\" name=\"quform_1_17\" class=\"quform-field quform-field-text quform-field-1_17\" placeholder=\"05xxxxxxxxx\" \/><\/div><\/div><\/div><\/div><\/div><div class=\"quform-element quform-element-column quform-element-1_16\"><div class=\"quform-element quform-element-select quform-element-1_12 quform-cf quform-element-required\"><div class=\"quform-spacer\"><div class=\"quform-label quform-label-1_12\"><span class=\"quform-label-icon\"><i class=\"qicon-check\"><\/i><\/span><label class=\"quform-label-text\" for=\"quform_1_12_883ee2\">\u0130leti\u015fim Sebebi<span class=\"quform-required\">*<\/span><\/label><\/div><div class=\"quform-inner quform-inner-select quform-inner-1_12\"><div class=\"quform-input quform-input-select quform-input-1_12 quform-cf\"><select id=\"quform_1_12_883ee2\" name=\"quform_1_12\" class=\"quform-field quform-field-select quform-field-1_12\"><option value=\"\" selected=\"selected\">L\u00fctfen Se\u00e7iniz<\/option><option value=\"Bilgi Edinme\">Bilgi Edinme<\/option><option value=\"Kurum Hakk\u0131nda G\u00f6r\u00fc\u015f ve \u00d6neriler\">Kurum Hakk\u0131nda G\u00f6r\u00fc\u015f ve \u00d6neriler<\/option><\/select><\/div><\/div><\/div><\/div><\/div><\/div><div class=\"quform-element quform-element-textarea quform-element-1_13 quform-cf quform-element-required\"><div class=\"quform-spacer\"><div class=\"quform-label quform-label-1_13\"><span class=\"quform-label-icon\"><i class=\"fa fa-comment-o\"><\/i><\/span><label class=\"quform-label-text\" for=\"quform_1_13_883ee2\">Mesaj\u0131n\u0131z<span class=\"quform-required\">*<\/span><\/label><\/div><div class=\"quform-inner quform-inner-textarea quform-inner-1_13\"><div class=\"quform-input quform-input-textarea quform-input-1_13 quform-cf\"><textarea id=\"quform_1_13_883ee2\" name=\"quform_1_13\" class=\"quform-field quform-field-textarea quform-field-1_13\"><\/textarea><\/div><\/div><\/div><\/div><div class=\"quform-element quform-element-recaptcha quform-element-1_19 quform-cf quform-element-required quform-recaptcha-no-size\"><div class=\"quform-spacer\"><div class=\"quform-inner quform-inner-recaptcha quform-inner-1_19\"><div class=\"quform-input quform-input-recaptcha quform-input-1_19 quform-cf\"><div class=\"quform-recaptcha\" data-config=\"{&quot;sitekey&quot;:&quot;6Lds8DcrAAAAAIZIjdJcWCa1eGU7xzSwuHmXfpmJ&quot;,&quot;_version&quot;:&quot;v3&quot;,&quot;size&quot;:&quot;invisible&quot;,&quot;type&quot;:&quot;image&quot;,&quot;theme&quot;:&quot;light&quot;,&quot;badge&quot;:&quot;bottomright&quot;}\"><\/div><noscript>Please enable JavaScript to submit this form.<\/noscript><\/div><\/div><\/div><\/div><div class=\"quform-element quform-element-submit quform-element-1_2 quform-cf quform-button-style-theme\"><div class=\"quform-button-submit quform-button-submit-default quform-button-submit-1_2 quform-button-icon-right\"><button name=\"quform_submit\" type=\"submit\" class=\"quform-submit\" value=\"submit\"><span class=\"quform-button-text quform-button-submit-text\">G\u00f6nder<\/span><span class=\"quform-button-icon quform-button-submit-icon\"><i class=\"qicon-paper-plane\"><\/i><\/span><\/button><\/div><div class=\"quform-loading quform-loading-position-left quform-loading-type-spinner-1\"><div class=\"quform-loading-inner\"><div class=\"quform-loading-spinner\"><div class=\"quform-loading-spinner-inner\"><\/div><\/div><\/div><\/div><\/div><\/div><\/div><\/div><\/div><\/form><\/div><\/div>\n\t\t\t\t\t\t<\/div>\n\t\t\t\t<\/div>\n\t\t\t\t\t<\/div>\n\t\t\t\t<\/div>\n\t\t<div class=\"elementor-element elementor-element-9b99632 e-flex e-con-boxed e-con e-parent\" data-id=\"9b99632\" data-element_type=\"container\" data-e-type=\"container\">\n\t\t\t\t\t<div class=\"e-con-inner\">\n\t\t\t\t<div class=\"elementor-element elementor-element-e877d78 elementor-widget elementor-widget-html\" data-id=\"e877d78\" data-element_type=\"widget\" data-e-type=\"widget\" data-widget_type=\"html.default\">\n\t\t\t\t<div class=\"elementor-widget-container\">\n\t\t\t\t\t<script>\r\n  const observer = new MutationObserver(() => {\r\n    const emailRepeatField = document.querySelector('input.no-copy');\r\n\r\n    if (emailRepeatField) {\r\n      ['paste', 'copy', 'cut', 'contextmenu'].forEach(event => {\r\n        emailRepeatField.addEventListener(event, function (e) {\r\n          e.preventDefault();\r\n        });\r\n      });\r\n\r\n      observer.disconnect(); \/\/ G\u00f6zlemlemeyi durdur\r\n    }\r\n  });\r\n\r\n  \/\/ T\u00fcm sayfada DOM de\u011fi\u015fimini izle\r\n  observer.observe(document.body, { childList: true, subtree: true });\r\n<\/script>\r\n\t\t\t\t<\/div>\n\t\t\t\t<\/div>\n\t\t\t\t\t<\/div>\n\t\t\t\t<\/div>\n\t\t\t\t<\/div>\n\t\t","protected":false},"excerpt":{"rendered":"<p>KKTC BTHK T\u00fcketici \u0130leti\u015fim Formu L\u00fctfen Dikkat Bu form yaln\u0131zca Kurum hizmetleri hakk\u0131nda bilgi alma, g\u00f6r\u00fc\u015f bildirme veya soru sorma amac\u0131yla kullan\u0131lmaktad\u0131r. \u00d6NEML\u0130 UYARI: Operat\u00f6r \u015eikayetleri Hakk\u0131nda Elektronik haberle\u015fme sa\u011flay\u0131c\u0131lar\u0131 ile ilgili \u015fikayetleriniz i\u00e7in Kurumumuza kimlik kart\u0131 ile \u015fahsen ba\u015fvuru yap\u0131lmas\u0131 ve imzal\u0131 dilek\u00e7e verilmesi gerekmektedir. L\u00fctfen a\u015fa\u011f\u0131daki formu eksiksiz doldurunuz.<\/p>","protected":false},"author":1,"featured_media":0,"parent":0,"menu_order":0,"comment_status":"closed","ping_status":"closed","template":"elementor_header_footer","meta":{"_kad_post_transparent":"default","_kad_post_title":"hide","_kad_post_layout":"fullwidth","_kad_post_sidebar_id":"","_kad_post_content_style":"unboxed","_kad_post_vertical_padding":"hide","_kad_post_feature":"hide","_kad_post_feature_position":"","_kad_post_header":false,"_kad_post_footer":false,"_kad_post_classname":"","footnotes":""},"class_list":["post-1523","page","type-page","status-publish","hentry"],"yoast_head":"<!-- This site is optimized with the Yoast SEO plugin v27.4 - https:\/\/yoast.com\/product\/yoast-seo-wordpress\/ -->\n<title>KKTC BTHK T\u00fcketici \u0130leti\u015fim Formu - Kuzey K\u0131br\u0131s BTHK<\/title>\n<meta name=\"description\" content=\"Bu form yaln\u0131zca KKTC&#039;deki t\u00fcketiciler i\u00e7indir. T\u00fcrkiye Cumhuriyeti i\u00e7in ba\u015fvuru yapmak istiyorsan\u0131z l\u00fctfen BTK web sitesini ziyaret edin.\" \/>\n<meta name=\"robots\" content=\"index, follow, max-snippet:-1, max-image-preview:large, max-video-preview:-1\" \/>\n<link rel=\"canonical\" href=\"https:\/\/www.bthk.org\/en\/tuketici-iletisim\/\" \/>\n<meta property=\"og:locale\" content=\"en_GB\" \/>\n<meta property=\"og:type\" content=\"article\" \/>\n<meta property=\"og:title\" content=\"KKTC BTHK T\u00fcketici \u0130leti\u015fim Formu - Kuzey K\u0131br\u0131s BTHK\" \/>\n<meta property=\"og:description\" content=\"Bu form yaln\u0131zca KKTC&#039;deki t\u00fcketiciler i\u00e7indir. T\u00fcrkiye Cumhuriyeti i\u00e7in ba\u015fvuru yapmak istiyorsan\u0131z l\u00fctfen BTK web sitesini ziyaret edin.\" \/>\n<meta property=\"og:url\" content=\"https:\/\/www.bthk.org\/en\/tuketici-iletisim\/\" \/>\n<meta property=\"og:site_name\" content=\"Bilgi Teknolojileri ve Haberle\u015fme Kurumu\" \/>\n<meta property=\"article:publisher\" content=\"https:\/\/www.facebook.com\/BTHKurumu\" \/>\n<meta property=\"article:modified_time\" content=\"2026-01-13T09:11:29+00:00\" \/>\n<meta name=\"twitter:card\" content=\"summary_large_image\" \/>\n<meta name=\"twitter:label1\" content=\"Estimated reading time\" \/>\n\t<meta name=\"twitter:data1\" content=\"1 minute\" \/>\n<script type=\"application\/ld+json\" class=\"yoast-schema-graph\">{\"@context\":\"https:\\\/\\\/schema.org\",\"@graph\":[{\"@type\":\"WebPage\",\"@id\":\"https:\\\/\\\/www.bthk.org\\\/tuketici-iletisim\\\/\",\"url\":\"https:\\\/\\\/www.bthk.org\\\/tuketici-iletisim\\\/\",\"name\":\"KKTC BTHK T\u00fcketici \u0130leti\u015fim Formu - Kuzey K\u0131br\u0131s BTHK\",\"isPartOf\":{\"@id\":\"https:\\\/\\\/www.bthk.org\\\/#website\"},\"datePublished\":\"2025-06-12T13:31:35+00:00\",\"dateModified\":\"2026-01-13T09:11:29+00:00\",\"description\":\"Bu form yaln\u0131zca KKTC'deki t\u00fcketiciler i\u00e7indir. T\u00fcrkiye Cumhuriyeti i\u00e7in ba\u015fvuru yapmak istiyorsan\u0131z l\u00fctfen BTK web sitesini ziyaret edin.\",\"breadcrumb\":{\"@id\":\"https:\\\/\\\/www.bthk.org\\\/tuketici-iletisim\\\/#breadcrumb\"},\"inLanguage\":\"en-GB\",\"potentialAction\":[{\"@type\":\"ReadAction\",\"target\":[\"https:\\\/\\\/www.bthk.org\\\/tuketici-iletisim\\\/\"]}]},{\"@type\":\"BreadcrumbList\",\"@id\":\"https:\\\/\\\/www.bthk.org\\\/tuketici-iletisim\\\/#breadcrumb\",\"itemListElement\":[{\"@type\":\"ListItem\",\"position\":1,\"name\":\"Anasayfa\",\"item\":\"https:\\\/\\\/www.bthk.org\\\/\"},{\"@type\":\"ListItem\",\"position\":2,\"name\":\"T\u00fcketici \u0130leti\u015fim\"}]},{\"@type\":\"WebSite\",\"@id\":\"https:\\\/\\\/www.bthk.org\\\/#website\",\"url\":\"https:\\\/\\\/www.bthk.org\\\/\",\"name\":\"Bilgi Teknolojileri ve Haberle\u015fme Kurumu\",\"description\":\"\",\"publisher\":{\"@id\":\"https:\\\/\\\/www.bthk.org\\\/#organization\"},\"potentialAction\":[{\"@type\":\"SearchAction\",\"target\":{\"@type\":\"EntryPoint\",\"urlTemplate\":\"https:\\\/\\\/www.bthk.org\\\/?s={search_term_string}\"},\"query-input\":{\"@type\":\"PropertyValueSpecification\",\"valueRequired\":true,\"valueName\":\"search_term_string\"}}],\"inLanguage\":\"en-GB\"},{\"@type\":\"Organization\",\"@id\":\"https:\\\/\\\/www.bthk.org\\\/#organization\",\"name\":\"Bilgi Teknolojileri ve Haberle\u015fme Kurumu\",\"url\":\"https:\\\/\\\/www.bthk.org\\\/\",\"logo\":{\"@type\":\"ImageObject\",\"inLanguage\":\"en-GB\",\"@id\":\"https:\\\/\\\/www.bthk.org\\\/#\\\/schema\\\/logo\\\/image\\\/\",\"url\":\"https:\\\/\\\/www.bthk.org\\\/wp-content\\\/uploads\\\/2025\\\/05\\\/bthk-logo.png\",\"contentUrl\":\"https:\\\/\\\/www.bthk.org\\\/wp-content\\\/uploads\\\/2025\\\/05\\\/bthk-logo.png\",\"width\":278,\"height\":130,\"caption\":\"Bilgi Teknolojileri ve Haberle\u015fme Kurumu\"},\"image\":{\"@id\":\"https:\\\/\\\/www.bthk.org\\\/#\\\/schema\\\/logo\\\/image\\\/\"},\"sameAs\":[\"https:\\\/\\\/www.facebook.com\\\/BTHKurumu\",\"https:\\\/\\\/www.instagram.com\\\/kktcbthk?igsh=NzMxa20zc3QydHBi\"]}]}<\/script>\n<!-- \/ Yoast SEO plugin. -->","yoast_head_json":{"title":"KKTC BTHK T\u00fcketici \u0130leti\u015fim Formu - Kuzey K\u0131br\u0131s BTHK","description":"Bu form yaln\u0131zca KKTC'deki t\u00fcketiciler i\u00e7indir. T\u00fcrkiye Cumhuriyeti i\u00e7in ba\u015fvuru yapmak istiyorsan\u0131z l\u00fctfen BTK web sitesini ziyaret edin.","robots":{"index":"index","follow":"follow","max-snippet":"max-snippet:-1","max-image-preview":"max-image-preview:large","max-video-preview":"max-video-preview:-1"},"canonical":"https:\/\/www.bthk.org\/en\/tuketici-iletisim\/","og_locale":"en_GB","og_type":"article","og_title":"KKTC BTHK T\u00fcketici \u0130leti\u015fim Formu - Kuzey K\u0131br\u0131s BTHK","og_description":"Bu form yaln\u0131zca KKTC'deki t\u00fcketiciler i\u00e7indir. T\u00fcrkiye Cumhuriyeti i\u00e7in ba\u015fvuru yapmak istiyorsan\u0131z l\u00fctfen BTK web sitesini ziyaret edin.","og_url":"https:\/\/www.bthk.org\/en\/tuketici-iletisim\/","og_site_name":"Bilgi Teknolojileri ve Haberle\u015fme Kurumu","article_publisher":"https:\/\/www.facebook.com\/BTHKurumu","article_modified_time":"2026-01-13T09:11:29+00:00","twitter_card":"summary_large_image","twitter_misc":{"Estimated reading time":"1 minute"},"schema":{"@context":"https:\/\/schema.org","@graph":[{"@type":"WebPage","@id":"https:\/\/www.bthk.org\/tuketici-iletisim\/","url":"https:\/\/www.bthk.org\/tuketici-iletisim\/","name":"KKTC BTHK T\u00fcketici \u0130leti\u015fim Formu - Kuzey K\u0131br\u0131s BTHK","isPartOf":{"@id":"https:\/\/www.bthk.org\/#website"},"datePublished":"2025-06-12T13:31:35+00:00","dateModified":"2026-01-13T09:11:29+00:00","description":"Bu form yaln\u0131zca KKTC'deki t\u00fcketiciler i\u00e7indir. T\u00fcrkiye Cumhuriyeti i\u00e7in ba\u015fvuru yapmak istiyorsan\u0131z l\u00fctfen BTK web sitesini ziyaret edin.","breadcrumb":{"@id":"https:\/\/www.bthk.org\/tuketici-iletisim\/#breadcrumb"},"inLanguage":"en-GB","potentialAction":[{"@type":"ReadAction","target":["https:\/\/www.bthk.org\/tuketici-iletisim\/"]}]},{"@type":"BreadcrumbList","@id":"https:\/\/www.bthk.org\/tuketici-iletisim\/#breadcrumb","itemListElement":[{"@type":"ListItem","position":1,"name":"Anasayfa","item":"https:\/\/www.bthk.org\/"},{"@type":"ListItem","position":2,"name":"T\u00fcketici \u0130leti\u015fim"}]},{"@type":"WebSite","@id":"https:\/\/www.bthk.org\/#website","url":"https:\/\/www.bthk.org\/","name":"Bilgi Teknolojileri ve Haberle\u015fme Kurumu","description":"","publisher":{"@id":"https:\/\/www.bthk.org\/#organization"},"potentialAction":[{"@type":"SearchAction","target":{"@type":"EntryPoint","urlTemplate":"https:\/\/www.bthk.org\/?s={search_term_string}"},"query-input":{"@type":"PropertyValueSpecification","valueRequired":true,"valueName":"search_term_string"}}],"inLanguage":"en-GB"},{"@type":"Organization","@id":"https:\/\/www.bthk.org\/#organization","name":"Bilgi Teknolojileri ve Haberle\u015fme Kurumu","url":"https:\/\/www.bthk.org\/","logo":{"@type":"ImageObject","inLanguage":"en-GB","@id":"https:\/\/www.bthk.org\/#\/schema\/logo\/image\/","url":"https:\/\/www.bthk.org\/wp-content\/uploads\/2025\/05\/bthk-logo.png","contentUrl":"https:\/\/www.bthk.org\/wp-content\/uploads\/2025\/05\/bthk-logo.png","width":278,"height":130,"caption":"Bilgi Teknolojileri ve Haberle\u015fme Kurumu"},"image":{"@id":"https:\/\/www.bthk.org\/#\/schema\/logo\/image\/"},"sameAs":["https:\/\/www.facebook.com\/BTHKurumu","https:\/\/www.instagram.com\/kktcbthk?igsh=NzMxa20zc3QydHBi"]}]}},"_links":{"self":[{"href":"https:\/\/www.bthk.org\/en\/wp-json\/wp\/v2\/pages\/1523","targetHints":{"allow":["GET"]}}],"collection":[{"href":"https:\/\/www.bthk.org\/en\/wp-json\/wp\/v2\/pages"}],"about":[{"href":"https:\/\/www.bthk.org\/en\/wp-json\/wp\/v2\/types\/page"}],"author":[{"embeddable":true,"href":"https:\/\/www.bthk.org\/en\/wp-json\/wp\/v2\/users\/1"}],"replies":[{"embeddable":true,"href":"https:\/\/www.bthk.org\/en\/wp-json\/wp\/v2\/comments?post=1523"}],"version-history":[{"count":0,"href":"https:\/\/www.bthk.org\/en\/wp-json\/wp\/v2\/pages\/1523\/revisions"}],"wp:attachment":[{"href":"https:\/\/www.bthk.org\/en\/wp-json\/wp\/v2\/media?parent=1523"}],"curies":[{"name":"wp","href":"https:\/\/api.w.org\/{rel}","templated":true}]}}