{"id":1454,"date":"2025-06-12T15:15:44","date_gmt":"2025-06-12T12:15:44","guid":{"rendered":"https:\/\/bthk.iseri.net\/?page_id=1454"},"modified":"2025-07-13T07:21:29","modified_gmt":"2025-07-13T04:21:29","slug":"frekans-plani","status":"publish","type":"page","link":"https:\/\/www.bthk.org\/en\/frekans-plani\/","title":{"rendered":"Frequency Plan"},"content":{"rendered":"<div data-elementor-type=\"wp-page\" data-elementor-id=\"1454\" class=\"elementor elementor-1454\" data-elementor-post-type=\"page\">\n\t\t\t\t<div class=\"elementor-element elementor-element-4ef65b7 e-flex e-con-boxed e-con e-parent\" data-id=\"4ef65b7\" data-element_type=\"container\" data-e-type=\"container\">\n\t\t\t\t\t<div class=\"e-con-inner\">\n\t\t\t\t\t<\/div>\n\t\t\t\t<\/div>\n\t\t<div class=\"elementor-element elementor-element-bc2c984 e-flex e-con-boxed e-con e-parent\" data-id=\"bc2c984\" data-element_type=\"container\" data-e-type=\"container\">\n\t\t\t\t\t<div class=\"e-con-inner\">\n\t\t\t\t<div class=\"elementor-element elementor-element-3cbedf2 elementor-widget elementor-widget-heading\" data-id=\"3cbedf2\" data-element_type=\"widget\" data-e-type=\"widget\" data-widget_type=\"heading.default\">\n\t\t\t\t<div class=\"elementor-widget-container\">\n\t\t\t\t\t<h2 class=\"elementor-heading-title elementor-size-default\">Frequency Plan<\/h2>\t\t\t\t<\/div>\n\t\t\t\t<\/div>\n\t\t\t\t<div class=\"elementor-element elementor-element-d142cac elementor-widget-divider--view-line elementor-invisible elementor-widget elementor-widget-divider\" data-id=\"d142cac\" data-element_type=\"widget\" data-e-type=\"widget\" data-settings=\"{&quot;_animation&quot;:&quot;fadeInLeft&quot;}\" data-widget_type=\"divider.default\">\n\t\t\t\t<div class=\"elementor-widget-container\">\n\t\t\t\t\t\t\t<div class=\"elementor-divider\">\n\t\t\t<span class=\"elementor-divider-separator\">\n\t\t\t\t\t\t<\/span>\n\t\t<\/div>\n\t\t\t\t\t\t<\/div>\n\t\t\t\t<\/div>\n\t\t\t\t<div class=\"elementor-element elementor-element-e9278f4 elementor-align-left elementor-widget elementor-widget-xpro-infolist\" data-id=\"e9278f4\" data-element_type=\"widget\" data-e-type=\"widget\" data-widget_type=\"xpro-infolist.default\">\n\t\t\t\t<div class=\"elementor-widget-container\">\n\t\t\t\t\t<ul class=\"xpro-infolist-wrapper xpro-infolist-layout-vertical\">\n\t\t\t<li class=\"xpro-infolist-item elementor-repeater-item-d09268a\">\n\t\t\t<a href=\"https:\/\/www.bthk.org\/en\/Documents\/KKTC%20Ulusal%20Frekans%20Plan%c4%b1%20RG%202024.pdf\/\"  target=\"&quot;_blank&quot;\">\t\t\t\t\t\t\t<div class=\"xpro-infolist-media xpro-infolist-media-type-icon\">\n\t\t\t\t\t<svg aria-hidden=\"true\" class=\"e-font-icon-svg e-fas-check\" viewbox=\"0 0 512 512\" xmlns=\"http:\/\/www.w3.org\/2000\/svg\"><path d=\"M173.898 439.404l-166.4-166.4c-9.997-9.997-9.997-26.206 0-36.204l36.203-36.204c9.997-9.998 26.207-9.998 36.204 0L192 312.69 432.095 72.596c9.997-9.997 26.207-9.997 36.204 0l36.203 36.204c9.997 9.997 9.997 26.206 0 36.204l-294.4 294.401c-9.998 9.997-26.207 9.997-36.204-.001z\"><\/path><\/svg>\t\t\t\t<\/div>\n\t\t\t\n\t\t\t<div class=\"xpro-infolist-content\">\n\t\t\t\t                <h2 class=\"xpro-infolist-title\"> TRNC National Frequency Plan <\/h2>\n                \t\t\t\t\t\t\t<\/div>\n\t\t\t<\/a>\t\t<\/li>\n\t\t\t<li class=\"xpro-infolist-item elementor-repeater-item-9041235\">\n\t\t\t<a href=\"https:\/\/www.bthk.org\/en\/Frekans%20Plan%C4%B1%20_%20BTHK_files\/RL%20d%C3%BCzeltme_RG_26.10.2022%20(2).pdf\/\"  target=\"&quot;_blank&quot;\">\t\t\t\t\t\t\t<div class=\"xpro-infolist-media xpro-infolist-media-type-icon\">\n\t\t\t\t\t<svg aria-hidden=\"true\" class=\"e-font-icon-svg e-fas-check\" viewbox=\"0 0 512 512\" xmlns=\"http:\/\/www.w3.org\/2000\/svg\"><path d=\"M173.898 439.404l-166.4-166.4c-9.997-9.997-9.997-26.206 0-36.204l36.203-36.204c9.997-9.998 26.207-9.998 36.204 0L192 312.69 432.095 72.596c9.997-9.997 26.207-9.997 36.204 0l36.203 36.204c9.997 9.997 9.997 26.206 0 36.204l-294.4 294.401c-9.998 9.997-26.207 9.997-36.204-.001z\"><\/path><\/svg>\t\t\t\t<\/div>\n\t\t\t\n\t\t\t<div class=\"xpro-infolist-content\">\n\t\t\t\t                <h2 class=\"xpro-infolist-title\"> RL Detailed Frequency Plan <\/h2>\n                \t\t\t\t\t\t\t<\/div>\n\t\t\t<\/a>\t\t<\/li>\n\t\t\t<li class=\"xpro-infolist-item elementor-repeater-item-86755d8\">\n\t\t\t<a href=\"https:\/\/www.bthk.org\/en\/Frekans%20Plan%C4%B1%20_%20BTHK_files\/Say%C4%B1s%C4%B1%20s%C4%B1n%C4%B1rland%C4%B1r%C4%B1lm%C4%B1s%20bireysel%20kullan%C4%B1m.pdf\/\"  target=\"&quot;_blank&quot;\">\t\t\t\t\t\t\t<div class=\"xpro-infolist-media xpro-infolist-media-type-icon\">\n\t\t\t\t\t<svg aria-hidden=\"true\" class=\"e-font-icon-svg e-fas-check\" viewbox=\"0 0 512 512\" xmlns=\"http:\/\/www.w3.org\/2000\/svg\"><path d=\"M173.898 439.404l-166.4-166.4c-9.997-9.997-9.997-26.206 0-36.204l36.203-36.204c9.997-9.998 26.207-9.998 36.204 0L192 312.69 432.095 72.596c9.997-9.997 26.207-9.997 36.204 0l36.203 36.204c9.997 9.997 9.997 26.206 0 36.204l-294.4 294.401c-9.998 9.997-26.207 9.997-36.204-.001z\"><\/path><\/svg>\t\t\t\t<\/div>\n\t\t\t\n\t\t\t<div class=\"xpro-infolist-content\">\n\t\t\t\t                <h2 class=\"xpro-infolist-title\"> Limited Individual Usage Right Frequency Bands and Decision Published in the Official Gazette <\/h2>\n                \t\t\t\t\t\t\t<\/div>\n\t\t\t<\/a>\t\t<\/li>\n\t<\/ul>\n\t\t\t\t<\/div>\n\t\t\t\t<\/div>\n\t\t\t\t\t<\/div>\n\t\t\t\t<\/div>\n\t\t\t\t<\/div>","protected":false},"excerpt":{"rendered":"<p>Frekans Plan\u0131 KKTC Ulusal Frekans Plan\u0131 RL Detay Frekans Plan\u0131 Say\u0131s\u0131 S\u0131n\u0131rland\u0131r\u0131lm\u0131\u015f Bireysel Kullan\u0131m Hakk\u0131 Frekans Bandlar\u0131 ve Resmi Gazetede Yay\u0131mlanan Karar<\/p>","protected":false},"author":2,"featured_media":0,"parent":0,"menu_order":0,"comment_status":"closed","ping_status":"closed","template":"","meta":{"_kad_post_transparent":"","_kad_post_title":"hide","_kad_post_layout":"fullwidth","_kad_post_sidebar_id":"","_kad_post_content_style":"unboxed","_kad_post_vertical_padding":"hide","_kad_post_feature":"hide","_kad_post_feature_position":"","_kad_post_header":false,"_kad_post_footer":false,"_kad_post_classname":"","footnotes":""},"class_list":["post-1454","page","type-page","status-publish","hentry"],"yoast_head":"<!-- This site is optimized with the Yoast SEO plugin v27.4 - https:\/\/yoast.com\/product\/yoast-seo-wordpress\/ -->\n<title>Frekans Plan\u0131 - Bilgi Teknolojileri ve Haberle\u015fme Kurumu<\/title>\n<meta name=\"robots\" content=\"index, follow, max-snippet:-1, max-image-preview:large, max-video-preview:-1\" \/>\n<link rel=\"canonical\" href=\"https:\/\/www.bthk.org\/en\/frekans-plani\/\" \/>\n<meta property=\"og:locale\" content=\"en_GB\" \/>\n<meta property=\"og:type\" content=\"article\" \/>\n<meta property=\"og:title\" content=\"Frekans Plan\u0131 - Bilgi Teknolojileri ve Haberle\u015fme Kurumu\" \/>\n<meta property=\"og:description\" content=\"Frekans Plan\u0131 KKTC Ulusal Frekans Plan\u0131 RL Detay Frekans Plan\u0131 Say\u0131s\u0131 S\u0131n\u0131rland\u0131r\u0131lm\u0131\u015f Bireysel Kullan\u0131m Hakk\u0131 Frekans Bandlar\u0131 ve Resmi Gazetede Yay\u0131mlanan Karar\" \/>\n<meta property=\"og:url\" content=\"https:\/\/www.bthk.org\/en\/frekans-plani\/\" \/>\n<meta property=\"og:site_name\" content=\"Bilgi Teknolojileri ve Haberle\u015fme Kurumu\" \/>\n<meta property=\"article:publisher\" content=\"https:\/\/www.facebook.com\/BTHKurumu\" \/>\n<meta property=\"article:modified_time\" content=\"2025-07-13T04:21:29+00:00\" \/>\n<meta name=\"twitter:card\" content=\"summary_large_image\" \/>\n<meta name=\"twitter:label1\" content=\"Estimated reading time\" \/>\n\t<meta name=\"twitter:data1\" content=\"1 minute\" \/>\n<script type=\"application\/ld+json\" class=\"yoast-schema-graph\">{\"@context\":\"https:\\\/\\\/schema.org\",\"@graph\":[{\"@type\":\"WebPage\",\"@id\":\"https:\\\/\\\/www.bthk.org\\\/frekans-plani\\\/\",\"url\":\"https:\\\/\\\/www.bthk.org\\\/frekans-plani\\\/\",\"name\":\"Frekans Plan\u0131 - Bilgi Teknolojileri ve Haberle\u015fme Kurumu\",\"isPartOf\":{\"@id\":\"https:\\\/\\\/www.bthk.org\\\/#website\"},\"datePublished\":\"2025-06-12T12:15:44+00:00\",\"dateModified\":\"2025-07-13T04:21:29+00:00\",\"breadcrumb\":{\"@id\":\"https:\\\/\\\/www.bthk.org\\\/frekans-plani\\\/#breadcrumb\"},\"inLanguage\":\"en-GB\",\"potentialAction\":[{\"@type\":\"ReadAction\",\"target\":[\"https:\\\/\\\/www.bthk.org\\\/frekans-plani\\\/\"]}]},{\"@type\":\"BreadcrumbList\",\"@id\":\"https:\\\/\\\/www.bthk.org\\\/frekans-plani\\\/#breadcrumb\",\"itemListElement\":[{\"@type\":\"ListItem\",\"position\":1,\"name\":\"Anasayfa\",\"item\":\"https:\\\/\\\/www.bthk.org\\\/\"},{\"@type\":\"ListItem\",\"position\":2,\"name\":\"Frekans Plan\u0131\"}]},{\"@type\":\"WebSite\",\"@id\":\"https:\\\/\\\/www.bthk.org\\\/#website\",\"url\":\"https:\\\/\\\/www.bthk.org\\\/\",\"name\":\"Bilgi Teknolojileri ve Haberle\u015fme Kurumu\",\"description\":\"\",\"publisher\":{\"@id\":\"https:\\\/\\\/www.bthk.org\\\/#organization\"},\"potentialAction\":[{\"@type\":\"SearchAction\",\"target\":{\"@type\":\"EntryPoint\",\"urlTemplate\":\"https:\\\/\\\/www.bthk.org\\\/?s={search_term_string}\"},\"query-input\":{\"@type\":\"PropertyValueSpecification\",\"valueRequired\":true,\"valueName\":\"search_term_string\"}}],\"inLanguage\":\"en-GB\"},{\"@type\":\"Organization\",\"@id\":\"https:\\\/\\\/www.bthk.org\\\/#organization\",\"name\":\"Bilgi Teknolojileri ve Haberle\u015fme Kurumu\",\"url\":\"https:\\\/\\\/www.bthk.org\\\/\",\"logo\":{\"@type\":\"ImageObject\",\"inLanguage\":\"en-GB\",\"@id\":\"https:\\\/\\\/www.bthk.org\\\/#\\\/schema\\\/logo\\\/image\\\/\",\"url\":\"https:\\\/\\\/www.bthk.org\\\/wp-content\\\/uploads\\\/2025\\\/05\\\/bthk-logo.png\",\"contentUrl\":\"https:\\\/\\\/www.bthk.org\\\/wp-content\\\/uploads\\\/2025\\\/05\\\/bthk-logo.png\",\"width\":278,\"height\":130,\"caption\":\"Bilgi Teknolojileri ve Haberle\u015fme Kurumu\"},\"image\":{\"@id\":\"https:\\\/\\\/www.bthk.org\\\/#\\\/schema\\\/logo\\\/image\\\/\"},\"sameAs\":[\"https:\\\/\\\/www.facebook.com\\\/BTHKurumu\",\"https:\\\/\\\/www.instagram.com\\\/kktcbthk?igsh=NzMxa20zc3QydHBi\"]}]}<\/script>\n<!-- \/ Yoast SEO plugin. -->","yoast_head_json":{"title":"Frekans Plan\u0131 - Bilgi Teknolojileri ve Haberle\u015fme Kurumu","robots":{"index":"index","follow":"follow","max-snippet":"max-snippet:-1","max-image-preview":"max-image-preview:large","max-video-preview":"max-video-preview:-1"},"canonical":"https:\/\/www.bthk.org\/en\/frekans-plani\/","og_locale":"en_GB","og_type":"article","og_title":"Frekans Plan\u0131 - Bilgi Teknolojileri ve Haberle\u015fme Kurumu","og_description":"Frekans Plan\u0131 KKTC Ulusal Frekans Plan\u0131 RL Detay Frekans Plan\u0131 Say\u0131s\u0131 S\u0131n\u0131rland\u0131r\u0131lm\u0131\u015f Bireysel Kullan\u0131m Hakk\u0131 Frekans Bandlar\u0131 ve Resmi Gazetede Yay\u0131mlanan Karar","og_url":"https:\/\/www.bthk.org\/en\/frekans-plani\/","og_site_name":"Bilgi Teknolojileri ve Haberle\u015fme Kurumu","article_publisher":"https:\/\/www.facebook.com\/BTHKurumu","article_modified_time":"2025-07-13T04:21:29+00:00","twitter_card":"summary_large_image","twitter_misc":{"Estimated reading time":"1 minute"},"schema":{"@context":"https:\/\/schema.org","@graph":[{"@type":"WebPage","@id":"https:\/\/www.bthk.org\/frekans-plani\/","url":"https:\/\/www.bthk.org\/frekans-plani\/","name":"Frekans Plan\u0131 - Bilgi Teknolojileri ve Haberle\u015fme Kurumu","isPartOf":{"@id":"https:\/\/www.bthk.org\/#website"},"datePublished":"2025-06-12T12:15:44+00:00","dateModified":"2025-07-13T04:21:29+00:00","breadcrumb":{"@id":"https:\/\/www.bthk.org\/frekans-plani\/#breadcrumb"},"inLanguage":"en-GB","potentialAction":[{"@type":"ReadAction","target":["https:\/\/www.bthk.org\/frekans-plani\/"]}]},{"@type":"BreadcrumbList","@id":"https:\/\/www.bthk.org\/frekans-plani\/#breadcrumb","itemListElement":[{"@type":"ListItem","position":1,"name":"Anasayfa","item":"https:\/\/www.bthk.org\/"},{"@type":"ListItem","position":2,"name":"Frekans Plan\u0131"}]},{"@type":"WebSite","@id":"https:\/\/www.bthk.org\/#website","url":"https:\/\/www.bthk.org\/","name":"Bilgi Teknolojileri ve Haberle\u015fme Kurumu","description":"","publisher":{"@id":"https:\/\/www.bthk.org\/#organization"},"potentialAction":[{"@type":"SearchAction","target":{"@type":"EntryPoint","urlTemplate":"https:\/\/www.bthk.org\/?s={search_term_string}"},"query-input":{"@type":"PropertyValueSpecification","valueRequired":true,"valueName":"search_term_string"}}],"inLanguage":"en-GB"},{"@type":"Organization","@id":"https:\/\/www.bthk.org\/#organization","name":"Bilgi Teknolojileri ve Haberle\u015fme Kurumu","url":"https:\/\/www.bthk.org\/","logo":{"@type":"ImageObject","inLanguage":"en-GB","@id":"https:\/\/www.bthk.org\/#\/schema\/logo\/image\/","url":"https:\/\/www.bthk.org\/wp-content\/uploads\/2025\/05\/bthk-logo.png","contentUrl":"https:\/\/www.bthk.org\/wp-content\/uploads\/2025\/05\/bthk-logo.png","width":278,"height":130,"caption":"Bilgi Teknolojileri ve Haberle\u015fme Kurumu"},"image":{"@id":"https:\/\/www.bthk.org\/#\/schema\/logo\/image\/"},"sameAs":["https:\/\/www.facebook.com\/BTHKurumu","https:\/\/www.instagram.com\/kktcbthk?igsh=NzMxa20zc3QydHBi"]}]}},"_links":{"self":[{"href":"https:\/\/www.bthk.org\/en\/wp-json\/wp\/v2\/pages\/1454","targetHints":{"allow":["GET"]}}],"collection":[{"href":"https:\/\/www.bthk.org\/en\/wp-json\/wp\/v2\/pages"}],"about":[{"href":"https:\/\/www.bthk.org\/en\/wp-json\/wp\/v2\/types\/page"}],"author":[{"embeddable":true,"href":"https:\/\/www.bthk.org\/en\/wp-json\/wp\/v2\/users\/2"}],"replies":[{"embeddable":true,"href":"https:\/\/www.bthk.org\/en\/wp-json\/wp\/v2\/comments?post=1454"}],"version-history":[{"count":0,"href":"https:\/\/www.bthk.org\/en\/wp-json\/wp\/v2\/pages\/1454\/revisions"}],"wp:attachment":[{"href":"https:\/\/www.bthk.org\/en\/wp-json\/wp\/v2\/media?parent=1454"}],"curies":[{"name":"wp","href":"https:\/\/api.w.org\/{rel}","templated":true}]}}