{"id":1145,"date":"2025-06-11T12:36:12","date_gmt":"2025-06-11T09:36:12","guid":{"rendered":"https:\/\/bthk.iseri.net\/?page_id=1145"},"modified":"2025-09-22T11:31:17","modified_gmt":"2025-09-22T08:31:17","slug":"yasa-gucunde-kararname","status":"publish","type":"page","link":"https:\/\/www.bthk.org\/en\/yasa-gucunde-kararname\/","title":{"rendered":"Decree Law"},"content":{"rendered":"<div data-elementor-type=\"wp-page\" data-elementor-id=\"1145\" class=\"elementor elementor-1145\" data-elementor-post-type=\"page\">\n\t\t\t\t<div class=\"elementor-element elementor-element-eb85949 e-flex e-con-boxed e-con e-parent\" data-id=\"eb85949\" data-element_type=\"container\" data-e-type=\"container\">\n\t\t\t\t\t<div class=\"e-con-inner\">\n\t\t\t\t<div class=\"elementor-element elementor-element-6e70f29 elementor-widget elementor-widget-heading\" data-id=\"6e70f29\" data-element_type=\"widget\" data-e-type=\"widget\" data-widget_type=\"heading.default\">\n\t\t\t\t<div class=\"elementor-widget-container\">\n\t\t\t\t\t<h2 class=\"elementor-heading-title elementor-size-default\">Decree Law<\/h2>\t\t\t\t<\/div>\n\t\t\t\t<\/div>\n\t\t\t\t\t<\/div>\n\t\t\t\t<\/div>\n\t\t<div class=\"elementor-element elementor-element-2477431 e-flex e-con-boxed elementor-invisible e-con e-parent\" data-id=\"2477431\" data-element_type=\"container\" data-e-type=\"container\" data-settings=\"{&quot;animation&quot;:&quot;xpro-anim-mask-from-up&quot;}\">\n\t\t\t\t\t<div class=\"e-con-inner\">\n\t\t\t\t<div class=\"elementor-element elementor-element-dde076b animated-slow elementor-widget-divider--view-line elementor-invisible elementor-widget elementor-widget-divider\" data-id=\"dde076b\" data-element_type=\"widget\" data-e-type=\"widget\" data-settings=\"{&quot;xpro_elementor_floating_fx&quot;:&quot;yes&quot;,&quot;_animation&quot;:&quot;zoomIn&quot;}\" data-widget_type=\"divider.default\">\n\t\t\t\t<div class=\"elementor-widget-container\">\n\t\t\t\t\t\t\t<div class=\"elementor-divider\">\n\t\t\t<span class=\"elementor-divider-separator\">\n\t\t\t\t\t\t<\/span>\n\t\t<\/div>\n\t\t\t\t\t\t<\/div>\n\t\t\t\t<\/div>\n\t\t\t\t<div class=\"elementor-element elementor-element-cc1ed23 elementor-icon-list--layout-traditional elementor-list-item-link-full_width elementor-widget elementor-widget-icon-list\" data-id=\"cc1ed23\" data-element_type=\"widget\" data-e-type=\"widget\" data-widget_type=\"icon-list.default\">\n\t\t\t\t<div class=\"elementor-widget-container\">\n\t\t\t\t\t\t\t<ul class=\"elementor-icon-list-items\">\n\t\t\t\t\t\t\t<li class=\"elementor-icon-list-item\">\n\t\t\t\t\t\t\t\t\t\t\t<a href=\"https:\/\/www.bthk.org\/en\/Yasa%20G%C3%BCc%C3%BCnde%20Kararname%20_%20BTHK_files\/7cetveltelsiz.docx%20\/\">\n\n\t\t\t\t\t\t\t\t\t\t\t\t<span class=\"elementor-icon-list-icon\">\n\t\t\t\t\t\t\t<svg aria-hidden=\"true\" class=\"e-font-icon-svg e-fas-check-circle\" viewbox=\"0 0 512 512\" xmlns=\"http:\/\/www.w3.org\/2000\/svg\"><path d=\"M504 256c0 136.967-111.033 248-248 248S8 392.967 8 256 119.033 8 256 8s248 111.033 248 248zM227.314 387.314l184-184c6.248-6.248 6.248-16.379 0-22.627l-22.627-22.627c-6.248-6.249-16.379-6.249-22.628 0L216 308.118l-70.059-70.059c-6.248-6.248-16.379-6.248-22.628 0l-22.627 22.627c-6.248 6.248-6.248 16.379 0 22.627l104 104c6.249 6.249 16.379 6.249 22.628.001z\"><\/path><\/svg>\t\t\t\t\t\t<\/span>\n\t\t\t\t\t\t\t\t\t\t<span class=\"elementor-icon-list-text\">Decree Law on the Regulation of Radio Usage Fees Collected Under the Seventh Schedule and Frequency Allocation and Usage Fees Collected Under the Eighth Schedule of the Electronic Communications Law No. 6\/2012 (Dated January 30, 2025)<\/span>\n\t\t\t\t\t\t\t\t\t\t\t<\/a>\n\t\t\t\t\t\t\t\t\t<\/li>\n\t\t\t\t\t\t<\/ul>\n\t\t\t\t\t\t<\/div>\n\t\t\t\t<\/div>\n\t\t\t\t\t<\/div>\n\t\t\t\t<\/div>\n\t\t<div class=\"elementor-element elementor-element-1e300eb e-flex e-con-boxed elementor-invisible e-con e-parent\" data-id=\"1e300eb\" data-element_type=\"container\" data-e-type=\"container\" data-settings=\"{&quot;animation&quot;:&quot;xpro-anim-mask-from-up&quot;,&quot;animation_delay&quot;:400}\">\n\t\t\t\t\t<div class=\"e-con-inner\">\n\t\t\t\t<div class=\"elementor-element elementor-element-ab9a590 elementor-icon-list--layout-traditional elementor-list-item-link-full_width elementor-widget elementor-widget-icon-list\" data-id=\"ab9a590\" data-element_type=\"widget\" data-e-type=\"widget\" data-widget_type=\"icon-list.default\">\n\t\t\t\t<div class=\"elementor-widget-container\">\n\t\t\t\t\t\t\t<ul class=\"elementor-icon-list-items\">\n\t\t\t\t\t\t\t<li class=\"elementor-icon-list-item\">\n\t\t\t\t\t\t\t\t\t\t\t<a href=\"https:\/\/www.bthk.org\/Documents\/frekansucret.pdf\" target=\"_blank\">\n\n\t\t\t\t\t\t\t\t\t\t\t\t<span class=\"elementor-icon-list-icon\">\n\t\t\t\t\t\t\t<svg aria-hidden=\"true\" class=\"e-font-icon-svg e-fas-check-circle\" viewbox=\"0 0 512 512\" xmlns=\"http:\/\/www.w3.org\/2000\/svg\"><path d=\"M504 256c0 136.967-111.033 248-248 248S8 392.967 8 256 119.033 8 256 8s248 111.033 248 248zM227.314 387.314l184-184c6.248-6.248 6.248-16.379 0-22.627l-22.627-22.627c-6.248-6.249-16.379-6.249-22.628 0L216 308.118l-70.059-70.059c-6.248-6.248-16.379-6.248-22.628 0l-22.627 22.627c-6.248 6.248-6.248 16.379 0 22.627l104 104c6.249 6.249 16.379 6.249 22.628.001z\"><\/path><\/svg>\t\t\t\t\t\t<\/span>\n\t\t\t\t\t\t\t\t\t\t<span class=\"elementor-icon-list-text\">Decree Law on the Regulation of Radio Usage Fees Collected Under the Seventh Schedule of Electronic Communications Law No. 6\/2012 (Dated August 29, 2023)<\/span>\n\t\t\t\t\t\t\t\t\t\t\t<\/a>\n\t\t\t\t\t\t\t\t\t<\/li>\n\t\t\t\t\t\t<\/ul>\n\t\t\t\t\t\t<\/div>\n\t\t\t\t<\/div>\n\t\t\t\t\t<\/div>\n\t\t\t\t<\/div>\n\t\t\t\t<\/div>","protected":false},"excerpt":{"rendered":"<p>Yasa G\u00fcc\u00fcnde Kararname 6\/2012 SAYILI ELEKTRON\u0130K HABERLE\u015eME YASASI&#8217;NIN YED\u0130NC\u0130 CETVEL\u0130 UYARINCA ALINAN TELS\u0130Z KULLANIM \u00dcCRETLER\u0130 \u0130LE SEK\u0130Z\u0130NC\u0130 CETVEL\u0130 UYARINCA ALINAN FREKANS TAHS\u0130S VE KULLANIM \u00dcCRETLER\u0130N\u0130N D\u00dcZENLENMES\u0130 HAKKINDA YASA G\u00dcC\u00dcNDE KARARNAME (30 Ocak 2025) 6\/2012 SAYILI ELEKTRON\u0130K HABERLE\u015eME YASASI&#8217;NIN YED\u0130NC\u0130 CETVEL\u0130 UYARINCA ALINAN TELS\u0130Z KULLANIM \u00dcCRETLER\u0130N\u0130N D\u00dcZENLENMES\u0130 HAKKINDA YASA G\u00dcC\u00dcNDE KARARNAME (29 A\u011fustos 2023)<\/p>","protected":false},"author":2,"featured_media":0,"parent":0,"menu_order":0,"comment_status":"closed","ping_status":"closed","template":"elementor_header_footer","meta":{"_kad_post_transparent":"default","_kad_post_title":"hide","_kad_post_layout":"fullwidth","_kad_post_sidebar_id":"","_kad_post_content_style":"unboxed","_kad_post_vertical_padding":"hide","_kad_post_feature":"hide","_kad_post_feature_position":"","_kad_post_header":false,"_kad_post_footer":false,"_kad_post_classname":"","footnotes":""},"class_list":["post-1145","page","type-page","status-publish","hentry"],"yoast_head":"<!-- This site is optimized with the Yoast SEO plugin v27.4 - https:\/\/yoast.com\/product\/yoast-seo-wordpress\/ -->\n<title>Yasa G\u00fcc\u00fcnde Kararname - Bilgi Teknolojileri ve Haberle\u015fme Kurumu<\/title>\n<meta name=\"robots\" content=\"index, follow, max-snippet:-1, max-image-preview:large, max-video-preview:-1\" \/>\n<link rel=\"canonical\" href=\"https:\/\/www.bthk.org\/en\/yasa-gucunde-kararname\/\" \/>\n<meta property=\"og:locale\" content=\"en_GB\" \/>\n<meta property=\"og:type\" content=\"article\" \/>\n<meta property=\"og:title\" content=\"Yasa G\u00fcc\u00fcnde Kararname - Bilgi Teknolojileri ve Haberle\u015fme Kurumu\" \/>\n<meta property=\"og:description\" content=\"Yasa G\u00fcc\u00fcnde Kararname 6\/2012 SAYILI ELEKTRON\u0130K HABERLE\u015eME YASASI&#8217;NIN YED\u0130NC\u0130 CETVEL\u0130 UYARINCA ALINAN TELS\u0130Z KULLANIM \u00dcCRETLER\u0130 \u0130LE SEK\u0130Z\u0130NC\u0130 CETVEL\u0130 UYARINCA ALINAN FREKANS TAHS\u0130S VE KULLANIM \u00dcCRETLER\u0130N\u0130N D\u00dcZENLENMES\u0130 HAKKINDA YASA G\u00dcC\u00dcNDE KARARNAME (30 Ocak 2025) 6\/2012 SAYILI ELEKTRON\u0130K HABERLE\u015eME YASASI&#8217;NIN YED\u0130NC\u0130 CETVEL\u0130 UYARINCA ALINAN TELS\u0130Z KULLANIM \u00dcCRETLER\u0130N\u0130N D\u00dcZENLENMES\u0130 HAKKINDA YASA G\u00dcC\u00dcNDE KARARNAME (29 A\u011fustos 2023)\" \/>\n<meta property=\"og:url\" content=\"https:\/\/www.bthk.org\/en\/yasa-gucunde-kararname\/\" \/>\n<meta property=\"og:site_name\" content=\"Bilgi Teknolojileri ve Haberle\u015fme Kurumu\" \/>\n<meta property=\"article:publisher\" content=\"https:\/\/www.facebook.com\/BTHKurumu\" \/>\n<meta property=\"article:modified_time\" content=\"2025-09-22T08:31:17+00:00\" \/>\n<meta name=\"twitter:card\" content=\"summary_large_image\" \/>\n<meta name=\"twitter:label1\" content=\"Estimated reading time\" \/>\n\t<meta name=\"twitter:data1\" content=\"1 minute\" \/>\n<script type=\"application\/ld+json\" class=\"yoast-schema-graph\">{\"@context\":\"https:\\\/\\\/schema.org\",\"@graph\":[{\"@type\":\"WebPage\",\"@id\":\"https:\\\/\\\/www.bthk.org\\\/yasa-gucunde-kararname\\\/\",\"url\":\"https:\\\/\\\/www.bthk.org\\\/yasa-gucunde-kararname\\\/\",\"name\":\"Yasa G\u00fcc\u00fcnde Kararname - Bilgi Teknolojileri ve Haberle\u015fme Kurumu\",\"isPartOf\":{\"@id\":\"https:\\\/\\\/www.bthk.org\\\/#website\"},\"datePublished\":\"2025-06-11T09:36:12+00:00\",\"dateModified\":\"2025-09-22T08:31:17+00:00\",\"breadcrumb\":{\"@id\":\"https:\\\/\\\/www.bthk.org\\\/yasa-gucunde-kararname\\\/#breadcrumb\"},\"inLanguage\":\"en-GB\",\"potentialAction\":[{\"@type\":\"ReadAction\",\"target\":[\"https:\\\/\\\/www.bthk.org\\\/yasa-gucunde-kararname\\\/\"]}]},{\"@type\":\"BreadcrumbList\",\"@id\":\"https:\\\/\\\/www.bthk.org\\\/yasa-gucunde-kararname\\\/#breadcrumb\",\"itemListElement\":[{\"@type\":\"ListItem\",\"position\":1,\"name\":\"Anasayfa\",\"item\":\"https:\\\/\\\/www.bthk.org\\\/\"},{\"@type\":\"ListItem\",\"position\":2,\"name\":\"Yasa G\u00fcc\u00fcnde Kararname\"}]},{\"@type\":\"WebSite\",\"@id\":\"https:\\\/\\\/www.bthk.org\\\/#website\",\"url\":\"https:\\\/\\\/www.bthk.org\\\/\",\"name\":\"Bilgi Teknolojileri ve Haberle\u015fme Kurumu\",\"description\":\"\",\"publisher\":{\"@id\":\"https:\\\/\\\/www.bthk.org\\\/#organization\"},\"potentialAction\":[{\"@type\":\"SearchAction\",\"target\":{\"@type\":\"EntryPoint\",\"urlTemplate\":\"https:\\\/\\\/www.bthk.org\\\/?s={search_term_string}\"},\"query-input\":{\"@type\":\"PropertyValueSpecification\",\"valueRequired\":true,\"valueName\":\"search_term_string\"}}],\"inLanguage\":\"en-GB\"},{\"@type\":\"Organization\",\"@id\":\"https:\\\/\\\/www.bthk.org\\\/#organization\",\"name\":\"Bilgi Teknolojileri ve Haberle\u015fme Kurumu\",\"url\":\"https:\\\/\\\/www.bthk.org\\\/\",\"logo\":{\"@type\":\"ImageObject\",\"inLanguage\":\"en-GB\",\"@id\":\"https:\\\/\\\/www.bthk.org\\\/#\\\/schema\\\/logo\\\/image\\\/\",\"url\":\"https:\\\/\\\/www.bthk.org\\\/wp-content\\\/uploads\\\/2025\\\/05\\\/bthk-logo.png\",\"contentUrl\":\"https:\\\/\\\/www.bthk.org\\\/wp-content\\\/uploads\\\/2025\\\/05\\\/bthk-logo.png\",\"width\":278,\"height\":130,\"caption\":\"Bilgi Teknolojileri ve Haberle\u015fme Kurumu\"},\"image\":{\"@id\":\"https:\\\/\\\/www.bthk.org\\\/#\\\/schema\\\/logo\\\/image\\\/\"},\"sameAs\":[\"https:\\\/\\\/www.facebook.com\\\/BTHKurumu\",\"https:\\\/\\\/www.instagram.com\\\/kktcbthk?igsh=NzMxa20zc3QydHBi\"]}]}<\/script>\n<!-- \/ Yoast SEO plugin. -->","yoast_head_json":{"title":"Yasa G\u00fcc\u00fcnde Kararname - Bilgi Teknolojileri ve Haberle\u015fme Kurumu","robots":{"index":"index","follow":"follow","max-snippet":"max-snippet:-1","max-image-preview":"max-image-preview:large","max-video-preview":"max-video-preview:-1"},"canonical":"https:\/\/www.bthk.org\/en\/yasa-gucunde-kararname\/","og_locale":"en_GB","og_type":"article","og_title":"Yasa G\u00fcc\u00fcnde Kararname - Bilgi Teknolojileri ve Haberle\u015fme Kurumu","og_description":"Yasa G\u00fcc\u00fcnde Kararname 6\/2012 SAYILI ELEKTRON\u0130K HABERLE\u015eME YASASI&#8217;NIN YED\u0130NC\u0130 CETVEL\u0130 UYARINCA ALINAN TELS\u0130Z KULLANIM \u00dcCRETLER\u0130 \u0130LE SEK\u0130Z\u0130NC\u0130 CETVEL\u0130 UYARINCA ALINAN FREKANS TAHS\u0130S VE KULLANIM \u00dcCRETLER\u0130N\u0130N D\u00dcZENLENMES\u0130 HAKKINDA YASA G\u00dcC\u00dcNDE KARARNAME (30 Ocak 2025) 6\/2012 SAYILI ELEKTRON\u0130K HABERLE\u015eME YASASI&#8217;NIN YED\u0130NC\u0130 CETVEL\u0130 UYARINCA ALINAN TELS\u0130Z KULLANIM \u00dcCRETLER\u0130N\u0130N D\u00dcZENLENMES\u0130 HAKKINDA YASA G\u00dcC\u00dcNDE KARARNAME (29 A\u011fustos 2023)","og_url":"https:\/\/www.bthk.org\/en\/yasa-gucunde-kararname\/","og_site_name":"Bilgi Teknolojileri ve Haberle\u015fme Kurumu","article_publisher":"https:\/\/www.facebook.com\/BTHKurumu","article_modified_time":"2025-09-22T08:31:17+00:00","twitter_card":"summary_large_image","twitter_misc":{"Estimated reading time":"1 minute"},"schema":{"@context":"https:\/\/schema.org","@graph":[{"@type":"WebPage","@id":"https:\/\/www.bthk.org\/yasa-gucunde-kararname\/","url":"https:\/\/www.bthk.org\/yasa-gucunde-kararname\/","name":"Yasa G\u00fcc\u00fcnde Kararname - Bilgi Teknolojileri ve Haberle\u015fme Kurumu","isPartOf":{"@id":"https:\/\/www.bthk.org\/#website"},"datePublished":"2025-06-11T09:36:12+00:00","dateModified":"2025-09-22T08:31:17+00:00","breadcrumb":{"@id":"https:\/\/www.bthk.org\/yasa-gucunde-kararname\/#breadcrumb"},"inLanguage":"en-GB","potentialAction":[{"@type":"ReadAction","target":["https:\/\/www.bthk.org\/yasa-gucunde-kararname\/"]}]},{"@type":"BreadcrumbList","@id":"https:\/\/www.bthk.org\/yasa-gucunde-kararname\/#breadcrumb","itemListElement":[{"@type":"ListItem","position":1,"name":"Anasayfa","item":"https:\/\/www.bthk.org\/"},{"@type":"ListItem","position":2,"name":"Yasa G\u00fcc\u00fcnde Kararname"}]},{"@type":"WebSite","@id":"https:\/\/www.bthk.org\/#website","url":"https:\/\/www.bthk.org\/","name":"Bilgi Teknolojileri ve Haberle\u015fme Kurumu","description":"","publisher":{"@id":"https:\/\/www.bthk.org\/#organization"},"potentialAction":[{"@type":"SearchAction","target":{"@type":"EntryPoint","urlTemplate":"https:\/\/www.bthk.org\/?s={search_term_string}"},"query-input":{"@type":"PropertyValueSpecification","valueRequired":true,"valueName":"search_term_string"}}],"inLanguage":"en-GB"},{"@type":"Organization","@id":"https:\/\/www.bthk.org\/#organization","name":"Bilgi Teknolojileri ve Haberle\u015fme Kurumu","url":"https:\/\/www.bthk.org\/","logo":{"@type":"ImageObject","inLanguage":"en-GB","@id":"https:\/\/www.bthk.org\/#\/schema\/logo\/image\/","url":"https:\/\/www.bthk.org\/wp-content\/uploads\/2025\/05\/bthk-logo.png","contentUrl":"https:\/\/www.bthk.org\/wp-content\/uploads\/2025\/05\/bthk-logo.png","width":278,"height":130,"caption":"Bilgi Teknolojileri ve Haberle\u015fme Kurumu"},"image":{"@id":"https:\/\/www.bthk.org\/#\/schema\/logo\/image\/"},"sameAs":["https:\/\/www.facebook.com\/BTHKurumu","https:\/\/www.instagram.com\/kktcbthk?igsh=NzMxa20zc3QydHBi"]}]}},"_links":{"self":[{"href":"https:\/\/www.bthk.org\/en\/wp-json\/wp\/v2\/pages\/1145","targetHints":{"allow":["GET"]}}],"collection":[{"href":"https:\/\/www.bthk.org\/en\/wp-json\/wp\/v2\/pages"}],"about":[{"href":"https:\/\/www.bthk.org\/en\/wp-json\/wp\/v2\/types\/page"}],"author":[{"embeddable":true,"href":"https:\/\/www.bthk.org\/en\/wp-json\/wp\/v2\/users\/2"}],"replies":[{"embeddable":true,"href":"https:\/\/www.bthk.org\/en\/wp-json\/wp\/v2\/comments?post=1145"}],"version-history":[{"count":0,"href":"https:\/\/www.bthk.org\/en\/wp-json\/wp\/v2\/pages\/1145\/revisions"}],"wp:attachment":[{"href":"https:\/\/www.bthk.org\/en\/wp-json\/wp\/v2\/media?parent=1145"}],"curies":[{"name":"wp","href":"https:\/\/api.w.org\/{rel}","templated":true}]}}