{"id":1108,"date":"2025-06-11T11:29:26","date_gmt":"2025-06-11T08:29:26","guid":{"rendered":"https:\/\/bthk.iseri.net\/?page_id=1108"},"modified":"2025-06-17T07:11:36","modified_gmt":"2025-06-17T04:11:36","slug":"elektronik-sertifika-hizmet-saglayicilar","status":"publish","type":"page","link":"https:\/\/www.bthk.org\/en\/elektronik-sertifika-hizmet-saglayicilar\/","title":{"rendered":"Electronic Certification Service Providers"},"content":{"rendered":"<div data-elementor-type=\"wp-page\" data-elementor-id=\"1108\" class=\"elementor elementor-1108\" data-elementor-post-type=\"page\">\n\t\t\t\t<div class=\"elementor-element elementor-element-ac44663 e-flex e-con-boxed e-con e-parent\" data-id=\"ac44663\" data-element_type=\"container\" data-e-type=\"container\">\n\t\t\t\t\t<div class=\"e-con-inner\">\n\t\t\t\t<div class=\"elementor-element elementor-element-c4e64bd elementor-widget elementor-widget-heading\" data-id=\"c4e64bd\" data-element_type=\"widget\" data-e-type=\"widget\" data-widget_type=\"heading.default\">\n\t\t\t\t<div class=\"elementor-widget-container\">\n\t\t\t\t\t<h2 class=\"elementor-heading-title elementor-size-default\">Electronic Certification Service Providers<\/h2>\t\t\t\t<\/div>\n\t\t\t\t<\/div>\n\t\t\t\t<div class=\"elementor-element elementor-element-05582d9 animated-slow elementor-widget-divider--view-line elementor-invisible elementor-widget elementor-widget-divider\" data-id=\"05582d9\" data-element_type=\"widget\" data-e-type=\"widget\" data-settings=\"{&quot;_animation&quot;:&quot;zoomIn&quot;}\" data-widget_type=\"divider.default\">\n\t\t\t\t<div class=\"elementor-widget-container\">\n\t\t\t\t\t\t\t<div class=\"elementor-divider\">\n\t\t\t<span class=\"elementor-divider-separator\">\n\t\t\t\t\t\t<\/span>\n\t\t<\/div>\n\t\t\t\t\t\t<\/div>\n\t\t\t\t<\/div>\n\t\t\t\t\t<\/div>\n\t\t\t\t<\/div>\n\t\t<div class=\"elementor-element elementor-element-c7ceb6e e-flex e-con-boxed e-con e-parent\" data-id=\"c7ceb6e\" data-element_type=\"container\" data-e-type=\"container\">\n\t\t\t\t\t<div class=\"e-con-inner\">\n\t\t\t\t<div class=\"elementor-element elementor-element-a148e38 elementor-widget elementor-widget-text-editor\" data-id=\"a148e38\" data-element_type=\"widget\" data-e-type=\"widget\" data-widget_type=\"text-editor.default\">\n\t\t\t\t<div class=\"elementor-widget-container\">\n\t\t\t\t\t\t\t\t\t<div class=\"kurum-karti\"><div><h3>TRNC Public Certification Authority<\/h3><div class=\"bilgi\"><strong>Address:<\/strong> No. 3, Sel\u00e7uklu Avenue, Bakanl\u0131klar Road<\/div><div class=\"bilgi\"><strong>District:<\/strong> Nicosia<\/div><div class=\"bilgi\"><strong>Phone:<\/strong> 0392-6111111<\/div><div class=\"bilgi\"><strong>Fax:<\/strong><\/div><\/div><\/div><div class=\"kurum-karti\"><div><h3>Denizler Information Technologies Ltd. (e-Signature CYPRUS)<\/h3><div class=\"bilgi\"><strong>Address:<\/strong> No. 10, Mehmet Ertu\u011frulo\u011flu Street, D-4 Kumsal<\/div><div class=\"bilgi\"><strong>District:<\/strong> Nicosia<\/div><div class=\"bilgi\"><strong>Phone:<\/strong> (+90) 392 2280960<\/div><div class=\"bilgi\"><strong>Fax:<\/strong> (+90) 548 8662279<\/div><\/div><\/div>\t\t\t\t\t\t\t\t<\/div>\n\t\t\t\t<\/div>\n\t\t\t\t\t<\/div>\n\t\t\t\t<\/div>\n\t\t<div class=\"elementor-element elementor-element-a7ab21f e-flex e-con-boxed e-con e-parent\" data-id=\"a7ab21f\" data-element_type=\"container\" data-e-type=\"container\">\n\t\t\t\t\t<div class=\"e-con-inner\">\n\t\t\t\t<div class=\"elementor-element elementor-element-c45698f elementor-widget elementor-widget-spacer\" data-id=\"c45698f\" data-element_type=\"widget\" data-e-type=\"widget\" data-widget_type=\"spacer.default\">\n\t\t\t\t<div class=\"elementor-widget-container\">\n\t\t\t\t\t\t\t<div class=\"elementor-spacer\">\n\t\t\t<div class=\"elementor-spacer-inner\"><\/div>\n\t\t<\/div>\n\t\t\t\t\t\t<\/div>\n\t\t\t\t<\/div>\n\t\t\t\t\t<\/div>\n\t\t\t\t<\/div>\n\t\t\t\t<\/div>","protected":false},"excerpt":{"rendered":"<p>Elektronik Sertifika Hizmet Sa\u011flay\u0131c\u0131lar KKTC Kamu Sertifikasyon Merkezi Adres: Bakanl\u0131klar Yolu, Sel\u00e7uklu Caddesi, No:3\u0130l\u00e7e: Lefko\u015faTelefon: 0392-6111111Fax: Denizler Bili\u015fim Hizmetleri Limited (e-imza KIBRIS) Adres: Mehmet Ertu\u011frulo\u011flu Sokak No.10, D-4 Kumsal\u0130l\u00e7e: Lefko\u015faTelefon: (+90) 392 2280960Fax: (+90) 548 8662279<\/p>","protected":false},"author":2,"featured_media":0,"parent":0,"menu_order":0,"comment_status":"closed","ping_status":"closed","template":"","meta":{"_kad_post_transparent":"","_kad_post_title":"hide","_kad_post_layout":"fullwidth","_kad_post_sidebar_id":"","_kad_post_content_style":"unboxed","_kad_post_vertical_padding":"hide","_kad_post_feature":"hide","_kad_post_feature_position":"","_kad_post_header":false,"_kad_post_footer":false,"_kad_post_classname":"","footnotes":""},"class_list":["post-1108","page","type-page","status-publish","hentry"],"yoast_head":"<!-- This site is optimized with the Yoast SEO plugin v27.4 - https:\/\/yoast.com\/product\/yoast-seo-wordpress\/ -->\n<title>Elektronik Sertifika Hizmet Sa\u011flay\u0131c\u0131lar - Bilgi Teknolojileri ve Haberle\u015fme Kurumu<\/title>\n<meta name=\"robots\" content=\"index, follow, max-snippet:-1, max-image-preview:large, max-video-preview:-1\" \/>\n<link rel=\"canonical\" href=\"https:\/\/www.bthk.org\/en\/elektronik-sertifika-hizmet-saglayicilar\/\" \/>\n<meta property=\"og:locale\" content=\"en_GB\" \/>\n<meta property=\"og:type\" content=\"article\" \/>\n<meta property=\"og:title\" content=\"Elektronik Sertifika Hizmet Sa\u011flay\u0131c\u0131lar - Bilgi Teknolojileri ve Haberle\u015fme Kurumu\" \/>\n<meta property=\"og:description\" content=\"Elektronik Sertifika Hizmet Sa\u011flay\u0131c\u0131lar KKTC Kamu Sertifikasyon Merkezi Adres: Bakanl\u0131klar Yolu, Sel\u00e7uklu Caddesi, No:3\u0130l\u00e7e: Lefko\u015faTelefon: 0392-6111111Fax: Denizler Bili\u015fim Hizmetleri Limited (e-imza KIBRIS) Adres: Mehmet Ertu\u011frulo\u011flu Sokak No.10, D-4 Kumsal\u0130l\u00e7e: Lefko\u015faTelefon: (+90) 392 2280960Fax: (+90) 548 8662279\" \/>\n<meta property=\"og:url\" content=\"https:\/\/www.bthk.org\/en\/elektronik-sertifika-hizmet-saglayicilar\/\" \/>\n<meta property=\"og:site_name\" content=\"Bilgi Teknolojileri ve Haberle\u015fme Kurumu\" \/>\n<meta property=\"article:publisher\" content=\"https:\/\/www.facebook.com\/BTHKurumu\" \/>\n<meta property=\"article:modified_time\" content=\"2025-06-17T04:11:36+00:00\" \/>\n<meta name=\"twitter:card\" content=\"summary_large_image\" \/>\n<script type=\"application\/ld+json\" class=\"yoast-schema-graph\">{\"@context\":\"https:\\\/\\\/schema.org\",\"@graph\":[{\"@type\":\"WebPage\",\"@id\":\"https:\\\/\\\/www.bthk.org\\\/elektronik-sertifika-hizmet-saglayicilar\\\/\",\"url\":\"https:\\\/\\\/www.bthk.org\\\/elektronik-sertifika-hizmet-saglayicilar\\\/\",\"name\":\"Elektronik Sertifika Hizmet Sa\u011flay\u0131c\u0131lar - Bilgi Teknolojileri ve Haberle\u015fme Kurumu\",\"isPartOf\":{\"@id\":\"https:\\\/\\\/www.bthk.org\\\/#website\"},\"datePublished\":\"2025-06-11T08:29:26+00:00\",\"dateModified\":\"2025-06-17T04:11:36+00:00\",\"breadcrumb\":{\"@id\":\"https:\\\/\\\/www.bthk.org\\\/elektronik-sertifika-hizmet-saglayicilar\\\/#breadcrumb\"},\"inLanguage\":\"en-GB\",\"potentialAction\":[{\"@type\":\"ReadAction\",\"target\":[\"https:\\\/\\\/www.bthk.org\\\/elektronik-sertifika-hizmet-saglayicilar\\\/\"]}]},{\"@type\":\"BreadcrumbList\",\"@id\":\"https:\\\/\\\/www.bthk.org\\\/elektronik-sertifika-hizmet-saglayicilar\\\/#breadcrumb\",\"itemListElement\":[{\"@type\":\"ListItem\",\"position\":1,\"name\":\"Anasayfa\",\"item\":\"https:\\\/\\\/www.bthk.org\\\/\"},{\"@type\":\"ListItem\",\"position\":2,\"name\":\"Elektronik Sertifika Hizmet Sa\u011flay\u0131c\u0131lar\"}]},{\"@type\":\"WebSite\",\"@id\":\"https:\\\/\\\/www.bthk.org\\\/#website\",\"url\":\"https:\\\/\\\/www.bthk.org\\\/\",\"name\":\"Bilgi Teknolojileri ve Haberle\u015fme Kurumu\",\"description\":\"\",\"publisher\":{\"@id\":\"https:\\\/\\\/www.bthk.org\\\/#organization\"},\"potentialAction\":[{\"@type\":\"SearchAction\",\"target\":{\"@type\":\"EntryPoint\",\"urlTemplate\":\"https:\\\/\\\/www.bthk.org\\\/?s={search_term_string}\"},\"query-input\":{\"@type\":\"PropertyValueSpecification\",\"valueRequired\":true,\"valueName\":\"search_term_string\"}}],\"inLanguage\":\"en-GB\"},{\"@type\":\"Organization\",\"@id\":\"https:\\\/\\\/www.bthk.org\\\/#organization\",\"name\":\"Bilgi Teknolojileri ve Haberle\u015fme Kurumu\",\"url\":\"https:\\\/\\\/www.bthk.org\\\/\",\"logo\":{\"@type\":\"ImageObject\",\"inLanguage\":\"en-GB\",\"@id\":\"https:\\\/\\\/www.bthk.org\\\/#\\\/schema\\\/logo\\\/image\\\/\",\"url\":\"https:\\\/\\\/www.bthk.org\\\/wp-content\\\/uploads\\\/2025\\\/05\\\/bthk-logo.png\",\"contentUrl\":\"https:\\\/\\\/www.bthk.org\\\/wp-content\\\/uploads\\\/2025\\\/05\\\/bthk-logo.png\",\"width\":278,\"height\":130,\"caption\":\"Bilgi Teknolojileri ve Haberle\u015fme Kurumu\"},\"image\":{\"@id\":\"https:\\\/\\\/www.bthk.org\\\/#\\\/schema\\\/logo\\\/image\\\/\"},\"sameAs\":[\"https:\\\/\\\/www.facebook.com\\\/BTHKurumu\",\"https:\\\/\\\/www.instagram.com\\\/kktcbthk?igsh=NzMxa20zc3QydHBi\"]}]}<\/script>\n<!-- \/ Yoast SEO plugin. -->","yoast_head_json":{"title":"Elektronik Sertifika Hizmet Sa\u011flay\u0131c\u0131lar - Bilgi Teknolojileri ve Haberle\u015fme Kurumu","robots":{"index":"index","follow":"follow","max-snippet":"max-snippet:-1","max-image-preview":"max-image-preview:large","max-video-preview":"max-video-preview:-1"},"canonical":"https:\/\/www.bthk.org\/en\/elektronik-sertifika-hizmet-saglayicilar\/","og_locale":"en_GB","og_type":"article","og_title":"Elektronik Sertifika Hizmet Sa\u011flay\u0131c\u0131lar - Bilgi Teknolojileri ve Haberle\u015fme Kurumu","og_description":"Elektronik Sertifika Hizmet Sa\u011flay\u0131c\u0131lar KKTC Kamu Sertifikasyon Merkezi Adres: Bakanl\u0131klar Yolu, Sel\u00e7uklu Caddesi, No:3\u0130l\u00e7e: Lefko\u015faTelefon: 0392-6111111Fax: Denizler Bili\u015fim Hizmetleri Limited (e-imza KIBRIS) Adres: Mehmet Ertu\u011frulo\u011flu Sokak No.10, D-4 Kumsal\u0130l\u00e7e: Lefko\u015faTelefon: (+90) 392 2280960Fax: (+90) 548 8662279","og_url":"https:\/\/www.bthk.org\/en\/elektronik-sertifika-hizmet-saglayicilar\/","og_site_name":"Bilgi Teknolojileri ve Haberle\u015fme Kurumu","article_publisher":"https:\/\/www.facebook.com\/BTHKurumu","article_modified_time":"2025-06-17T04:11:36+00:00","twitter_card":"summary_large_image","schema":{"@context":"https:\/\/schema.org","@graph":[{"@type":"WebPage","@id":"https:\/\/www.bthk.org\/elektronik-sertifika-hizmet-saglayicilar\/","url":"https:\/\/www.bthk.org\/elektronik-sertifika-hizmet-saglayicilar\/","name":"Elektronik Sertifika Hizmet Sa\u011flay\u0131c\u0131lar - Bilgi Teknolojileri ve Haberle\u015fme Kurumu","isPartOf":{"@id":"https:\/\/www.bthk.org\/#website"},"datePublished":"2025-06-11T08:29:26+00:00","dateModified":"2025-06-17T04:11:36+00:00","breadcrumb":{"@id":"https:\/\/www.bthk.org\/elektronik-sertifika-hizmet-saglayicilar\/#breadcrumb"},"inLanguage":"en-GB","potentialAction":[{"@type":"ReadAction","target":["https:\/\/www.bthk.org\/elektronik-sertifika-hizmet-saglayicilar\/"]}]},{"@type":"BreadcrumbList","@id":"https:\/\/www.bthk.org\/elektronik-sertifika-hizmet-saglayicilar\/#breadcrumb","itemListElement":[{"@type":"ListItem","position":1,"name":"Anasayfa","item":"https:\/\/www.bthk.org\/"},{"@type":"ListItem","position":2,"name":"Elektronik Sertifika Hizmet Sa\u011flay\u0131c\u0131lar"}]},{"@type":"WebSite","@id":"https:\/\/www.bthk.org\/#website","url":"https:\/\/www.bthk.org\/","name":"Bilgi Teknolojileri ve Haberle\u015fme Kurumu","description":"","publisher":{"@id":"https:\/\/www.bthk.org\/#organization"},"potentialAction":[{"@type":"SearchAction","target":{"@type":"EntryPoint","urlTemplate":"https:\/\/www.bthk.org\/?s={search_term_string}"},"query-input":{"@type":"PropertyValueSpecification","valueRequired":true,"valueName":"search_term_string"}}],"inLanguage":"en-GB"},{"@type":"Organization","@id":"https:\/\/www.bthk.org\/#organization","name":"Bilgi Teknolojileri ve Haberle\u015fme Kurumu","url":"https:\/\/www.bthk.org\/","logo":{"@type":"ImageObject","inLanguage":"en-GB","@id":"https:\/\/www.bthk.org\/#\/schema\/logo\/image\/","url":"https:\/\/www.bthk.org\/wp-content\/uploads\/2025\/05\/bthk-logo.png","contentUrl":"https:\/\/www.bthk.org\/wp-content\/uploads\/2025\/05\/bthk-logo.png","width":278,"height":130,"caption":"Bilgi Teknolojileri ve Haberle\u015fme Kurumu"},"image":{"@id":"https:\/\/www.bthk.org\/#\/schema\/logo\/image\/"},"sameAs":["https:\/\/www.facebook.com\/BTHKurumu","https:\/\/www.instagram.com\/kktcbthk?igsh=NzMxa20zc3QydHBi"]}]}},"_links":{"self":[{"href":"https:\/\/www.bthk.org\/en\/wp-json\/wp\/v2\/pages\/1108","targetHints":{"allow":["GET"]}}],"collection":[{"href":"https:\/\/www.bthk.org\/en\/wp-json\/wp\/v2\/pages"}],"about":[{"href":"https:\/\/www.bthk.org\/en\/wp-json\/wp\/v2\/types\/page"}],"author":[{"embeddable":true,"href":"https:\/\/www.bthk.org\/en\/wp-json\/wp\/v2\/users\/2"}],"replies":[{"embeddable":true,"href":"https:\/\/www.bthk.org\/en\/wp-json\/wp\/v2\/comments?post=1108"}],"version-history":[{"count":0,"href":"https:\/\/www.bthk.org\/en\/wp-json\/wp\/v2\/pages\/1108\/revisions"}],"wp:attachment":[{"href":"https:\/\/www.bthk.org\/en\/wp-json\/wp\/v2\/media?parent=1108"}],"curies":[{"name":"wp","href":"https:\/\/api.w.org\/{rel}","templated":true}]}}